{"id":379,"date":"2019-01-01T18:17:12","date_gmt":"2019-01-01T17:17:12","guid":{"rendered":"https:\/\/launch.pst-energie.com\/uber-uns\/"},"modified":"2026-01-19T09:46:07","modified_gmt":"2026-01-19T08:46:07","slug":"ueber-uns","status":"publish","type":"page","link":"https:\/\/orlengas.com\/de\/ueber-uns\/","title":{"rendered":"\u00dcber Uns"},"content":{"rendered":"\n<p class=\"page-lead\">ORLEN Energy Trading GmbH &#8211; ist ein junges, aufstrebendes Energiehandelshaus im Zentrum von M\u00fcnchen. Wir entwickeln faire, transparente Produkte und Dienstleistungen f\u00fcr die internationalen Energiem\u00e4rkte. Von unseren Standorten in M\u00fcnchen, Warschau und London aus handeln wir Gas, LNG und verwandte Produkte weltweit und unterst\u00fctzen unsere Stadtwerke-Partner und Industriekunden mit individuellen Energiel\u00f6sungen.<\/p>\n\n\n\n<p>Energie ist Bewegung. Sie unterliegt den Marktgesetzen von Angebot und Nachfrage und wird st\u00e4ndig von sich \u00e4ndernden Faktoren wie W\u00e4hrungsschwankungen, Wetter\u00e4nderungen, regulatorischen Rahmenbedingungen oder technologischen Innovationen beeinflusst. Unsere St\u00e4rke im Handel beruht auf langj\u00e4hriger Erfahrung, die uns hilft, die entscheidenden Einflussfaktoren fr\u00fchzeitig zu erkennen. So reagieren wir schnell, um das Preisrisiko gering zu halten und unseren Kunden und Partnern attraktive Konditionen zu bieten.<\/p>\n\n\n\n<p>ORLEN Energy Trading GmbH ist ein Teil der ORLEN-Gruppe und profitiert so auch von einer langj\u00e4hrigen Tradition in der Energiebranche. Mit Unternehmen entlang der gesamten energetischen Wertsch\u00f6pfungskette in Polen wie auch International, ist ORLEN einer der bedeutendsten europ\u00e4ischen Akteure in den Energiem\u00e4rkten. Als Teil der ORLEN-Gruppe sind wir in der Lage, unseren Kunden Liefersicherheit und Verl\u00e4sslichkeit zu bieten.<br>Wir bringen unsere St\u00e4rken ein, um attraktive Produkte zu entwickeln, die den Gegebenheiten der M\u00e4rkte entsprechen und den Bed\u00fcrfnissen unserer Kunden gerecht werden. Unsere hoch qualifizierten und engagierten Mitarbeiter bieten Ihnen als pers\u00f6nliche Ansprechpartner gerne eine service-orientierte Unterst\u00fctzung. Mit unseren kundenorientierten Energielo\u0308sungen ist es unser Ziel, weltweit Marktanteile auszubauen und diese f\u00fcr nachhaltige Partnerschaften zum beiderseitigen Vorteil zu sichern.<\/p>\n\n\n\n<p><a href=\"https:\/\/pst-energie.com\/de\/\">Lernen Sie uns kennen<\/a>, informieren Sie sich \u00fcber <a href=\"https:\/\/pst-energie.com\/de\/geschaftsfelder\/\">unsere Aktivit\u00e4ten<\/a> und z\u00f6gern Sie nicht uns zu <a href=\"https:\/\/pst-energie.com\/de\/kontakt\/\">kontaktieren<\/a>.<\/p>\n","protected":false},"excerpt":{"rendered":"<p>PST &#8211; PGNiG Supply &#038; Trading GmbH  ist ein junges, aufstrebendes Energiehandelshaus im Zentrum von M\u00fcnchen. Von unseren Standorten in M\u00fcnchen und London aus handeln wir Gas, LNG, Strom und verwandte Produkte weltweit.<\/p>\n","protected":false},"author":1,"featured_media":1318,"parent":0,"menu_order":0,"comment_status":"closed","ping_status":"closed","template":"","meta":{"_acf_changed":false,"footnotes":""},"categories":[27],"class_list":["post-379","page","type-page","status-publish","has-post-thumbnail","hentry","category-hero-de"],"acf":[],"yoast_head":"<!-- This site is optimized with the Yoast SEO plugin v27.3 - https:\/\/yoast.com\/product\/yoast-seo-wordpress\/ -->\n<title>\u00dcber Uns | ORLEN ENERGY TRADING GMBH | PST<\/title>\n<meta name=\"description\" content=\"PGNiG Supply and Trading GmbH - PST, ein junges, wachsendes Energiehandelshaus mit Hauptsitz in M\u00fcnchen. Wir handeln Erdgas, LNG, Strom, \u00d6l und Umweltprodukte und bieten unseren Partnern ma\u00dfgeschneiderte Services.\" \/>\n<meta name=\"robots\" content=\"index, follow, max-snippet:-1, max-image-preview:large, max-video-preview:-1\" \/>\n<link rel=\"canonical\" href=\"https:\/\/orlengas.com\/de\/ueber-uns\/\" \/>\n<meta property=\"og:locale\" content=\"de_DE\" \/>\n<meta property=\"og:type\" content=\"article\" \/>\n<meta property=\"og:title\" content=\"\u00dcber Uns | ORLEN ENERGY TRADING GMBH | PST\" \/>\n<meta property=\"og:description\" content=\"PGNiG Supply and Trading GmbH - PST, ein junges, wachsendes Energiehandelshaus mit Hauptsitz in M\u00fcnchen. Wir handeln Erdgas, LNG, Strom, \u00d6l und Umweltprodukte und bieten unseren Partnern ma\u00dfgeschneiderte Services.\" \/>\n<meta property=\"og:url\" content=\"https:\/\/orlengas.com\/de\/ueber-uns\/\" \/>\n<meta property=\"og:site_name\" content=\"ORLEN ENERGY TRADING GMBH\" \/>\n<meta property=\"article:modified_time\" content=\"2026-01-19T08:46:07+00:00\" \/>\n<meta property=\"og:image\" content=\"https:\/\/orlengas.com\/wp-content\/uploads\/2019\/01\/about_us_de_claim.jpg\" \/>\n\t<meta property=\"og:image:width\" content=\"1200\" \/>\n\t<meta property=\"og:image:height\" content=\"1200\" \/>\n\t<meta property=\"og:image:type\" content=\"image\/jpeg\" \/>\n<meta name=\"twitter:card\" content=\"summary_large_image\" \/>\n<meta name=\"twitter:label1\" content=\"Gesch\u00e4tzte Lesezeit\" \/>\n\t<meta name=\"twitter:data1\" content=\"2\u00a0Minuten\" \/>\n<script type=\"application\/ld+json\" class=\"yoast-schema-graph\">{\"@context\":\"https:\\\/\\\/schema.org\",\"@graph\":[{\"@type\":\"WebPage\",\"@id\":\"https:\\\/\\\/orlengas.com\\\/de\\\/ueber-uns\\\/\",\"url\":\"https:\\\/\\\/orlengas.com\\\/de\\\/ueber-uns\\\/\",\"name\":\"\u00dcber Uns | ORLEN ENERGY TRADING GMBH | PST\",\"isPartOf\":{\"@id\":\"https:\\\/\\\/orlengas.com\\\/#website\"},\"primaryImageOfPage\":{\"@id\":\"https:\\\/\\\/orlengas.com\\\/de\\\/ueber-uns\\\/#primaryimage\"},\"image\":{\"@id\":\"https:\\\/\\\/orlengas.com\\\/de\\\/ueber-uns\\\/#primaryimage\"},\"thumbnailUrl\":\"https:\\\/\\\/orlengas.com\\\/wp-content\\\/uploads\\\/2019\\\/01\\\/about_us_de_claim.jpg\",\"datePublished\":\"2019-01-01T17:17:12+00:00\",\"dateModified\":\"2026-01-19T08:46:07+00:00\",\"description\":\"PGNiG Supply and Trading GmbH - PST, ein junges, wachsendes Energiehandelshaus mit Hauptsitz in M\u00fcnchen. Wir handeln Erdgas, LNG, Strom, \u00d6l und Umweltprodukte und bieten unseren Partnern ma\u00dfgeschneiderte Services.\",\"breadcrumb\":{\"@id\":\"https:\\\/\\\/orlengas.com\\\/de\\\/ueber-uns\\\/#breadcrumb\"},\"inLanguage\":\"de\",\"potentialAction\":[{\"@type\":\"ReadAction\",\"target\":[\"https:\\\/\\\/orlengas.com\\\/de\\\/ueber-uns\\\/\"]}]},{\"@type\":\"ImageObject\",\"inLanguage\":\"de\",\"@id\":\"https:\\\/\\\/orlengas.com\\\/de\\\/ueber-uns\\\/#primaryimage\",\"url\":\"https:\\\/\\\/orlengas.com\\\/wp-content\\\/uploads\\\/2019\\\/01\\\/about_us_de_claim.jpg\",\"contentUrl\":\"https:\\\/\\\/orlengas.com\\\/wp-content\\\/uploads\\\/2019\\\/01\\\/about_us_de_claim.jpg\",\"width\":1200,\"height\":1200,\"caption\":\"PGNiG Supply & Trading claim\"},{\"@type\":\"BreadcrumbList\",\"@id\":\"https:\\\/\\\/orlengas.com\\\/de\\\/ueber-uns\\\/#breadcrumb\",\"itemListElement\":[{\"@type\":\"ListItem\",\"position\":1,\"name\":\"Home\",\"item\":\"https:\\\/\\\/orlengas.com\\\/de\\\/\"},{\"@type\":\"ListItem\",\"position\":2,\"name\":\"\u00dcber Uns\"}]},{\"@type\":\"WebSite\",\"@id\":\"https:\\\/\\\/orlengas.com\\\/#website\",\"url\":\"https:\\\/\\\/orlengas.com\\\/\",\"name\":\"ORLEN ENERGY TRADING GMBH\",\"description\":\"ORLEN ENERGY TRADING GMBH\",\"publisher\":{\"@id\":\"https:\\\/\\\/orlengas.com\\\/#organization\"},\"potentialAction\":[{\"@type\":\"SearchAction\",\"target\":{\"@type\":\"EntryPoint\",\"urlTemplate\":\"https:\\\/\\\/orlengas.com\\\/?s={search_term_string}\"},\"query-input\":{\"@type\":\"PropertyValueSpecification\",\"valueRequired\":true,\"valueName\":\"search_term_string\"}}],\"inLanguage\":\"de\"},{\"@type\":\"Organization\",\"@id\":\"https:\\\/\\\/orlengas.com\\\/#organization\",\"name\":\"PGNiG Supply & Trading GmbH\",\"url\":\"https:\\\/\\\/orlengas.com\\\/\",\"logo\":{\"@type\":\"ImageObject\",\"inLanguage\":\"de\",\"@id\":\"https:\\\/\\\/orlengas.com\\\/#\\\/schema\\\/logo\\\/image\\\/\",\"url\":\"https:\\\/\\\/pst-energie.com\\\/wp-content\\\/uploads\\\/2019\\\/01\\\/PGNIG-Supply-Trading-GmbH-Logo.jpg\",\"contentUrl\":\"https:\\\/\\\/pst-energie.com\\\/wp-content\\\/uploads\\\/2019\\\/01\\\/PGNIG-Supply-Trading-GmbH-Logo.jpg\",\"width\":1425,\"height\":678,\"caption\":\"PGNiG Supply & Trading GmbH\"},\"image\":{\"@id\":\"https:\\\/\\\/orlengas.com\\\/#\\\/schema\\\/logo\\\/image\\\/\"}}]}<\/script>\n<!-- \/ Yoast SEO plugin. -->","yoast_head_json":{"title":"\u00dcber Uns | ORLEN ENERGY TRADING GMBH | PST","description":"PGNiG Supply and Trading GmbH - PST, ein junges, wachsendes Energiehandelshaus mit Hauptsitz in M\u00fcnchen. Wir handeln Erdgas, LNG, Strom, \u00d6l und Umweltprodukte und bieten unseren Partnern ma\u00dfgeschneiderte Services.","robots":{"index":"index","follow":"follow","max-snippet":"max-snippet:-1","max-image-preview":"max-image-preview:large","max-video-preview":"max-video-preview:-1"},"canonical":"https:\/\/orlengas.com\/de\/ueber-uns\/","og_locale":"de_DE","og_type":"article","og_title":"\u00dcber Uns | ORLEN ENERGY TRADING GMBH | PST","og_description":"PGNiG Supply and Trading GmbH - PST, ein junges, wachsendes Energiehandelshaus mit Hauptsitz in M\u00fcnchen. Wir handeln Erdgas, LNG, Strom, \u00d6l und Umweltprodukte und bieten unseren Partnern ma\u00dfgeschneiderte Services.","og_url":"https:\/\/orlengas.com\/de\/ueber-uns\/","og_site_name":"ORLEN ENERGY TRADING GMBH","article_modified_time":"2026-01-19T08:46:07+00:00","og_image":[{"width":1200,"height":1200,"url":"https:\/\/orlengas.com\/wp-content\/uploads\/2019\/01\/about_us_de_claim.jpg","type":"image\/jpeg"}],"twitter_card":"summary_large_image","twitter_misc":{"Gesch\u00e4tzte Lesezeit":"2\u00a0Minuten"},"schema":{"@context":"https:\/\/schema.org","@graph":[{"@type":"WebPage","@id":"https:\/\/orlengas.com\/de\/ueber-uns\/","url":"https:\/\/orlengas.com\/de\/ueber-uns\/","name":"\u00dcber Uns | ORLEN ENERGY TRADING GMBH | PST","isPartOf":{"@id":"https:\/\/orlengas.com\/#website"},"primaryImageOfPage":{"@id":"https:\/\/orlengas.com\/de\/ueber-uns\/#primaryimage"},"image":{"@id":"https:\/\/orlengas.com\/de\/ueber-uns\/#primaryimage"},"thumbnailUrl":"https:\/\/orlengas.com\/wp-content\/uploads\/2019\/01\/about_us_de_claim.jpg","datePublished":"2019-01-01T17:17:12+00:00","dateModified":"2026-01-19T08:46:07+00:00","description":"PGNiG Supply and Trading GmbH - PST, ein junges, wachsendes Energiehandelshaus mit Hauptsitz in M\u00fcnchen. Wir handeln Erdgas, LNG, Strom, \u00d6l und Umweltprodukte und bieten unseren Partnern ma\u00dfgeschneiderte Services.","breadcrumb":{"@id":"https:\/\/orlengas.com\/de\/ueber-uns\/#breadcrumb"},"inLanguage":"de","potentialAction":[{"@type":"ReadAction","target":["https:\/\/orlengas.com\/de\/ueber-uns\/"]}]},{"@type":"ImageObject","inLanguage":"de","@id":"https:\/\/orlengas.com\/de\/ueber-uns\/#primaryimage","url":"https:\/\/orlengas.com\/wp-content\/uploads\/2019\/01\/about_us_de_claim.jpg","contentUrl":"https:\/\/orlengas.com\/wp-content\/uploads\/2019\/01\/about_us_de_claim.jpg","width":1200,"height":1200,"caption":"PGNiG Supply & Trading claim"},{"@type":"BreadcrumbList","@id":"https:\/\/orlengas.com\/de\/ueber-uns\/#breadcrumb","itemListElement":[{"@type":"ListItem","position":1,"name":"Home","item":"https:\/\/orlengas.com\/de\/"},{"@type":"ListItem","position":2,"name":"\u00dcber Uns"}]},{"@type":"WebSite","@id":"https:\/\/orlengas.com\/#website","url":"https:\/\/orlengas.com\/","name":"ORLEN ENERGY TRADING GMBH","description":"ORLEN ENERGY TRADING GMBH","publisher":{"@id":"https:\/\/orlengas.com\/#organization"},"potentialAction":[{"@type":"SearchAction","target":{"@type":"EntryPoint","urlTemplate":"https:\/\/orlengas.com\/?s={search_term_string}"},"query-input":{"@type":"PropertyValueSpecification","valueRequired":true,"valueName":"search_term_string"}}],"inLanguage":"de"},{"@type":"Organization","@id":"https:\/\/orlengas.com\/#organization","name":"PGNiG Supply & Trading GmbH","url":"https:\/\/orlengas.com\/","logo":{"@type":"ImageObject","inLanguage":"de","@id":"https:\/\/orlengas.com\/#\/schema\/logo\/image\/","url":"https:\/\/pst-energie.com\/wp-content\/uploads\/2019\/01\/PGNIG-Supply-Trading-GmbH-Logo.jpg","contentUrl":"https:\/\/pst-energie.com\/wp-content\/uploads\/2019\/01\/PGNIG-Supply-Trading-GmbH-Logo.jpg","width":1425,"height":678,"caption":"PGNiG Supply & Trading GmbH"},"image":{"@id":"https:\/\/orlengas.com\/#\/schema\/logo\/image\/"}}]}},"_links":{"self":[{"href":"https:\/\/orlengas.com\/de\/wp-json\/wp\/v2\/pages\/379","targetHints":{"allow":["GET"]}}],"collection":[{"href":"https:\/\/orlengas.com\/de\/wp-json\/wp\/v2\/pages"}],"about":[{"href":"https:\/\/orlengas.com\/de\/wp-json\/wp\/v2\/types\/page"}],"author":[{"embeddable":true,"href":"https:\/\/orlengas.com\/de\/wp-json\/wp\/v2\/users\/1"}],"replies":[{"embeddable":true,"href":"https:\/\/orlengas.com\/de\/wp-json\/wp\/v2\/comments?post=379"}],"version-history":[{"count":15,"href":"https:\/\/orlengas.com\/de\/wp-json\/wp\/v2\/pages\/379\/revisions"}],"predecessor-version":[{"id":3085,"href":"https:\/\/orlengas.com\/de\/wp-json\/wp\/v2\/pages\/379\/revisions\/3085"}],"wp:featuredmedia":[{"embeddable":true,"href":"https:\/\/orlengas.com\/de\/wp-json\/wp\/v2\/media\/1318"}],"wp:attachment":[{"href":"https:\/\/orlengas.com\/de\/wp-json\/wp\/v2\/media?parent=379"}],"wp:term":[{"taxonomy":"category","embeddable":true,"href":"https:\/\/orlengas.com\/de\/wp-json\/wp\/v2\/categories?post=379"}],"curies":[{"name":"wp","href":"https:\/\/api.w.org\/{rel}","templated":true}]}}