{"id":380,"date":"2018-12-05T18:19:45","date_gmt":"2018-12-05T17:19:45","guid":{"rendered":"https:\/\/launch.pst-energie.com\/uber-uns\/unser-management\/"},"modified":"2026-03-30T08:30:20","modified_gmt":"2026-03-30T06:30:20","slug":"unser-management","status":"publish","type":"page","link":"https:\/\/orlengas.com\/de\/ueber-uns\/unser-management\/","title":{"rendered":"Unser Management"},"content":{"rendered":"\r\n<div class=\"wp-block-columns is-layout-flex wp-container-core-columns-is-layout-9d6595d7 wp-block-columns-is-layout-flex\">\r\n<div class=\"wp-block-column is-layout-flow wp-block-column-is-layout-flow\">\r\n<div class=\"dwie-kolumny\">\r\n<p><strong>Grzegorz Bujnowski, Managing Director ORLEN Energy Trading GmbH<\/strong><\/p>\r\n\r\n<p>Since July 2024, he has served as Managing Director of ORLEN Energy Trading GmbH, while concurrently holding positions as Managing Director at both ORLEN LNG Trading Limited and ORLEN LNG Shipping Limited since October 2023.<\/p>\r\n\r\n\r\n\r\n<p>\r\nGrzegorz Bujnowski has nearly two decades of expertise in the energy industry, mainly in the gas sector. He initially gained experience at PGNiG, where he developed comprehensive knowledge of gas markets and trading operations. In his role as Executive Director for Gas Trading at ORLEN, he oversees the strategic direction of gas trading activities, ensuring alignment with the company&#8217;s broader energy objectives.<\/p>\r\n\r\n\r\n\r\n<p>\r\nHe holds an MBA at Civitas University. He has also completed numerous postgraduate courses, including an Investment Banking degree from the Warsaw School of Economics (SGH), which has provided him with a solid foundation in financial markets and strategic business management.<\/p>\r\n\r\n\r\n\r\n<p><strong>Pawe\u0142 Pe\u0142ka, Managing Director ORLEN Energy Trading GmbH <\/strong><\/p>\r\n\r\n\r\n\r\n<p>Pawe\u0142 Pe\u0142ka is the Managing Director at\u00a0ORLEN Energy Trading GmbH, a position he has held since July 2025. He joined PGNiG in 2012, initially working on gas demand forecasting within the dispatching team. Over time, his responsibilities expanded to coordinating gas sales to major Polish clients and Ukraine. Since 2021, he has been actively involved in the strategic development of ORLEN Energy Trading GmbH operations, focusing on the Baltic States and Central and Eastern Europe, including initiatives related to regional gas infrastructure and trading market entry.<\/p>\r\n\r\n\r\n\r\n<p>\r\nHe holds the Honorary Badge Merits in the Oil and Gas Industry and the EEX Exchange Trader credential. Graduate of the Quantitative&nbsp;Methods in Economics and Information Systems at SGH&nbsp;Warsaw School of Economics with academic experience also gained during studies at BI Norwegian Business School in Oslo. He has completed postgraduate studies in Gas Engineering at Warsaw University of Technology.<\/p>\r\n<\/div>\r\n<\/div>\r\n<\/div>\r\n\r\n\r\n\r\n\r\n\r\n\r\n<h2>Download<\/h2>\r\n<ul>\r\n<li><a href=\"https:\/\/orlengas.com\/wp-content\/uploads\/2024\/03\/PST-LNG-Trading-Limited_-uzasadnienie_do-publikacji-3.pdf\" target=\"_blank\" rel=\"noopener\">Uzasadnienie do ustalenia wysoko\u015bci wynagrodzenia sta\u0142ego dla Cz\u0142onk\u00f3w Zarz\u0105du sp\u00f3\u0142ki PST LNG Trading Limited<\/a><\/li>\r\n<li><a href=\"https:\/\/orlengas.com\/wp-content\/uploads\/2024\/03\/30.1-ANG-PST-LNG-Trading-Limited_uzasadnienie_do_publikacji.pdf\" target=\"_blank\" rel=\"noopener\">Uzasadnienie do ustalenia wysoko\u015bci wynagrodzenia sta\u0142ego dla Cz\u0142onk\u00f3w Zarz\u0105du sp\u00f3\u0142ki PST LNG Trading Limited<\/a><\/li>\r\n<li><a href=\"https:\/\/orlengas.com\/wp-content\/uploads\/2024\/03\/PST-LNG-Shipping-Limited_-uzasadnienie_do_publikacji.pdf\" target=\"_blank\" rel=\"noopener\">Uzasadnienie do ustalenia wysoko\u015bci wynagrodzenia sta\u0142ego dla Cz\u0142onk\u00f3w Zarz\u0105du sp\u00f3\u0142ki PST LNG Shipping Limited<\/a><\/li>\r\n<li><a href=\"https:\/\/orlengas.com\/wp-content\/uploads\/2024\/03\/30.1-ANG-PST-LNG-Shipping-Limited_uzasadnienie_do_publikacji.pdf\" target=\"_blank\" rel=\"noopener\">JUSTIFICATION for determining the fixed part of the remuneration of the members of the Management Board of PST LNG Shipping Limited<\/a><\/li>\r\n<\/ul>","protected":false},"excerpt":{"rendered":"<p>Grzegorz Bujnowski, Managing Director ORLEN Energy Trading GmbH Since July 2024, he has served as Managing Director of ORLEN Energy Trading GmbH, while concurrently holding positions as Managing Director at both ORLEN LNG Trading Limited and ORLEN LNG Shipping Limited since October 2023. Grzegorz Bujnowski has nearly two decades of expertise in the energy industry, [&hellip;]<\/p>\n","protected":false},"author":1,"featured_media":0,"parent":379,"menu_order":0,"comment_status":"closed","ping_status":"closed","template":"","meta":{"_acf_changed":false,"footnotes":""},"categories":[],"class_list":["post-380","page","type-page","status-publish","hentry"],"acf":[],"yoast_head":"<!-- This site is optimized with the Yoast SEO plugin v27.3 - https:\/\/yoast.com\/product\/yoast-seo-wordpress\/ -->\n<title>Unser Management | ORLEN ENERGY TRADING GMBH | PST<\/title>\n<meta name=\"description\" content=\"Olgierd Hurka und Bart\u0142omiej Korzeniewski sind Managing Directors der PGNiG Supply &amp; Trading GmbH (PST) .\" \/>\n<meta name=\"robots\" content=\"index, follow, max-snippet:-1, max-image-preview:large, max-video-preview:-1\" \/>\n<link rel=\"canonical\" href=\"https:\/\/orlengas.com\/about-us-en\/our-management-en\/\" \/>\n<meta property=\"og:locale\" content=\"de_DE\" \/>\n<meta property=\"og:type\" content=\"article\" \/>\n<meta property=\"og:title\" content=\"Unser Management | ORLEN ENERGY TRADING GMBH | PST\" \/>\n<meta property=\"og:description\" content=\"Olgierd Hurka und Bart\u0142omiej Korzeniewski sind Managing Directors der PGNiG Supply &amp; Trading GmbH (PST) .\" \/>\n<meta property=\"og:url\" content=\"https:\/\/orlengas.com\/about-us-en\/our-management-en\/\" \/>\n<meta property=\"og:site_name\" content=\"ORLEN ENERGY TRADING GMBH\" \/>\n<meta property=\"article:modified_time\" content=\"2026-03-30T06:30:20+00:00\" \/>\n<meta property=\"og:image\" content=\"https:\/\/orlengas.com\/wp-content\/uploads\/2019\/01\/about_us_de_claim.jpg\" \/>\n\t<meta property=\"og:image:width\" content=\"1200\" \/>\n\t<meta property=\"og:image:height\" content=\"1200\" \/>\n\t<meta property=\"og:image:type\" content=\"image\/jpeg\" \/>\n<meta name=\"twitter:card\" content=\"summary_large_image\" \/>\n<meta name=\"twitter:label1\" content=\"Gesch\u00e4tzte Lesezeit\" \/>\n\t<meta name=\"twitter:data1\" content=\"2\u00a0Minuten\" \/>\n<script type=\"application\/ld+json\" class=\"yoast-schema-graph\">{\"@context\":\"https:\\\/\\\/schema.org\",\"@graph\":[{\"@type\":\"WebPage\",\"@id\":\"https:\\\/\\\/orlengas.com\\\/about-us-en\\\/our-management-en\\\/\",\"url\":\"https:\\\/\\\/orlengas.com\\\/about-us-en\\\/our-management-en\\\/\",\"name\":\"Unser Management | ORLEN ENERGY TRADING GMBH | PST\",\"isPartOf\":{\"@id\":\"https:\\\/\\\/orlengas.com\\\/#website\"},\"datePublished\":\"2018-12-05T17:19:45+00:00\",\"dateModified\":\"2026-03-30T06:30:20+00:00\",\"description\":\"Olgierd Hurka und Bart\u0142omiej Korzeniewski sind Managing Directors der PGNiG Supply & Trading GmbH (PST) .\",\"breadcrumb\":{\"@id\":\"https:\\\/\\\/orlengas.com\\\/about-us-en\\\/our-management-en\\\/#breadcrumb\"},\"inLanguage\":\"de\",\"potentialAction\":[{\"@type\":\"ReadAction\",\"target\":[\"https:\\\/\\\/orlengas.com\\\/about-us-en\\\/our-management-en\\\/\"]}]},{\"@type\":\"BreadcrumbList\",\"@id\":\"https:\\\/\\\/orlengas.com\\\/about-us-en\\\/our-management-en\\\/#breadcrumb\",\"itemListElement\":[{\"@type\":\"ListItem\",\"position\":1,\"name\":\"Home\",\"item\":\"https:\\\/\\\/orlengas.com\\\/de\\\/\"},{\"@type\":\"ListItem\",\"position\":2,\"name\":\"\u00dcber Uns\",\"item\":\"https:\\\/\\\/orlengas.com\\\/de\\\/ueber-uns\\\/\"},{\"@type\":\"ListItem\",\"position\":3,\"name\":\"Unser Management\"}]},{\"@type\":\"WebSite\",\"@id\":\"https:\\\/\\\/orlengas.com\\\/#website\",\"url\":\"https:\\\/\\\/orlengas.com\\\/\",\"name\":\"ORLEN ENERGY TRADING GMBH\",\"description\":\"ORLEN ENERGY TRADING GMBH\",\"publisher\":{\"@id\":\"https:\\\/\\\/orlengas.com\\\/#organization\"},\"potentialAction\":[{\"@type\":\"SearchAction\",\"target\":{\"@type\":\"EntryPoint\",\"urlTemplate\":\"https:\\\/\\\/orlengas.com\\\/?s={search_term_string}\"},\"query-input\":{\"@type\":\"PropertyValueSpecification\",\"valueRequired\":true,\"valueName\":\"search_term_string\"}}],\"inLanguage\":\"de\"},{\"@type\":\"Organization\",\"@id\":\"https:\\\/\\\/orlengas.com\\\/#organization\",\"name\":\"PGNiG Supply & Trading GmbH\",\"url\":\"https:\\\/\\\/orlengas.com\\\/\",\"logo\":{\"@type\":\"ImageObject\",\"inLanguage\":\"de\",\"@id\":\"https:\\\/\\\/orlengas.com\\\/#\\\/schema\\\/logo\\\/image\\\/\",\"url\":\"https:\\\/\\\/pst-energie.com\\\/wp-content\\\/uploads\\\/2019\\\/01\\\/PGNIG-Supply-Trading-GmbH-Logo.jpg\",\"contentUrl\":\"https:\\\/\\\/pst-energie.com\\\/wp-content\\\/uploads\\\/2019\\\/01\\\/PGNIG-Supply-Trading-GmbH-Logo.jpg\",\"width\":1425,\"height\":678,\"caption\":\"PGNiG Supply & Trading GmbH\"},\"image\":{\"@id\":\"https:\\\/\\\/orlengas.com\\\/#\\\/schema\\\/logo\\\/image\\\/\"}}]}<\/script>\n<!-- \/ Yoast SEO plugin. -->","yoast_head_json":{"title":"Unser Management | ORLEN ENERGY TRADING GMBH | PST","description":"Olgierd Hurka und Bart\u0142omiej Korzeniewski sind Managing Directors der PGNiG Supply & Trading GmbH (PST) .","robots":{"index":"index","follow":"follow","max-snippet":"max-snippet:-1","max-image-preview":"max-image-preview:large","max-video-preview":"max-video-preview:-1"},"canonical":"https:\/\/orlengas.com\/about-us-en\/our-management-en\/","og_locale":"de_DE","og_type":"article","og_title":"Unser Management | ORLEN ENERGY TRADING GMBH | PST","og_description":"Olgierd Hurka und Bart\u0142omiej Korzeniewski sind Managing Directors der PGNiG Supply & Trading GmbH (PST) .","og_url":"https:\/\/orlengas.com\/about-us-en\/our-management-en\/","og_site_name":"ORLEN ENERGY TRADING GMBH","article_modified_time":"2026-03-30T06:30:20+00:00","og_image":[{"width":1200,"height":1200,"url":"https:\/\/orlengas.com\/wp-content\/uploads\/2019\/01\/about_us_de_claim.jpg","type":"image\/jpeg"}],"twitter_card":"summary_large_image","twitter_misc":{"Gesch\u00e4tzte Lesezeit":"2\u00a0Minuten"},"schema":{"@context":"https:\/\/schema.org","@graph":[{"@type":"WebPage","@id":"https:\/\/orlengas.com\/about-us-en\/our-management-en\/","url":"https:\/\/orlengas.com\/about-us-en\/our-management-en\/","name":"Unser Management | ORLEN ENERGY TRADING GMBH | PST","isPartOf":{"@id":"https:\/\/orlengas.com\/#website"},"datePublished":"2018-12-05T17:19:45+00:00","dateModified":"2026-03-30T06:30:20+00:00","description":"Olgierd Hurka und Bart\u0142omiej Korzeniewski sind Managing Directors der PGNiG Supply & Trading GmbH (PST) .","breadcrumb":{"@id":"https:\/\/orlengas.com\/about-us-en\/our-management-en\/#breadcrumb"},"inLanguage":"de","potentialAction":[{"@type":"ReadAction","target":["https:\/\/orlengas.com\/about-us-en\/our-management-en\/"]}]},{"@type":"BreadcrumbList","@id":"https:\/\/orlengas.com\/about-us-en\/our-management-en\/#breadcrumb","itemListElement":[{"@type":"ListItem","position":1,"name":"Home","item":"https:\/\/orlengas.com\/de\/"},{"@type":"ListItem","position":2,"name":"\u00dcber Uns","item":"https:\/\/orlengas.com\/de\/ueber-uns\/"},{"@type":"ListItem","position":3,"name":"Unser Management"}]},{"@type":"WebSite","@id":"https:\/\/orlengas.com\/#website","url":"https:\/\/orlengas.com\/","name":"ORLEN ENERGY TRADING GMBH","description":"ORLEN ENERGY TRADING GMBH","publisher":{"@id":"https:\/\/orlengas.com\/#organization"},"potentialAction":[{"@type":"SearchAction","target":{"@type":"EntryPoint","urlTemplate":"https:\/\/orlengas.com\/?s={search_term_string}"},"query-input":{"@type":"PropertyValueSpecification","valueRequired":true,"valueName":"search_term_string"}}],"inLanguage":"de"},{"@type":"Organization","@id":"https:\/\/orlengas.com\/#organization","name":"PGNiG Supply & Trading GmbH","url":"https:\/\/orlengas.com\/","logo":{"@type":"ImageObject","inLanguage":"de","@id":"https:\/\/orlengas.com\/#\/schema\/logo\/image\/","url":"https:\/\/pst-energie.com\/wp-content\/uploads\/2019\/01\/PGNIG-Supply-Trading-GmbH-Logo.jpg","contentUrl":"https:\/\/pst-energie.com\/wp-content\/uploads\/2019\/01\/PGNIG-Supply-Trading-GmbH-Logo.jpg","width":1425,"height":678,"caption":"PGNiG Supply & Trading GmbH"},"image":{"@id":"https:\/\/orlengas.com\/#\/schema\/logo\/image\/"}}]}},"_links":{"self":[{"href":"https:\/\/orlengas.com\/de\/wp-json\/wp\/v2\/pages\/380","targetHints":{"allow":["GET"]}}],"collection":[{"href":"https:\/\/orlengas.com\/de\/wp-json\/wp\/v2\/pages"}],"about":[{"href":"https:\/\/orlengas.com\/de\/wp-json\/wp\/v2\/types\/page"}],"author":[{"embeddable":true,"href":"https:\/\/orlengas.com\/de\/wp-json\/wp\/v2\/users\/1"}],"replies":[{"embeddable":true,"href":"https:\/\/orlengas.com\/de\/wp-json\/wp\/v2\/comments?post=380"}],"version-history":[{"count":37,"href":"https:\/\/orlengas.com\/de\/wp-json\/wp\/v2\/pages\/380\/revisions"}],"predecessor-version":[{"id":3216,"href":"https:\/\/orlengas.com\/de\/wp-json\/wp\/v2\/pages\/380\/revisions\/3216"}],"up":[{"embeddable":true,"href":"https:\/\/orlengas.com\/de\/wp-json\/wp\/v2\/pages\/379"}],"wp:attachment":[{"href":"https:\/\/orlengas.com\/de\/wp-json\/wp\/v2\/media?parent=380"}],"wp:term":[{"taxonomy":"category","embeddable":true,"href":"https:\/\/orlengas.com\/de\/wp-json\/wp\/v2\/categories?post=380"}],"curies":[{"name":"wp","href":"https:\/\/api.w.org\/{rel}","templated":true}]}}