{"id":383,"date":"2018-12-05T18:20:43","date_gmt":"2018-12-05T17:20:43","guid":{"rendered":"https:\/\/launch.pst-energie.com\/uber-uns\/die-pgnig-gruppe\/"},"modified":"2026-03-30T08:26:22","modified_gmt":"2026-03-30T06:26:22","slug":"die-pgnig-gruppe","status":"publish","type":"page","link":"https:\/\/orlengas.com\/de\/ueber-uns\/die-pgnig-gruppe\/","title":{"rendered":"Die ORLEN Gruppe"},"content":{"rendered":"\n<div class=\"wp-block-columns has-2-columns is-layout-flex wp-container-core-columns-is-layout-9d6595d7 wp-block-columns-is-layout-flex\">\n<div class=\"wp-block-column is-layout-flow wp-block-column-is-layout-flow\" style=\"flex-basis:100%\">\n<div class=\"wp-block-group\"><div class=\"wp-block-group__inner-container is-layout-flow wp-block-group-is-layout-flow\">\n<h2 class=\"wp-block-heading\">ORLEN Energy Trading GmbH \u2013 Teil der ORLEN Gruppe<\/h2>\n\n\n<p>ORLEN Energy Trading GmbH ist ein 100%iges Tochterunternehmen von ORLEN S.A., des Marktf\u00fchrers auf dem polnischen Erdgasmarkt. Das b\u00f6rsennotierte Unternehmen betreibt Exploration und Produktion von Erdgas und Erd\u00f6l und steht f\u00fcr eine mehr als 130-j\u00e4hrige Tradition in der Energiewirtschaft. ORLEN ist zusammen mit seinen Beteiligungen auch im Bereich Import, Speicherung, Verkauf und Vertrieb von Gas und fl\u00fcssigen Brennstoffen sowie der W\u00e4rme- und Stromerzeugung t\u00e4tig. Als eines der \u00e4ltesten und profitabelsten Unternehmens des Landes ist ORLEN einer der gr\u00f6\u00dften Arbeitgeber in Polen.<\/p>\n\n\n\n<p>Mehr Infos auf <a href=\"http:\/\/www.pgnig.pl\">der Website von ORLEN<\/a><\/p>\n\n\n\n<h2 class=\"wp-block-heading\">Erdgas aus Norwegen aus konzerneigenen Gasfeldern<\/h2>\n\n\n\n<p>ORLEN Upstream Norway AS erschlie\u00dft und produziert Gas und \u00d6l auf dem norwegischen Festlandsockel. Das im Jahr 2007 gegr\u00fcndete Schwesterunternehmen liefert das aus ihren norwegischen Gasfeldern produzierte Erdgas, beispielsweise vom Gas- und \u00d6lfeld Skarv. Hierdurch kann ORLEN f\u00fcr ihre Kunden Versorgungssicherheit zu fairen Preisen bieten. ORLEN Upstream Norway AS hat seit 2010 eine f\u00fchrende Rolle in der F\u00f6rderung von \u00d6l und Gas und Erschlie\u00dfung von \u00d6l- und Gasfeldern im norwegischen Kontinentalschelf eingenommen.<\/p>\n\n\n\n<p>Mehr Infos auf <a href=\"http:\/\/www.norway.pgnig.pl\">der Website von ORLEN Upstream<\/a><\/p>\n\n<\/div>\n<\/div><\/div>\n\n\n\n<div class=\"wp-block-column is-layout-flow wp-block-column-is-layout-flow\" style=\"flex-basis:100%;display: flex;align-items: center\">\n<div class=\"wp-block-group\"><div class=\"wp-block-group__inner-container is-layout-flow wp-block-group-is-layout-flow\">\n<figure class=\"wp-block-image size-full\"><img loading=\"lazy\" decoding=\"async\" width=\"1564\" height=\"1551\" src=\"https:\/\/orlengas.com\/wp-content\/uploads\/2024\/01\/Company-Org-Chart-Orlen-.png\" alt=\"\" class=\"wp-image-2663\" srcset=\"https:\/\/orlengas.com\/wp-content\/uploads\/2024\/01\/Company-Org-Chart-Orlen-.png 1564w, https:\/\/orlengas.com\/wp-content\/uploads\/2024\/01\/Company-Org-Chart-Orlen--300x298.png 300w, https:\/\/orlengas.com\/wp-content\/uploads\/2024\/01\/Company-Org-Chart-Orlen--1024x1015.png 1024w, https:\/\/orlengas.com\/wp-content\/uploads\/2024\/01\/Company-Org-Chart-Orlen--150x150.png 150w, https:\/\/orlengas.com\/wp-content\/uploads\/2024\/01\/Company-Org-Chart-Orlen--768x762.png 768w, https:\/\/orlengas.com\/wp-content\/uploads\/2024\/01\/Company-Org-Chart-Orlen--1536x1523.png 1536w\" sizes=\"auto, (max-width: 1564px) 100vw, 1564px\" \/><\/figure>\n\n\n\n<p class=\"has-text-align-left\"><\/p>\n<\/div><\/div>\n<\/div>\n<\/div>\n\n\n\n\n<h2 class=\"wp-block-heading\">ORLEN \u2013 Drehscheibe auf den europ\u00e4ischen M\u00e4rkten<\/h2>\n\n\n\n<p>ORLEN Energy Trading GmbH ist die Schnittstelle der ORLEN-Gruppe zu den europ\u00e4ischen M\u00e4rkten mit Fokus auf Zentral- und Osteuropa. OET bietet ihren Kunden nicht nur Zugang zu den europ\u00e4ischen Energiem\u00e4rkten, sondern versorgt zusammen mit ihren Tochterunternehmen Kunden von jeder Gr\u00f6\u00dfe in Deutschland und \u00d6sterreich mit Strom und Gas und bietet Industriekunden in Polen genau auf ihre Bed\u00fcrfnisse zugeschnittene Gasprodukte. Dieses <a href=\"https:\/\/pst-energie.com\/de\/geschaftsfelder\/\">Portfolio an Energieprodukten und -dienstleistungen<\/a> macht ORLEN Energy Trading GmbH essentiell f\u00fcr die internationale Ausrichtung der ORLEN-Gruppe.<\/p>\n\n\n\n<h2 class=\"wp-block-heading\">ORLEN LNG in Gro\u00dfbritannien \u2013 Zugang zu globalen Gasm\u00e4rkten<\/h2>\n\n\n\n<p>ORLEN LNG Shipping Limited und ORLEN LNG Trading Limited in Gro\u00dfbritannien sind das Kompetenzzentrum der ORLEN-Gruppe im LNG-Handel. Sie unterst\u00fctzt die ORLEN-Gruppe und ihre Kunden durch kurz- und mittelfristigen Transaktionen auf den globalen LNG-M\u00e4rkten. LNG wird schwerpunktm\u00e4\u00dfig zu wettbewerbsf\u00e4higen Konditionen zum polnischen LNG-Terminal in \u015awinouj\u015bcie geliefert. So tr\u00e4gt der Handel mit LNG dazu bei, die Energiekosten der Verbraucher in Polen zu reduzieren und das Gas-Portfolio der ORLEN-Gruppe zu optimieren. ORLEN LNG Shipping Limited und ORLEN LNG Trading Limited sind f\u00fcr die Gruppe und ihre Kunden der Schl\u00fcssel zur Erschlie\u00dfung der globalen Gasm\u00e4rkte.<\/p>\n\n\n\n<h2 class=\"wp-block-heading\">ORLEN-Gruppe \u2013 Nachhaltigkeit im Umgang mit Ressourcen<\/h2>\n\n\n\n<p>Die ORLEN-Gruppe unterst\u00fctzt aktiv einen nachhaltigeren Umgang mit unserer Umwelt. \u00dcber \u00f6kologische Strom- und Gasprodukte hinaus unterst\u00fctzt OET die Initiative \u201ePlant-for-the-Planet\u201c, eine gemeinn\u00fctzige Organisation, welche das weltweit gr\u00f6\u00dfte Aufforstungsprojekt f\u00fcr mehr Klimagerechtigkeit geschaffen hat.<\/p>\n\n\n\n<p>Die Unternehmen der ORLEN-Gruppe sind in Kooperation mit <a href=\"http:\/\/www.zukunftswerk.org\">Zukunftswerk eG<\/a> seit 2014 als CO2-neutral zertifiziert.<\/p>\n\n\n\n<p>ORLEN #Pers\u00f6nlich #Sicher #Transparent<\/p>\n\n\n","protected":false},"excerpt":{"rendered":"<p>ORLEN Energy Trading GmbH ist ein 100%iges Tochterunternehmen von ORLEN S.A., des Marktf\u00fchrers auf dem polnischen Erdgasmarkt. Das b\u00f6rsennotierte Unternehmen betreibt Exploration und Produktion von Erdgas und Erd\u00f6l und steht f\u00fcr eine mehr als 130-j\u00e4hrige Tradition in der Energiewirtschaft. ORLEN ist zusammen mit seinen Beteiligungen auch im Bereich Import, Speicherung, Verkauf und Vertrieb von Gas [&hellip;]<\/p>\n","protected":false},"author":1,"featured_media":693,"parent":379,"menu_order":0,"comment_status":"closed","ping_status":"closed","template":"","meta":{"_acf_changed":false,"footnotes":""},"categories":[40],"class_list":["post-383","page","type-page","status-publish","has-post-thumbnail","hentry","category-hero4-de"],"acf":[],"yoast_head":"<!-- This site is optimized with the Yoast SEO plugin v27.3 - https:\/\/yoast.com\/product\/yoast-seo-wordpress\/ -->\n<title>Die ORLEN Gruppe | ORLEN ENERGY TRADING GMBH<\/title>\n<meta name=\"description\" content=\"PST is a 100% subsidiary of Polskie G\u00f3rnictwo Naftowe i Gazownictwo SA (PGNiG), with a tradition of more than 130 years in energy.\" \/>\n<meta name=\"robots\" content=\"index, follow, max-snippet:-1, max-image-preview:large, max-video-preview:-1\" \/>\n<link rel=\"canonical\" href=\"https:\/\/orlengas.com\/de\/ueber-uns\/die-pgnig-gruppe\/\" \/>\n<meta property=\"og:locale\" content=\"de_DE\" \/>\n<meta property=\"og:type\" content=\"article\" \/>\n<meta property=\"og:title\" content=\"Die ORLEN Gruppe | ORLEN ENERGY TRADING GMBH\" \/>\n<meta property=\"og:description\" content=\"PST is a 100% subsidiary of Polskie G\u00f3rnictwo Naftowe i Gazownictwo SA (PGNiG), with a tradition of more than 130 years in energy.\" \/>\n<meta property=\"og:url\" content=\"https:\/\/orlengas.com\/de\/ueber-uns\/die-pgnig-gruppe\/\" \/>\n<meta property=\"og:site_name\" content=\"ORLEN ENERGY TRADING GMBH\" \/>\n<meta property=\"article:modified_time\" content=\"2026-03-30T06:26:22+00:00\" \/>\n<meta property=\"og:image\" content=\"https:\/\/orlengas.com\/wp-content\/uploads\/2018\/12\/c_Photo-by-PGNiG-SA.jpg\" \/>\n\t<meta property=\"og:image:width\" content=\"1280\" \/>\n\t<meta property=\"og:image:height\" content=\"834\" \/>\n\t<meta property=\"og:image:type\" content=\"image\/jpeg\" \/>\n<meta name=\"twitter:card\" content=\"summary_large_image\" \/>\n<meta name=\"twitter:label1\" content=\"Gesch\u00e4tzte Lesezeit\" \/>\n\t<meta name=\"twitter:data1\" content=\"3\u00a0Minuten\" \/>\n<script type=\"application\/ld+json\" class=\"yoast-schema-graph\">{\"@context\":\"https:\\\/\\\/schema.org\",\"@graph\":[{\"@type\":\"WebPage\",\"@id\":\"https:\\\/\\\/orlengas.com\\\/de\\\/ueber-uns\\\/die-pgnig-gruppe\\\/\",\"url\":\"https:\\\/\\\/orlengas.com\\\/de\\\/ueber-uns\\\/die-pgnig-gruppe\\\/\",\"name\":\"Die ORLEN Gruppe | ORLEN ENERGY TRADING GMBH\",\"isPartOf\":{\"@id\":\"https:\\\/\\\/orlengas.com\\\/#website\"},\"primaryImageOfPage\":{\"@id\":\"https:\\\/\\\/orlengas.com\\\/de\\\/ueber-uns\\\/die-pgnig-gruppe\\\/#primaryimage\"},\"image\":{\"@id\":\"https:\\\/\\\/orlengas.com\\\/de\\\/ueber-uns\\\/die-pgnig-gruppe\\\/#primaryimage\"},\"thumbnailUrl\":\"https:\\\/\\\/orlengas.com\\\/wp-content\\\/uploads\\\/2018\\\/12\\\/c_Photo-by-PGNiG-SA.jpg\",\"datePublished\":\"2018-12-05T17:20:43+00:00\",\"dateModified\":\"2026-03-30T06:26:22+00:00\",\"description\":\"PST is a 100% subsidiary of Polskie G\u00f3rnictwo Naftowe i Gazownictwo SA (PGNiG), with a tradition of more than 130 years in energy.\",\"breadcrumb\":{\"@id\":\"https:\\\/\\\/orlengas.com\\\/de\\\/ueber-uns\\\/die-pgnig-gruppe\\\/#breadcrumb\"},\"inLanguage\":\"de\",\"potentialAction\":[{\"@type\":\"ReadAction\",\"target\":[\"https:\\\/\\\/orlengas.com\\\/de\\\/ueber-uns\\\/die-pgnig-gruppe\\\/\"]}]},{\"@type\":\"ImageObject\",\"inLanguage\":\"de\",\"@id\":\"https:\\\/\\\/orlengas.com\\\/de\\\/ueber-uns\\\/die-pgnig-gruppe\\\/#primaryimage\",\"url\":\"https:\\\/\\\/orlengas.com\\\/wp-content\\\/uploads\\\/2018\\\/12\\\/c_Photo-by-PGNiG-SA.jpg\",\"contentUrl\":\"https:\\\/\\\/orlengas.com\\\/wp-content\\\/uploads\\\/2018\\\/12\\\/c_Photo-by-PGNiG-SA.jpg\",\"width\":1280,\"height\":834,\"caption\":\"PGNiG SA photo\"},{\"@type\":\"BreadcrumbList\",\"@id\":\"https:\\\/\\\/orlengas.com\\\/de\\\/ueber-uns\\\/die-pgnig-gruppe\\\/#breadcrumb\",\"itemListElement\":[{\"@type\":\"ListItem\",\"position\":1,\"name\":\"Home\",\"item\":\"https:\\\/\\\/orlengas.com\\\/de\\\/\"},{\"@type\":\"ListItem\",\"position\":2,\"name\":\"\u00dcber Uns\",\"item\":\"https:\\\/\\\/orlengas.com\\\/de\\\/ueber-uns\\\/\"},{\"@type\":\"ListItem\",\"position\":3,\"name\":\"Die ORLEN Gruppe\"}]},{\"@type\":\"WebSite\",\"@id\":\"https:\\\/\\\/orlengas.com\\\/#website\",\"url\":\"https:\\\/\\\/orlengas.com\\\/\",\"name\":\"ORLEN ENERGY TRADING GMBH\",\"description\":\"ORLEN ENERGY TRADING GMBH\",\"publisher\":{\"@id\":\"https:\\\/\\\/orlengas.com\\\/#organization\"},\"potentialAction\":[{\"@type\":\"SearchAction\",\"target\":{\"@type\":\"EntryPoint\",\"urlTemplate\":\"https:\\\/\\\/orlengas.com\\\/?s={search_term_string}\"},\"query-input\":{\"@type\":\"PropertyValueSpecification\",\"valueRequired\":true,\"valueName\":\"search_term_string\"}}],\"inLanguage\":\"de\"},{\"@type\":\"Organization\",\"@id\":\"https:\\\/\\\/orlengas.com\\\/#organization\",\"name\":\"PGNiG Supply & Trading GmbH\",\"url\":\"https:\\\/\\\/orlengas.com\\\/\",\"logo\":{\"@type\":\"ImageObject\",\"inLanguage\":\"de\",\"@id\":\"https:\\\/\\\/orlengas.com\\\/#\\\/schema\\\/logo\\\/image\\\/\",\"url\":\"https:\\\/\\\/pst-energie.com\\\/wp-content\\\/uploads\\\/2019\\\/01\\\/PGNIG-Supply-Trading-GmbH-Logo.jpg\",\"contentUrl\":\"https:\\\/\\\/pst-energie.com\\\/wp-content\\\/uploads\\\/2019\\\/01\\\/PGNIG-Supply-Trading-GmbH-Logo.jpg\",\"width\":1425,\"height\":678,\"caption\":\"PGNiG Supply & Trading GmbH\"},\"image\":{\"@id\":\"https:\\\/\\\/orlengas.com\\\/#\\\/schema\\\/logo\\\/image\\\/\"}}]}<\/script>\n<!-- \/ Yoast SEO plugin. -->","yoast_head_json":{"title":"Die ORLEN Gruppe | ORLEN ENERGY TRADING GMBH","description":"PST is a 100% subsidiary of Polskie G\u00f3rnictwo Naftowe i Gazownictwo SA (PGNiG), with a tradition of more than 130 years in energy.","robots":{"index":"index","follow":"follow","max-snippet":"max-snippet:-1","max-image-preview":"max-image-preview:large","max-video-preview":"max-video-preview:-1"},"canonical":"https:\/\/orlengas.com\/de\/ueber-uns\/die-pgnig-gruppe\/","og_locale":"de_DE","og_type":"article","og_title":"Die ORLEN Gruppe | ORLEN ENERGY TRADING GMBH","og_description":"PST is a 100% subsidiary of Polskie G\u00f3rnictwo Naftowe i Gazownictwo SA (PGNiG), with a tradition of more than 130 years in energy.","og_url":"https:\/\/orlengas.com\/de\/ueber-uns\/die-pgnig-gruppe\/","og_site_name":"ORLEN ENERGY TRADING GMBH","article_modified_time":"2026-03-30T06:26:22+00:00","og_image":[{"width":1280,"height":834,"url":"https:\/\/orlengas.com\/wp-content\/uploads\/2018\/12\/c_Photo-by-PGNiG-SA.jpg","type":"image\/jpeg"}],"twitter_card":"summary_large_image","twitter_misc":{"Gesch\u00e4tzte Lesezeit":"3\u00a0Minuten"},"schema":{"@context":"https:\/\/schema.org","@graph":[{"@type":"WebPage","@id":"https:\/\/orlengas.com\/de\/ueber-uns\/die-pgnig-gruppe\/","url":"https:\/\/orlengas.com\/de\/ueber-uns\/die-pgnig-gruppe\/","name":"Die ORLEN Gruppe | ORLEN ENERGY TRADING GMBH","isPartOf":{"@id":"https:\/\/orlengas.com\/#website"},"primaryImageOfPage":{"@id":"https:\/\/orlengas.com\/de\/ueber-uns\/die-pgnig-gruppe\/#primaryimage"},"image":{"@id":"https:\/\/orlengas.com\/de\/ueber-uns\/die-pgnig-gruppe\/#primaryimage"},"thumbnailUrl":"https:\/\/orlengas.com\/wp-content\/uploads\/2018\/12\/c_Photo-by-PGNiG-SA.jpg","datePublished":"2018-12-05T17:20:43+00:00","dateModified":"2026-03-30T06:26:22+00:00","description":"PST is a 100% subsidiary of Polskie G\u00f3rnictwo Naftowe i Gazownictwo SA (PGNiG), with a tradition of more than 130 years in energy.","breadcrumb":{"@id":"https:\/\/orlengas.com\/de\/ueber-uns\/die-pgnig-gruppe\/#breadcrumb"},"inLanguage":"de","potentialAction":[{"@type":"ReadAction","target":["https:\/\/orlengas.com\/de\/ueber-uns\/die-pgnig-gruppe\/"]}]},{"@type":"ImageObject","inLanguage":"de","@id":"https:\/\/orlengas.com\/de\/ueber-uns\/die-pgnig-gruppe\/#primaryimage","url":"https:\/\/orlengas.com\/wp-content\/uploads\/2018\/12\/c_Photo-by-PGNiG-SA.jpg","contentUrl":"https:\/\/orlengas.com\/wp-content\/uploads\/2018\/12\/c_Photo-by-PGNiG-SA.jpg","width":1280,"height":834,"caption":"PGNiG SA photo"},{"@type":"BreadcrumbList","@id":"https:\/\/orlengas.com\/de\/ueber-uns\/die-pgnig-gruppe\/#breadcrumb","itemListElement":[{"@type":"ListItem","position":1,"name":"Home","item":"https:\/\/orlengas.com\/de\/"},{"@type":"ListItem","position":2,"name":"\u00dcber Uns","item":"https:\/\/orlengas.com\/de\/ueber-uns\/"},{"@type":"ListItem","position":3,"name":"Die ORLEN Gruppe"}]},{"@type":"WebSite","@id":"https:\/\/orlengas.com\/#website","url":"https:\/\/orlengas.com\/","name":"ORLEN ENERGY TRADING GMBH","description":"ORLEN ENERGY TRADING GMBH","publisher":{"@id":"https:\/\/orlengas.com\/#organization"},"potentialAction":[{"@type":"SearchAction","target":{"@type":"EntryPoint","urlTemplate":"https:\/\/orlengas.com\/?s={search_term_string}"},"query-input":{"@type":"PropertyValueSpecification","valueRequired":true,"valueName":"search_term_string"}}],"inLanguage":"de"},{"@type":"Organization","@id":"https:\/\/orlengas.com\/#organization","name":"PGNiG Supply & Trading GmbH","url":"https:\/\/orlengas.com\/","logo":{"@type":"ImageObject","inLanguage":"de","@id":"https:\/\/orlengas.com\/#\/schema\/logo\/image\/","url":"https:\/\/pst-energie.com\/wp-content\/uploads\/2019\/01\/PGNIG-Supply-Trading-GmbH-Logo.jpg","contentUrl":"https:\/\/pst-energie.com\/wp-content\/uploads\/2019\/01\/PGNIG-Supply-Trading-GmbH-Logo.jpg","width":1425,"height":678,"caption":"PGNiG Supply & Trading GmbH"},"image":{"@id":"https:\/\/orlengas.com\/#\/schema\/logo\/image\/"}}]}},"_links":{"self":[{"href":"https:\/\/orlengas.com\/de\/wp-json\/wp\/v2\/pages\/383","targetHints":{"allow":["GET"]}}],"collection":[{"href":"https:\/\/orlengas.com\/de\/wp-json\/wp\/v2\/pages"}],"about":[{"href":"https:\/\/orlengas.com\/de\/wp-json\/wp\/v2\/types\/page"}],"author":[{"embeddable":true,"href":"https:\/\/orlengas.com\/de\/wp-json\/wp\/v2\/users\/1"}],"replies":[{"embeddable":true,"href":"https:\/\/orlengas.com\/de\/wp-json\/wp\/v2\/comments?post=383"}],"version-history":[{"count":29,"href":"https:\/\/orlengas.com\/de\/wp-json\/wp\/v2\/pages\/383\/revisions"}],"predecessor-version":[{"id":3212,"href":"https:\/\/orlengas.com\/de\/wp-json\/wp\/v2\/pages\/383\/revisions\/3212"}],"up":[{"embeddable":true,"href":"https:\/\/orlengas.com\/de\/wp-json\/wp\/v2\/pages\/379"}],"wp:featuredmedia":[{"embeddable":true,"href":"https:\/\/orlengas.com\/de\/wp-json\/wp\/v2\/media\/693"}],"wp:attachment":[{"href":"https:\/\/orlengas.com\/de\/wp-json\/wp\/v2\/media?parent=383"}],"wp:term":[{"taxonomy":"category","embeddable":true,"href":"https:\/\/orlengas.com\/de\/wp-json\/wp\/v2\/categories?post=383"}],"curies":[{"name":"wp","href":"https:\/\/api.w.org\/{rel}","templated":true}]}}