{"id":407,"date":"2018-12-05T19:54:08","date_gmt":"2018-12-05T18:54:08","guid":{"rendered":"https:\/\/launch.pst-energie.com\/geschaftsfelder\/"},"modified":"2021-04-30T09:14:18","modified_gmt":"2021-04-30T07:14:18","slug":"geschaftsfelder","status":"publish","type":"page","link":"https:\/\/orlengas.com\/de\/geschaftsfelder\/","title":{"rendered":"Gesch\u00e4ftsfelder"},"content":{"rendered":"\n<p class=\"has-text-align-center page-lead\">Mit unserer Expertise f\u00fcr Trading in der internationalen Energiewirtschaft, Versorgung von Endkunden sowie Stadtwerken und weiteren ma\u00dfgeschneiderten Services stehen wir Ihnen mit nur einem Klick auf das gew\u00fcnschte Gebiet zur Verf\u00fcgung.<\/p>\n\n\n\n<div class=\"wp-block-columns has-3-columns what-we-do-landing is-layout-flex wp-container-core-columns-is-layout-9d6595d7 wp-block-columns-is-layout-flex\">\n<div class=\"wp-block-column is-layout-flow wp-block-column-is-layout-flow\">\n<figure class=\"wp-block-image circle-image is-style-rounded\"><a href=\"https:\/\/pst-energie.com\/what-we-do-en\/trading-en\/\"><img loading=\"lazy\" decoding=\"async\" width=\"768\" height=\"769\" src=\"https:\/\/pst-energie.com\/wp-content\/uploads\/2018\/12\/trading.jpg\" alt=\"PST Trading\" class=\"wp-image-548\" srcset=\"https:\/\/orlengas.com\/wp-content\/uploads\/2018\/12\/trading.jpg 768w, https:\/\/orlengas.com\/wp-content\/uploads\/2018\/12\/trading-150x150.jpg 150w, https:\/\/orlengas.com\/wp-content\/uploads\/2018\/12\/trading-300x300.jpg 300w\" sizes=\"auto, (max-width: 768px) 100vw, 768px\" \/><\/a><\/figure>\n\n\n\n<h3 class=\"has-text-align-center wp-block-heading\"><a href=\"https:\/\/pst-energie.com\/de\/geschaftsfelder\/handel\/\">Handel<\/a><\/h3>\n\n\n\n<p>Wir handeln Gas, LNG, Strom, \u00d6l und Umweltprodukte. Dank unserer internationalen Vernetzung verf\u00fcgen wir \u00fcber direkten Zugang zu allen relevanten europ\u00e4ischen Gas- und Stromm\u00e4rkten. Wir agieren dabei als attraktiver Energieversorger und verl\u00e4sslicher Partner.<\/p>\n\n\n\n<p class=\"wwd-more\"><a href=\"https:\/\/pst-energie.com\/de\/geschaftsfelder\/handel\/\">MEHR<\/a><\/p>\n<\/div>\n\n\n\n<div class=\"wp-block-column is-layout-flow wp-block-column-is-layout-flow\">\n<figure class=\"wp-block-image margin-center circle-image is-style-rounded\"><img loading=\"lazy\" decoding=\"async\" width=\"768\" height=\"768\" src=\"https:\/\/pst-energie.com\/wp-content\/uploads\/2018\/12\/supply.jpg\" alt=\"PST Supply\" class=\"wp-image-554\" srcset=\"https:\/\/orlengas.com\/wp-content\/uploads\/2018\/12\/supply.jpg 768w, https:\/\/orlengas.com\/wp-content\/uploads\/2018\/12\/supply-150x150.jpg 150w, https:\/\/orlengas.com\/wp-content\/uploads\/2018\/12\/supply-300x300.jpg 300w\" sizes=\"auto, (max-width: 768px) 100vw, 768px\" \/><\/figure>\n\n\n\n<h3 class=\"has-text-align-center wp-block-heading\"><a href=\"https:\/\/pst-energie.com\/de\/geschaftsfelder\/versorgung\/\">Versorgung<\/a><\/h3>\n\n\n\n<p>Jeder Kunde hat individuelle Anforderungen an seine Energieversorgung. Wir bieten Gas- und Stromprodukte f\u00fcr Industrieverbraucher und Stadtwerke die Ihre Versorgungssicherheit garantieren, Ihre Wettbewerbsf\u00e4higkeit sichern, Planungssicherheit bieten und zu Ihrer Verbrauchsstruktur passen.<\/p>\n\n\n\n<p class=\"wwd-more\"><a href=\"https:\/\/pst-energie.com\/de\/geschaftsfelder\/versorgung\/\">MEHR<\/a><\/p>\n<\/div>\n\n\n\n<div class=\"wp-block-column is-layout-flow wp-block-column-is-layout-flow\">\n<figure class=\"wp-block-image margin-center circle-image is-style-rounded\"><img loading=\"lazy\" decoding=\"async\" width=\"768\" height=\"769\" src=\"https:\/\/pst-energie.com\/wp-content\/uploads\/2018\/12\/services.jpg\" alt=\"PST Services\" class=\"wp-image-551\" srcset=\"https:\/\/orlengas.com\/wp-content\/uploads\/2018\/12\/services.jpg 768w, https:\/\/orlengas.com\/wp-content\/uploads\/2018\/12\/services-150x150.jpg 150w, https:\/\/orlengas.com\/wp-content\/uploads\/2018\/12\/services-300x300.jpg 300w\" sizes=\"auto, (max-width: 768px) 100vw, 768px\" \/><\/figure>\n\n\n\n<h3 class=\"has-text-align-center wp-block-heading\"><a href=\"https:\/\/pst-energie.com\/de\/geschaftsfelder\/services\/\">Services<\/a><\/h3>\n\n\n\n<p>Soll es noch individueller sein? Unsere Services sind genau auf Ihre Bed\u00fcrfnisse abgestimmt:<br><br> \u2022 LNG als Kraftstoff f\u00fcr Ihre LKW-Flotte oder Industrie<br> <br>\u2022 Bilanzkreismanagement f\u00fcr Gas und Strom<br> <br>\u2022 Ticketing Service f\u00fcr Versorgungssicherheit  <\/p>\n\n\n\n<p class=\"wwd-more\"><a href=\"https:\/\/pst-energie.com\/de\/geschaftsfelder\/services\/\">MEHR<\/a><\/p>\n<\/div>\n<\/div>\n","protected":false},"excerpt":{"rendered":"<p>Mit unserer Expertise f\u00fcr Trading in der internationalen Energiewirtschaft, Versorgung von Endkunden sowie Stadtwerken und weiteren ma\u00dfgeschneiderten Services stehen wir Ihnen mit nur einem Klick auf das gew\u00fcnschte Gebiet zur Verf\u00fcgung. Handel Wir handeln Gas, LNG, Strom, \u00d6l und Umweltprodukte. Dank unserer internationalen Vernetzung verf\u00fcgen wir \u00fcber direkten Zugang zu allen relevanten europ\u00e4ischen Gas- und [&hellip;]<\/p>\n","protected":false},"author":1,"featured_media":0,"parent":0,"menu_order":0,"comment_status":"closed","ping_status":"closed","template":"","meta":{"_acf_changed":false,"footnotes":""},"categories":[],"class_list":["post-407","page","type-page","status-publish","hentry"],"acf":[],"yoast_head":"<!-- This site is optimized with the Yoast SEO plugin v27.3 - https:\/\/yoast.com\/product\/yoast-seo-wordpress\/ -->\n<title>Gesch\u00e4ftsfelder | ORLEN ENERGY TRADING GMBH<\/title>\n<meta name=\"description\" content=\"PST - PGNiG Supply &amp; Trading | Handel | Versorgung | Ma\u00dfgeschneiderte Services\" \/>\n<meta name=\"robots\" content=\"index, follow, max-snippet:-1, max-image-preview:large, max-video-preview:-1\" \/>\n<link rel=\"canonical\" href=\"https:\/\/orlengas.com\/de\/geschaftsfelder\/\" \/>\n<meta property=\"og:locale\" content=\"de_DE\" \/>\n<meta property=\"og:type\" content=\"article\" \/>\n<meta property=\"og:title\" content=\"Gesch\u00e4ftsfelder | ORLEN ENERGY TRADING GMBH\" \/>\n<meta property=\"og:description\" content=\"PST - PGNiG Supply &amp; Trading | Handel | Versorgung | Ma\u00dfgeschneiderte Services\" \/>\n<meta property=\"og:url\" content=\"https:\/\/orlengas.com\/de\/geschaftsfelder\/\" \/>\n<meta property=\"og:site_name\" content=\"ORLEN ENERGY TRADING GMBH\" \/>\n<meta property=\"article:modified_time\" content=\"2021-04-30T07:14:18+00:00\" \/>\n<meta property=\"og:image\" content=\"https:\/\/pst-energie.com\/wp-content\/uploads\/2018\/12\/trading.jpg\" \/>\n<meta name=\"twitter:card\" content=\"summary_large_image\" \/>\n<meta name=\"twitter:label1\" content=\"Gesch\u00e4tzte Lesezeit\" \/>\n\t<meta name=\"twitter:data1\" content=\"2\u00a0Minuten\" \/>\n<script type=\"application\/ld+json\" class=\"yoast-schema-graph\">{\"@context\":\"https:\\\/\\\/schema.org\",\"@graph\":[{\"@type\":\"WebPage\",\"@id\":\"https:\\\/\\\/orlengas.com\\\/de\\\/geschaftsfelder\\\/\",\"url\":\"https:\\\/\\\/orlengas.com\\\/de\\\/geschaftsfelder\\\/\",\"name\":\"Gesch\u00e4ftsfelder | ORLEN ENERGY TRADING GMBH\",\"isPartOf\":{\"@id\":\"https:\\\/\\\/orlengas.com\\\/#website\"},\"primaryImageOfPage\":{\"@id\":\"https:\\\/\\\/orlengas.com\\\/de\\\/geschaftsfelder\\\/#primaryimage\"},\"image\":{\"@id\":\"https:\\\/\\\/orlengas.com\\\/de\\\/geschaftsfelder\\\/#primaryimage\"},\"thumbnailUrl\":\"https:\\\/\\\/pst-energie.com\\\/wp-content\\\/uploads\\\/2018\\\/12\\\/trading.jpg\",\"datePublished\":\"2018-12-05T18:54:08+00:00\",\"dateModified\":\"2021-04-30T07:14:18+00:00\",\"description\":\"PST - PGNiG Supply & Trading | Handel | Versorgung | Ma\u00dfgeschneiderte Services\",\"breadcrumb\":{\"@id\":\"https:\\\/\\\/orlengas.com\\\/de\\\/geschaftsfelder\\\/#breadcrumb\"},\"inLanguage\":\"de\",\"potentialAction\":[{\"@type\":\"ReadAction\",\"target\":[\"https:\\\/\\\/orlengas.com\\\/de\\\/geschaftsfelder\\\/\"]}]},{\"@type\":\"ImageObject\",\"inLanguage\":\"de\",\"@id\":\"https:\\\/\\\/orlengas.com\\\/de\\\/geschaftsfelder\\\/#primaryimage\",\"url\":\"https:\\\/\\\/pst-energie.com\\\/wp-content\\\/uploads\\\/2018\\\/12\\\/trading.jpg\",\"contentUrl\":\"https:\\\/\\\/pst-energie.com\\\/wp-content\\\/uploads\\\/2018\\\/12\\\/trading.jpg\"},{\"@type\":\"BreadcrumbList\",\"@id\":\"https:\\\/\\\/orlengas.com\\\/de\\\/geschaftsfelder\\\/#breadcrumb\",\"itemListElement\":[{\"@type\":\"ListItem\",\"position\":1,\"name\":\"Home\",\"item\":\"https:\\\/\\\/orlengas.com\\\/de\\\/\"},{\"@type\":\"ListItem\",\"position\":2,\"name\":\"Gesch\u00e4ftsfelder\"}]},{\"@type\":\"WebSite\",\"@id\":\"https:\\\/\\\/orlengas.com\\\/#website\",\"url\":\"https:\\\/\\\/orlengas.com\\\/\",\"name\":\"ORLEN ENERGY TRADING GMBH\",\"description\":\"ORLEN ENERGY TRADING GMBH\",\"publisher\":{\"@id\":\"https:\\\/\\\/orlengas.com\\\/#organization\"},\"potentialAction\":[{\"@type\":\"SearchAction\",\"target\":{\"@type\":\"EntryPoint\",\"urlTemplate\":\"https:\\\/\\\/orlengas.com\\\/?s={search_term_string}\"},\"query-input\":{\"@type\":\"PropertyValueSpecification\",\"valueRequired\":true,\"valueName\":\"search_term_string\"}}],\"inLanguage\":\"de\"},{\"@type\":\"Organization\",\"@id\":\"https:\\\/\\\/orlengas.com\\\/#organization\",\"name\":\"PGNiG Supply & Trading GmbH\",\"url\":\"https:\\\/\\\/orlengas.com\\\/\",\"logo\":{\"@type\":\"ImageObject\",\"inLanguage\":\"de\",\"@id\":\"https:\\\/\\\/orlengas.com\\\/#\\\/schema\\\/logo\\\/image\\\/\",\"url\":\"https:\\\/\\\/pst-energie.com\\\/wp-content\\\/uploads\\\/2019\\\/01\\\/PGNIG-Supply-Trading-GmbH-Logo.jpg\",\"contentUrl\":\"https:\\\/\\\/pst-energie.com\\\/wp-content\\\/uploads\\\/2019\\\/01\\\/PGNIG-Supply-Trading-GmbH-Logo.jpg\",\"width\":1425,\"height\":678,\"caption\":\"PGNiG Supply & Trading GmbH\"},\"image\":{\"@id\":\"https:\\\/\\\/orlengas.com\\\/#\\\/schema\\\/logo\\\/image\\\/\"}}]}<\/script>\n<!-- \/ Yoast SEO plugin. -->","yoast_head_json":{"title":"Gesch\u00e4ftsfelder | ORLEN ENERGY TRADING GMBH","description":"PST - PGNiG Supply & Trading | Handel | Versorgung | Ma\u00dfgeschneiderte Services","robots":{"index":"index","follow":"follow","max-snippet":"max-snippet:-1","max-image-preview":"max-image-preview:large","max-video-preview":"max-video-preview:-1"},"canonical":"https:\/\/orlengas.com\/de\/geschaftsfelder\/","og_locale":"de_DE","og_type":"article","og_title":"Gesch\u00e4ftsfelder | ORLEN ENERGY TRADING GMBH","og_description":"PST - PGNiG Supply & Trading | Handel | Versorgung | Ma\u00dfgeschneiderte Services","og_url":"https:\/\/orlengas.com\/de\/geschaftsfelder\/","og_site_name":"ORLEN ENERGY TRADING GMBH","article_modified_time":"2021-04-30T07:14:18+00:00","og_image":[{"url":"https:\/\/pst-energie.com\/wp-content\/uploads\/2018\/12\/trading.jpg","type":"","width":"","height":""}],"twitter_card":"summary_large_image","twitter_misc":{"Gesch\u00e4tzte Lesezeit":"2\u00a0Minuten"},"schema":{"@context":"https:\/\/schema.org","@graph":[{"@type":"WebPage","@id":"https:\/\/orlengas.com\/de\/geschaftsfelder\/","url":"https:\/\/orlengas.com\/de\/geschaftsfelder\/","name":"Gesch\u00e4ftsfelder | ORLEN ENERGY TRADING GMBH","isPartOf":{"@id":"https:\/\/orlengas.com\/#website"},"primaryImageOfPage":{"@id":"https:\/\/orlengas.com\/de\/geschaftsfelder\/#primaryimage"},"image":{"@id":"https:\/\/orlengas.com\/de\/geschaftsfelder\/#primaryimage"},"thumbnailUrl":"https:\/\/pst-energie.com\/wp-content\/uploads\/2018\/12\/trading.jpg","datePublished":"2018-12-05T18:54:08+00:00","dateModified":"2021-04-30T07:14:18+00:00","description":"PST - PGNiG Supply & Trading | Handel | Versorgung | Ma\u00dfgeschneiderte Services","breadcrumb":{"@id":"https:\/\/orlengas.com\/de\/geschaftsfelder\/#breadcrumb"},"inLanguage":"de","potentialAction":[{"@type":"ReadAction","target":["https:\/\/orlengas.com\/de\/geschaftsfelder\/"]}]},{"@type":"ImageObject","inLanguage":"de","@id":"https:\/\/orlengas.com\/de\/geschaftsfelder\/#primaryimage","url":"https:\/\/pst-energie.com\/wp-content\/uploads\/2018\/12\/trading.jpg","contentUrl":"https:\/\/pst-energie.com\/wp-content\/uploads\/2018\/12\/trading.jpg"},{"@type":"BreadcrumbList","@id":"https:\/\/orlengas.com\/de\/geschaftsfelder\/#breadcrumb","itemListElement":[{"@type":"ListItem","position":1,"name":"Home","item":"https:\/\/orlengas.com\/de\/"},{"@type":"ListItem","position":2,"name":"Gesch\u00e4ftsfelder"}]},{"@type":"WebSite","@id":"https:\/\/orlengas.com\/#website","url":"https:\/\/orlengas.com\/","name":"ORLEN ENERGY TRADING GMBH","description":"ORLEN ENERGY TRADING GMBH","publisher":{"@id":"https:\/\/orlengas.com\/#organization"},"potentialAction":[{"@type":"SearchAction","target":{"@type":"EntryPoint","urlTemplate":"https:\/\/orlengas.com\/?s={search_term_string}"},"query-input":{"@type":"PropertyValueSpecification","valueRequired":true,"valueName":"search_term_string"}}],"inLanguage":"de"},{"@type":"Organization","@id":"https:\/\/orlengas.com\/#organization","name":"PGNiG Supply & Trading GmbH","url":"https:\/\/orlengas.com\/","logo":{"@type":"ImageObject","inLanguage":"de","@id":"https:\/\/orlengas.com\/#\/schema\/logo\/image\/","url":"https:\/\/pst-energie.com\/wp-content\/uploads\/2019\/01\/PGNIG-Supply-Trading-GmbH-Logo.jpg","contentUrl":"https:\/\/pst-energie.com\/wp-content\/uploads\/2019\/01\/PGNIG-Supply-Trading-GmbH-Logo.jpg","width":1425,"height":678,"caption":"PGNiG Supply & Trading GmbH"},"image":{"@id":"https:\/\/orlengas.com\/#\/schema\/logo\/image\/"}}]}},"_links":{"self":[{"href":"https:\/\/orlengas.com\/de\/wp-json\/wp\/v2\/pages\/407","targetHints":{"allow":["GET"]}}],"collection":[{"href":"https:\/\/orlengas.com\/de\/wp-json\/wp\/v2\/pages"}],"about":[{"href":"https:\/\/orlengas.com\/de\/wp-json\/wp\/v2\/types\/page"}],"author":[{"embeddable":true,"href":"https:\/\/orlengas.com\/de\/wp-json\/wp\/v2\/users\/1"}],"replies":[{"embeddable":true,"href":"https:\/\/orlengas.com\/de\/wp-json\/wp\/v2\/comments?post=407"}],"version-history":[{"count":11,"href":"https:\/\/orlengas.com\/de\/wp-json\/wp\/v2\/pages\/407\/revisions"}],"predecessor-version":[{"id":2071,"href":"https:\/\/orlengas.com\/de\/wp-json\/wp\/v2\/pages\/407\/revisions\/2071"}],"wp:attachment":[{"href":"https:\/\/orlengas.com\/de\/wp-json\/wp\/v2\/media?parent=407"}],"wp:term":[{"taxonomy":"category","embeddable":true,"href":"https:\/\/orlengas.com\/de\/wp-json\/wp\/v2\/categories?post=407"}],"curies":[{"name":"wp","href":"https:\/\/api.w.org\/{rel}","templated":true}]}}