{"id":409,"date":"2018-12-05T19:55:24","date_gmt":"2018-12-05T18:55:24","guid":{"rendered":"https:\/\/launch.pst-energie.com\/geschaftsfelder\/services\/bilanzkreismanagement\/"},"modified":"2025-03-15T01:18:39","modified_gmt":"2025-03-15T00:18:39","slug":"bilanzkreismanagement","status":"publish","type":"page","link":"https:\/\/orlengas.com\/de\/geschaftsfelder\/services\/bilanzkreismanagement\/","title":{"rendered":"Bilanzkreismanagement"},"content":{"rendered":"\n<p class=\"page-lead\">Bilanzkreismanagement Strom &amp; Gas<\/p>\n\n\n\n<p>Von der Abwicklung von administrativen Bilanzkreisprozessen \u00fcber Prognoseerstellung und Nominierung bis hin zur Abrechnung \u2013 PST ist Ihr Partner im Bilanzkreismanagement. Ob Sie Unterst\u00fctzung in einzelnen Aufgabenbereichen ben\u00f6tigen oder einen Dienstleister suchen, der den gesamten Prozess f\u00fcr Sie \u00fcbernimmt \u2013 unser Team ist f\u00fcr Sie da.<br><br><br><\/p>\n\n\n\n<figure class=\"wp-block-image is-resized\"><img decoding=\"async\" src=\"https:\/\/pst-energie.com\/wp-content\/uploads\/2025\/03\/graph1_OST_de.png\" alt=\"\" class=\"wp-image-1123\" width=\"640\"\/><\/figure>\n\n\n\n<p><br><br>Kontaktieren Sie uns gern f\u00fcr weitere Informationen!<\/p>\n\n\n\n<p><a href=\"mailto:operations@pst-energie.com\">operations@pst-energie.com<\/a><\/p>\n","protected":false},"excerpt":{"rendered":"<p>Bilanzkreismanagement Strom &amp; Gas Von der Abwicklung von administrativen Bilanzkreisprozessen \u00fcber Prognoseerstellung und Nominierung bis hin zur Abrechnung \u2013 PST ist Ihr Partner im Bilanzkreismanagement. Ob Sie Unterst\u00fctzung in einzelnen Aufgabenbereichen ben\u00f6tigen oder einen Dienstleister suchen, der den gesamten Prozess f\u00fcr Sie \u00fcbernimmt \u2013 unser Team ist f\u00fcr Sie da. Kontaktieren Sie uns gern f\u00fcr [&hellip;]<\/p>\n","protected":false},"author":1,"featured_media":0,"parent":408,"menu_order":0,"comment_status":"closed","ping_status":"closed","template":"","meta":{"_acf_changed":false,"footnotes":""},"categories":[],"class_list":["post-409","page","type-page","status-publish","hentry"],"acf":[],"yoast_head":"<!-- This site is optimized with the Yoast SEO plugin v27.3 - https:\/\/yoast.com\/product\/yoast-seo-wordpress\/ -->\n<title>Bilanzkreismanagement | ORLEN ENERGY TRADING GMBH<\/title>\n<meta name=\"description\" content=\"Bilanzkreismanagement im Strom- und Gasbereich. Von Administration \u00fcber Prognosen zur Nominierung - PST unterst\u00fctzt Sie bei jedem Schritt.\" \/>\n<meta name=\"robots\" content=\"index, follow, max-snippet:-1, max-image-preview:large, max-video-preview:-1\" \/>\n<link rel=\"canonical\" href=\"https:\/\/orlengas.com\/de\/geschaftsfelder\/services\/bilanzkreismanagement\/\" \/>\n<meta property=\"og:locale\" content=\"de_DE\" \/>\n<meta property=\"og:type\" content=\"article\" \/>\n<meta property=\"og:title\" content=\"Bilanzkreismanagement | ORLEN ENERGY TRADING GMBH\" \/>\n<meta property=\"og:description\" content=\"Bilanzkreismanagement im Strom- und Gasbereich. Von Administration \u00fcber Prognosen zur Nominierung - PST unterst\u00fctzt Sie bei jedem Schritt.\" \/>\n<meta property=\"og:url\" content=\"https:\/\/orlengas.com\/de\/geschaftsfelder\/services\/bilanzkreismanagement\/\" \/>\n<meta property=\"og:site_name\" content=\"ORLEN ENERGY TRADING GMBH\" \/>\n<meta property=\"article:modified_time\" content=\"2025-03-15T00:18:39+00:00\" \/>\n<meta property=\"og:image\" content=\"https:\/\/pst-energie.com\/wp-content\/uploads\/2025\/03\/graph1_OST_de.png\" \/>\n<meta name=\"twitter:card\" content=\"summary_large_image\" \/>\n<meta name=\"twitter:label1\" content=\"Gesch\u00e4tzte Lesezeit\" \/>\n\t<meta name=\"twitter:data1\" content=\"1\u00a0Minute\" \/>\n<script type=\"application\/ld+json\" class=\"yoast-schema-graph\">{\"@context\":\"https:\\\/\\\/schema.org\",\"@graph\":[{\"@type\":\"WebPage\",\"@id\":\"https:\\\/\\\/orlengas.com\\\/de\\\/geschaftsfelder\\\/services\\\/bilanzkreismanagement\\\/\",\"url\":\"https:\\\/\\\/orlengas.com\\\/de\\\/geschaftsfelder\\\/services\\\/bilanzkreismanagement\\\/\",\"name\":\"Bilanzkreismanagement | ORLEN ENERGY TRADING GMBH\",\"isPartOf\":{\"@id\":\"https:\\\/\\\/orlengas.com\\\/#website\"},\"primaryImageOfPage\":{\"@id\":\"https:\\\/\\\/orlengas.com\\\/de\\\/geschaftsfelder\\\/services\\\/bilanzkreismanagement\\\/#primaryimage\"},\"image\":{\"@id\":\"https:\\\/\\\/orlengas.com\\\/de\\\/geschaftsfelder\\\/services\\\/bilanzkreismanagement\\\/#primaryimage\"},\"thumbnailUrl\":\"https:\\\/\\\/pst-energie.com\\\/wp-content\\\/uploads\\\/2025\\\/03\\\/graph1_OST_de.png\",\"datePublished\":\"2018-12-05T18:55:24+00:00\",\"dateModified\":\"2025-03-15T00:18:39+00:00\",\"description\":\"Bilanzkreismanagement im Strom- und Gasbereich. Von Administration \u00fcber Prognosen zur Nominierung - PST unterst\u00fctzt Sie bei jedem Schritt.\",\"breadcrumb\":{\"@id\":\"https:\\\/\\\/orlengas.com\\\/de\\\/geschaftsfelder\\\/services\\\/bilanzkreismanagement\\\/#breadcrumb\"},\"inLanguage\":\"de\",\"potentialAction\":[{\"@type\":\"ReadAction\",\"target\":[\"https:\\\/\\\/orlengas.com\\\/de\\\/geschaftsfelder\\\/services\\\/bilanzkreismanagement\\\/\"]}]},{\"@type\":\"ImageObject\",\"inLanguage\":\"de\",\"@id\":\"https:\\\/\\\/orlengas.com\\\/de\\\/geschaftsfelder\\\/services\\\/bilanzkreismanagement\\\/#primaryimage\",\"url\":\"https:\\\/\\\/pst-energie.com\\\/wp-content\\\/uploads\\\/2025\\\/03\\\/graph1_OST_de.png\",\"contentUrl\":\"https:\\\/\\\/pst-energie.com\\\/wp-content\\\/uploads\\\/2025\\\/03\\\/graph1_OST_de.png\"},{\"@type\":\"BreadcrumbList\",\"@id\":\"https:\\\/\\\/orlengas.com\\\/de\\\/geschaftsfelder\\\/services\\\/bilanzkreismanagement\\\/#breadcrumb\",\"itemListElement\":[{\"@type\":\"ListItem\",\"position\":1,\"name\":\"Home\",\"item\":\"https:\\\/\\\/orlengas.com\\\/de\\\/\"},{\"@type\":\"ListItem\",\"position\":2,\"name\":\"Gesch\u00e4ftsfelder\",\"item\":\"https:\\\/\\\/orlengas.com\\\/de\\\/geschaftsfelder\\\/\"},{\"@type\":\"ListItem\",\"position\":3,\"name\":\"Services\",\"item\":\"https:\\\/\\\/orlengas.com\\\/de\\\/geschaftsfelder\\\/services\\\/\"},{\"@type\":\"ListItem\",\"position\":4,\"name\":\"Bilanzkreismanagement\"}]},{\"@type\":\"WebSite\",\"@id\":\"https:\\\/\\\/orlengas.com\\\/#website\",\"url\":\"https:\\\/\\\/orlengas.com\\\/\",\"name\":\"ORLEN ENERGY TRADING GMBH\",\"description\":\"ORLEN ENERGY TRADING GMBH\",\"publisher\":{\"@id\":\"https:\\\/\\\/orlengas.com\\\/#organization\"},\"potentialAction\":[{\"@type\":\"SearchAction\",\"target\":{\"@type\":\"EntryPoint\",\"urlTemplate\":\"https:\\\/\\\/orlengas.com\\\/?s={search_term_string}\"},\"query-input\":{\"@type\":\"PropertyValueSpecification\",\"valueRequired\":true,\"valueName\":\"search_term_string\"}}],\"inLanguage\":\"de\"},{\"@type\":\"Organization\",\"@id\":\"https:\\\/\\\/orlengas.com\\\/#organization\",\"name\":\"PGNiG Supply & Trading GmbH\",\"url\":\"https:\\\/\\\/orlengas.com\\\/\",\"logo\":{\"@type\":\"ImageObject\",\"inLanguage\":\"de\",\"@id\":\"https:\\\/\\\/orlengas.com\\\/#\\\/schema\\\/logo\\\/image\\\/\",\"url\":\"https:\\\/\\\/pst-energie.com\\\/wp-content\\\/uploads\\\/2019\\\/01\\\/PGNIG-Supply-Trading-GmbH-Logo.jpg\",\"contentUrl\":\"https:\\\/\\\/pst-energie.com\\\/wp-content\\\/uploads\\\/2019\\\/01\\\/PGNIG-Supply-Trading-GmbH-Logo.jpg\",\"width\":1425,\"height\":678,\"caption\":\"PGNiG Supply & Trading GmbH\"},\"image\":{\"@id\":\"https:\\\/\\\/orlengas.com\\\/#\\\/schema\\\/logo\\\/image\\\/\"}}]}<\/script>\n<!-- \/ Yoast SEO plugin. -->","yoast_head_json":{"title":"Bilanzkreismanagement | ORLEN ENERGY TRADING GMBH","description":"Bilanzkreismanagement im Strom- und Gasbereich. Von Administration \u00fcber Prognosen zur Nominierung - PST unterst\u00fctzt Sie bei jedem Schritt.","robots":{"index":"index","follow":"follow","max-snippet":"max-snippet:-1","max-image-preview":"max-image-preview:large","max-video-preview":"max-video-preview:-1"},"canonical":"https:\/\/orlengas.com\/de\/geschaftsfelder\/services\/bilanzkreismanagement\/","og_locale":"de_DE","og_type":"article","og_title":"Bilanzkreismanagement | ORLEN ENERGY TRADING GMBH","og_description":"Bilanzkreismanagement im Strom- und Gasbereich. Von Administration \u00fcber Prognosen zur Nominierung - PST unterst\u00fctzt Sie bei jedem Schritt.","og_url":"https:\/\/orlengas.com\/de\/geschaftsfelder\/services\/bilanzkreismanagement\/","og_site_name":"ORLEN ENERGY TRADING GMBH","article_modified_time":"2025-03-15T00:18:39+00:00","og_image":[{"url":"https:\/\/pst-energie.com\/wp-content\/uploads\/2025\/03\/graph1_OST_de.png","type":"","width":"","height":""}],"twitter_card":"summary_large_image","twitter_misc":{"Gesch\u00e4tzte Lesezeit":"1\u00a0Minute"},"schema":{"@context":"https:\/\/schema.org","@graph":[{"@type":"WebPage","@id":"https:\/\/orlengas.com\/de\/geschaftsfelder\/services\/bilanzkreismanagement\/","url":"https:\/\/orlengas.com\/de\/geschaftsfelder\/services\/bilanzkreismanagement\/","name":"Bilanzkreismanagement | ORLEN ENERGY TRADING GMBH","isPartOf":{"@id":"https:\/\/orlengas.com\/#website"},"primaryImageOfPage":{"@id":"https:\/\/orlengas.com\/de\/geschaftsfelder\/services\/bilanzkreismanagement\/#primaryimage"},"image":{"@id":"https:\/\/orlengas.com\/de\/geschaftsfelder\/services\/bilanzkreismanagement\/#primaryimage"},"thumbnailUrl":"https:\/\/pst-energie.com\/wp-content\/uploads\/2025\/03\/graph1_OST_de.png","datePublished":"2018-12-05T18:55:24+00:00","dateModified":"2025-03-15T00:18:39+00:00","description":"Bilanzkreismanagement im Strom- und Gasbereich. Von Administration \u00fcber Prognosen zur Nominierung - PST unterst\u00fctzt Sie bei jedem Schritt.","breadcrumb":{"@id":"https:\/\/orlengas.com\/de\/geschaftsfelder\/services\/bilanzkreismanagement\/#breadcrumb"},"inLanguage":"de","potentialAction":[{"@type":"ReadAction","target":["https:\/\/orlengas.com\/de\/geschaftsfelder\/services\/bilanzkreismanagement\/"]}]},{"@type":"ImageObject","inLanguage":"de","@id":"https:\/\/orlengas.com\/de\/geschaftsfelder\/services\/bilanzkreismanagement\/#primaryimage","url":"https:\/\/pst-energie.com\/wp-content\/uploads\/2025\/03\/graph1_OST_de.png","contentUrl":"https:\/\/pst-energie.com\/wp-content\/uploads\/2025\/03\/graph1_OST_de.png"},{"@type":"BreadcrumbList","@id":"https:\/\/orlengas.com\/de\/geschaftsfelder\/services\/bilanzkreismanagement\/#breadcrumb","itemListElement":[{"@type":"ListItem","position":1,"name":"Home","item":"https:\/\/orlengas.com\/de\/"},{"@type":"ListItem","position":2,"name":"Gesch\u00e4ftsfelder","item":"https:\/\/orlengas.com\/de\/geschaftsfelder\/"},{"@type":"ListItem","position":3,"name":"Services","item":"https:\/\/orlengas.com\/de\/geschaftsfelder\/services\/"},{"@type":"ListItem","position":4,"name":"Bilanzkreismanagement"}]},{"@type":"WebSite","@id":"https:\/\/orlengas.com\/#website","url":"https:\/\/orlengas.com\/","name":"ORLEN ENERGY TRADING GMBH","description":"ORLEN ENERGY TRADING GMBH","publisher":{"@id":"https:\/\/orlengas.com\/#organization"},"potentialAction":[{"@type":"SearchAction","target":{"@type":"EntryPoint","urlTemplate":"https:\/\/orlengas.com\/?s={search_term_string}"},"query-input":{"@type":"PropertyValueSpecification","valueRequired":true,"valueName":"search_term_string"}}],"inLanguage":"de"},{"@type":"Organization","@id":"https:\/\/orlengas.com\/#organization","name":"PGNiG Supply & Trading GmbH","url":"https:\/\/orlengas.com\/","logo":{"@type":"ImageObject","inLanguage":"de","@id":"https:\/\/orlengas.com\/#\/schema\/logo\/image\/","url":"https:\/\/pst-energie.com\/wp-content\/uploads\/2019\/01\/PGNIG-Supply-Trading-GmbH-Logo.jpg","contentUrl":"https:\/\/pst-energie.com\/wp-content\/uploads\/2019\/01\/PGNIG-Supply-Trading-GmbH-Logo.jpg","width":1425,"height":678,"caption":"PGNiG Supply & Trading GmbH"},"image":{"@id":"https:\/\/orlengas.com\/#\/schema\/logo\/image\/"}}]}},"_links":{"self":[{"href":"https:\/\/orlengas.com\/de\/wp-json\/wp\/v2\/pages\/409","targetHints":{"allow":["GET"]}}],"collection":[{"href":"https:\/\/orlengas.com\/de\/wp-json\/wp\/v2\/pages"}],"about":[{"href":"https:\/\/orlengas.com\/de\/wp-json\/wp\/v2\/types\/page"}],"author":[{"embeddable":true,"href":"https:\/\/orlengas.com\/de\/wp-json\/wp\/v2\/users\/1"}],"replies":[{"embeddable":true,"href":"https:\/\/orlengas.com\/de\/wp-json\/wp\/v2\/comments?post=409"}],"version-history":[{"count":3,"href":"https:\/\/orlengas.com\/de\/wp-json\/wp\/v2\/pages\/409\/revisions"}],"predecessor-version":[{"id":2906,"href":"https:\/\/orlengas.com\/de\/wp-json\/wp\/v2\/pages\/409\/revisions\/2906"}],"up":[{"embeddable":true,"href":"https:\/\/orlengas.com\/de\/wp-json\/wp\/v2\/pages\/408"}],"wp:attachment":[{"href":"https:\/\/orlengas.com\/de\/wp-json\/wp\/v2\/media?parent=409"}],"wp:term":[{"taxonomy":"category","embeddable":true,"href":"https:\/\/orlengas.com\/de\/wp-json\/wp\/v2\/categories?post=409"}],"curies":[{"name":"wp","href":"https:\/\/api.w.org\/{rel}","templated":true}]}}