{"id":410,"date":"2018-12-05T19:55:54","date_gmt":"2018-12-05T18:55:54","guid":{"rendered":"https:\/\/launch.pst-energie.com\/geschaftsfelder\/services\/lng-als-treibstoff\/"},"modified":"2025-03-15T01:16:59","modified_gmt":"2025-03-15T00:16:59","slug":"lng-als-treibstoff","status":"publish","type":"page","link":"https:\/\/orlengas.com\/de\/geschaftsfelder\/services\/lng-als-treibstoff\/","title":{"rendered":"LNG als Treibstoff"},"content":{"rendered":"\n<p class=\"page-lead\">LNG als Kraftstoff f\u00fcr Transportwirtschaft und Industrie<\/p>\n\n\n\n<p>Saubere Energie und Nachhaltigkeit z\u00e4hlen zu den Kernwerten von PST. Sie sind fundamental f\u00fcr unsere Vision von globalen Entwicklungen im Energiesektor. Um unseren Beitrag f\u00fcr eine bessere Welt \u2013 f\u00fcr unsere Gesch\u00e4ftspartner, unsere Kunden und f\u00fcr zuk\u00fcnftige Generationen \u2013 zu leisten, bieten wir LNG als effizienten Brenn\u2013 und Treibstoff, zum Beispiel f\u00fcr die Transportwirtschaft (Small-Scale-LNG L\u00f6sungen) an.<\/p>\n\n\n\n<p>Das LNG Terminal in Swinouj\u015bcie (PL) als Basis f\u00fcr unsere <a href=\"https:\/\/pst-energie.com\/de\/geschaftsfelder\/handel\/lng\/\">LNG-Aktivit\u00e4ten<\/a> versetzt uns in die Lage, Versorgungssicherheit und saubere Energie durch Small-Scale-LNG L\u00f6sungen zu erm\u00f6glichen. LNG ist eine effiziente und saubere Energiealternative als Treibstoff f\u00fcr den LKW\u2013 und Schiffsverkehr oder als Brennstoff f\u00fcr energieintensive Industrien ohne Anschluss an das lokale Gasnetz. <\/p>\n\n\n\n<p>Zusammen mit unseren Kunden entwickeln wir ma\u00dfgeschneiderte L\u00f6sungen, die ihre Energiekosten senken und gleichzeitig die Umwelt schonen, indem von weniger effizienten fossilen Brennstoffen Abstand genommen wird und Emissionen reduziert werden. Insbesondere ist LNG eine hocheffiziente Alternative zu Dieseltreibstoffen f\u00fcr Schwerlastwagen, ohne der Gefahr von Fahrverboten aufgrund der Feinstaubbelastung ausgesetzt zu sein.<\/p>\n\n\n\n<div class=\"wp-block-columns has-2-columns is-layout-flex wp-container-core-columns-is-layout-9d6595d7 wp-block-columns-is-layout-flex\">\n<div class=\"wp-block-column is-layout-flow wp-block-column-is-layout-flow\">\n<h2 class=\"wp-block-heading\"><strong>LNG\/CNG als Kraftstoff<\/strong><\/h2>\n\n\n\n<p>Wir bieten Ihnen:<\/p>\n\n\n\n<ul class=\"wp-block-list\"><li>Die Bereitstellung und Wartung einer automatisierten LNG-Tankstelle<\/li><li>Einen auf Sie zugeschnittenen LNG-Liefervertrag<\/li><li>Optional: Bereitstellung von CNG<\/li><\/ul>\n\n\n\n<figure class=\"wp-block-image align-top\"><img decoding=\"async\" src=\"https:\/\/pst-energie.com\/wp-content\/uploads\/2025\/03\/graph10_DE-OST.png\" alt=\"\" class=\"wp-image-1186\"\/><\/figure>\n<\/div>\n\n\n\n<div class=\"wp-block-column is-layout-flow wp-block-column-is-layout-flow\">\n<h2 class=\"wp-block-heading\"><strong>LNG f\u00fcr Industrie und lokale Netze<\/strong><\/h2>\n\n\n\n<p>Wir bieten Ihnen:<\/p>\n\n\n\n<ul class=\"wp-block-list\"><li>Bau und Betrieb von LNG-Regasifizierungs-Anlagen<\/li><li>Einen auf Ihre Bed\u00fcrfnisse zugeschnittenen LNG-Liefervertrag<\/li><\/ul>\n\n\n\n<figure class=\"wp-block-image align-top\"><img decoding=\"async\" src=\"https:\/\/pst-energie.com\/wp-content\/uploads\/2025\/03\/graph9_DE-OST.png\" alt=\"\" class=\"wp-image-1195\"\/><\/figure>\n<\/div>\n<\/div>\n\n\n\n<p><a href=\"mailto:sslng@pst-energie.com\">sslng@pst-energie.com<\/a><\/p>\n","protected":false},"excerpt":{"rendered":"<p>LNG als Kraftstoff f\u00fcr Transportwirtschaft und Industrie Saubere Energie und Nachhaltigkeit z\u00e4hlen zu den Kernwerten von PST. Sie sind fundamental f\u00fcr unsere Vision von globalen Entwicklungen im Energiesektor. Um unseren Beitrag f\u00fcr eine bessere Welt \u2013 f\u00fcr unsere Gesch\u00e4ftspartner, unsere Kunden und f\u00fcr zuk\u00fcnftige Generationen \u2013 zu leisten, bieten wir LNG als effizienten Brenn\u2013 und [&hellip;]<\/p>\n","protected":false},"author":1,"featured_media":0,"parent":408,"menu_order":0,"comment_status":"closed","ping_status":"closed","template":"","meta":{"_acf_changed":false,"footnotes":""},"categories":[],"class_list":["post-410","page","type-page","status-publish","hentry"],"acf":[],"yoast_head":"<!-- This site is optimized with the Yoast SEO plugin v27.3 - https:\/\/yoast.com\/product\/yoast-seo-wordpress\/ -->\n<title>LNG als Treibstoff | ORLEN ENERGY TRADING GMBH<\/title>\n<meta name=\"description\" content=\"Fl\u00fcssiggas ist eine klimafreundliche L\u00f6sung, Ihrer LKW-Flotte oder Industrie neuen Antrieb zu geben. LNG &amp; CNG als Kraftstoff | LNG f\u00fcr Industrie und lokale Netze | LNG Tankstelle\" \/>\n<meta name=\"robots\" content=\"index, follow, max-snippet:-1, max-image-preview:large, max-video-preview:-1\" \/>\n<link rel=\"canonical\" href=\"https:\/\/orlengas.com\/de\/geschaftsfelder\/services\/lng-als-treibstoff\/\" \/>\n<meta property=\"og:locale\" content=\"de_DE\" \/>\n<meta property=\"og:type\" content=\"article\" \/>\n<meta property=\"og:title\" content=\"LNG als Treibstoff | ORLEN ENERGY TRADING GMBH\" \/>\n<meta property=\"og:description\" content=\"Fl\u00fcssiggas ist eine klimafreundliche L\u00f6sung, Ihrer LKW-Flotte oder Industrie neuen Antrieb zu geben. LNG &amp; CNG als Kraftstoff | LNG f\u00fcr Industrie und lokale Netze | LNG Tankstelle\" \/>\n<meta property=\"og:url\" content=\"https:\/\/orlengas.com\/de\/geschaftsfelder\/services\/lng-als-treibstoff\/\" \/>\n<meta property=\"og:site_name\" content=\"ORLEN ENERGY TRADING GMBH\" \/>\n<meta property=\"article:modified_time\" content=\"2025-03-15T00:16:59+00:00\" \/>\n<meta property=\"og:image\" content=\"https:\/\/pst-energie.com\/wp-content\/uploads\/2025\/03\/graph10_DE-OST.png\" \/>\n<meta name=\"twitter:card\" content=\"summary_large_image\" \/>\n<meta name=\"twitter:label1\" content=\"Gesch\u00e4tzte Lesezeit\" \/>\n\t<meta name=\"twitter:data1\" content=\"2\u00a0Minuten\" \/>\n<script type=\"application\/ld+json\" class=\"yoast-schema-graph\">{\"@context\":\"https:\\\/\\\/schema.org\",\"@graph\":[{\"@type\":\"WebPage\",\"@id\":\"https:\\\/\\\/orlengas.com\\\/de\\\/geschaftsfelder\\\/services\\\/lng-als-treibstoff\\\/\",\"url\":\"https:\\\/\\\/orlengas.com\\\/de\\\/geschaftsfelder\\\/services\\\/lng-als-treibstoff\\\/\",\"name\":\"LNG als Treibstoff | ORLEN ENERGY TRADING GMBH\",\"isPartOf\":{\"@id\":\"https:\\\/\\\/orlengas.com\\\/#website\"},\"primaryImageOfPage\":{\"@id\":\"https:\\\/\\\/orlengas.com\\\/de\\\/geschaftsfelder\\\/services\\\/lng-als-treibstoff\\\/#primaryimage\"},\"image\":{\"@id\":\"https:\\\/\\\/orlengas.com\\\/de\\\/geschaftsfelder\\\/services\\\/lng-als-treibstoff\\\/#primaryimage\"},\"thumbnailUrl\":\"https:\\\/\\\/pst-energie.com\\\/wp-content\\\/uploads\\\/2025\\\/03\\\/graph10_DE-OST.png\",\"datePublished\":\"2018-12-05T18:55:54+00:00\",\"dateModified\":\"2025-03-15T00:16:59+00:00\",\"description\":\"Fl\u00fcssiggas ist eine klimafreundliche L\u00f6sung, Ihrer LKW-Flotte oder Industrie neuen Antrieb zu geben. LNG & CNG als Kraftstoff | LNG f\u00fcr Industrie und lokale Netze | LNG Tankstelle\",\"breadcrumb\":{\"@id\":\"https:\\\/\\\/orlengas.com\\\/de\\\/geschaftsfelder\\\/services\\\/lng-als-treibstoff\\\/#breadcrumb\"},\"inLanguage\":\"de\",\"potentialAction\":[{\"@type\":\"ReadAction\",\"target\":[\"https:\\\/\\\/orlengas.com\\\/de\\\/geschaftsfelder\\\/services\\\/lng-als-treibstoff\\\/\"]}]},{\"@type\":\"ImageObject\",\"inLanguage\":\"de\",\"@id\":\"https:\\\/\\\/orlengas.com\\\/de\\\/geschaftsfelder\\\/services\\\/lng-als-treibstoff\\\/#primaryimage\",\"url\":\"https:\\\/\\\/pst-energie.com\\\/wp-content\\\/uploads\\\/2025\\\/03\\\/graph10_DE-OST.png\",\"contentUrl\":\"https:\\\/\\\/pst-energie.com\\\/wp-content\\\/uploads\\\/2025\\\/03\\\/graph10_DE-OST.png\"},{\"@type\":\"BreadcrumbList\",\"@id\":\"https:\\\/\\\/orlengas.com\\\/de\\\/geschaftsfelder\\\/services\\\/lng-als-treibstoff\\\/#breadcrumb\",\"itemListElement\":[{\"@type\":\"ListItem\",\"position\":1,\"name\":\"Home\",\"item\":\"https:\\\/\\\/orlengas.com\\\/de\\\/\"},{\"@type\":\"ListItem\",\"position\":2,\"name\":\"Gesch\u00e4ftsfelder\",\"item\":\"https:\\\/\\\/orlengas.com\\\/de\\\/geschaftsfelder\\\/\"},{\"@type\":\"ListItem\",\"position\":3,\"name\":\"Services\",\"item\":\"https:\\\/\\\/orlengas.com\\\/de\\\/geschaftsfelder\\\/services\\\/\"},{\"@type\":\"ListItem\",\"position\":4,\"name\":\"LNG als Treibstoff\"}]},{\"@type\":\"WebSite\",\"@id\":\"https:\\\/\\\/orlengas.com\\\/#website\",\"url\":\"https:\\\/\\\/orlengas.com\\\/\",\"name\":\"ORLEN ENERGY TRADING GMBH\",\"description\":\"ORLEN ENERGY TRADING GMBH\",\"publisher\":{\"@id\":\"https:\\\/\\\/orlengas.com\\\/#organization\"},\"potentialAction\":[{\"@type\":\"SearchAction\",\"target\":{\"@type\":\"EntryPoint\",\"urlTemplate\":\"https:\\\/\\\/orlengas.com\\\/?s={search_term_string}\"},\"query-input\":{\"@type\":\"PropertyValueSpecification\",\"valueRequired\":true,\"valueName\":\"search_term_string\"}}],\"inLanguage\":\"de\"},{\"@type\":\"Organization\",\"@id\":\"https:\\\/\\\/orlengas.com\\\/#organization\",\"name\":\"PGNiG Supply & Trading GmbH\",\"url\":\"https:\\\/\\\/orlengas.com\\\/\",\"logo\":{\"@type\":\"ImageObject\",\"inLanguage\":\"de\",\"@id\":\"https:\\\/\\\/orlengas.com\\\/#\\\/schema\\\/logo\\\/image\\\/\",\"url\":\"https:\\\/\\\/pst-energie.com\\\/wp-content\\\/uploads\\\/2019\\\/01\\\/PGNIG-Supply-Trading-GmbH-Logo.jpg\",\"contentUrl\":\"https:\\\/\\\/pst-energie.com\\\/wp-content\\\/uploads\\\/2019\\\/01\\\/PGNIG-Supply-Trading-GmbH-Logo.jpg\",\"width\":1425,\"height\":678,\"caption\":\"PGNiG Supply & Trading GmbH\"},\"image\":{\"@id\":\"https:\\\/\\\/orlengas.com\\\/#\\\/schema\\\/logo\\\/image\\\/\"}}]}<\/script>\n<!-- \/ Yoast SEO plugin. -->","yoast_head_json":{"title":"LNG als Treibstoff | ORLEN ENERGY TRADING GMBH","description":"Fl\u00fcssiggas ist eine klimafreundliche L\u00f6sung, Ihrer LKW-Flotte oder Industrie neuen Antrieb zu geben. LNG & CNG als Kraftstoff | LNG f\u00fcr Industrie und lokale Netze | LNG Tankstelle","robots":{"index":"index","follow":"follow","max-snippet":"max-snippet:-1","max-image-preview":"max-image-preview:large","max-video-preview":"max-video-preview:-1"},"canonical":"https:\/\/orlengas.com\/de\/geschaftsfelder\/services\/lng-als-treibstoff\/","og_locale":"de_DE","og_type":"article","og_title":"LNG als Treibstoff | ORLEN ENERGY TRADING GMBH","og_description":"Fl\u00fcssiggas ist eine klimafreundliche L\u00f6sung, Ihrer LKW-Flotte oder Industrie neuen Antrieb zu geben. LNG & CNG als Kraftstoff | LNG f\u00fcr Industrie und lokale Netze | LNG Tankstelle","og_url":"https:\/\/orlengas.com\/de\/geschaftsfelder\/services\/lng-als-treibstoff\/","og_site_name":"ORLEN ENERGY TRADING GMBH","article_modified_time":"2025-03-15T00:16:59+00:00","og_image":[{"url":"https:\/\/pst-energie.com\/wp-content\/uploads\/2025\/03\/graph10_DE-OST.png","type":"","width":"","height":""}],"twitter_card":"summary_large_image","twitter_misc":{"Gesch\u00e4tzte Lesezeit":"2\u00a0Minuten"},"schema":{"@context":"https:\/\/schema.org","@graph":[{"@type":"WebPage","@id":"https:\/\/orlengas.com\/de\/geschaftsfelder\/services\/lng-als-treibstoff\/","url":"https:\/\/orlengas.com\/de\/geschaftsfelder\/services\/lng-als-treibstoff\/","name":"LNG als Treibstoff | ORLEN ENERGY TRADING GMBH","isPartOf":{"@id":"https:\/\/orlengas.com\/#website"},"primaryImageOfPage":{"@id":"https:\/\/orlengas.com\/de\/geschaftsfelder\/services\/lng-als-treibstoff\/#primaryimage"},"image":{"@id":"https:\/\/orlengas.com\/de\/geschaftsfelder\/services\/lng-als-treibstoff\/#primaryimage"},"thumbnailUrl":"https:\/\/pst-energie.com\/wp-content\/uploads\/2025\/03\/graph10_DE-OST.png","datePublished":"2018-12-05T18:55:54+00:00","dateModified":"2025-03-15T00:16:59+00:00","description":"Fl\u00fcssiggas ist eine klimafreundliche L\u00f6sung, Ihrer LKW-Flotte oder Industrie neuen Antrieb zu geben. LNG & CNG als Kraftstoff | LNG f\u00fcr Industrie und lokale Netze | LNG Tankstelle","breadcrumb":{"@id":"https:\/\/orlengas.com\/de\/geschaftsfelder\/services\/lng-als-treibstoff\/#breadcrumb"},"inLanguage":"de","potentialAction":[{"@type":"ReadAction","target":["https:\/\/orlengas.com\/de\/geschaftsfelder\/services\/lng-als-treibstoff\/"]}]},{"@type":"ImageObject","inLanguage":"de","@id":"https:\/\/orlengas.com\/de\/geschaftsfelder\/services\/lng-als-treibstoff\/#primaryimage","url":"https:\/\/pst-energie.com\/wp-content\/uploads\/2025\/03\/graph10_DE-OST.png","contentUrl":"https:\/\/pst-energie.com\/wp-content\/uploads\/2025\/03\/graph10_DE-OST.png"},{"@type":"BreadcrumbList","@id":"https:\/\/orlengas.com\/de\/geschaftsfelder\/services\/lng-als-treibstoff\/#breadcrumb","itemListElement":[{"@type":"ListItem","position":1,"name":"Home","item":"https:\/\/orlengas.com\/de\/"},{"@type":"ListItem","position":2,"name":"Gesch\u00e4ftsfelder","item":"https:\/\/orlengas.com\/de\/geschaftsfelder\/"},{"@type":"ListItem","position":3,"name":"Services","item":"https:\/\/orlengas.com\/de\/geschaftsfelder\/services\/"},{"@type":"ListItem","position":4,"name":"LNG als Treibstoff"}]},{"@type":"WebSite","@id":"https:\/\/orlengas.com\/#website","url":"https:\/\/orlengas.com\/","name":"ORLEN ENERGY TRADING GMBH","description":"ORLEN ENERGY TRADING GMBH","publisher":{"@id":"https:\/\/orlengas.com\/#organization"},"potentialAction":[{"@type":"SearchAction","target":{"@type":"EntryPoint","urlTemplate":"https:\/\/orlengas.com\/?s={search_term_string}"},"query-input":{"@type":"PropertyValueSpecification","valueRequired":true,"valueName":"search_term_string"}}],"inLanguage":"de"},{"@type":"Organization","@id":"https:\/\/orlengas.com\/#organization","name":"PGNiG Supply & Trading GmbH","url":"https:\/\/orlengas.com\/","logo":{"@type":"ImageObject","inLanguage":"de","@id":"https:\/\/orlengas.com\/#\/schema\/logo\/image\/","url":"https:\/\/pst-energie.com\/wp-content\/uploads\/2019\/01\/PGNIG-Supply-Trading-GmbH-Logo.jpg","contentUrl":"https:\/\/pst-energie.com\/wp-content\/uploads\/2019\/01\/PGNIG-Supply-Trading-GmbH-Logo.jpg","width":1425,"height":678,"caption":"PGNiG Supply & Trading GmbH"},"image":{"@id":"https:\/\/orlengas.com\/#\/schema\/logo\/image\/"}}]}},"_links":{"self":[{"href":"https:\/\/orlengas.com\/de\/wp-json\/wp\/v2\/pages\/410","targetHints":{"allow":["GET"]}}],"collection":[{"href":"https:\/\/orlengas.com\/de\/wp-json\/wp\/v2\/pages"}],"about":[{"href":"https:\/\/orlengas.com\/de\/wp-json\/wp\/v2\/types\/page"}],"author":[{"embeddable":true,"href":"https:\/\/orlengas.com\/de\/wp-json\/wp\/v2\/users\/1"}],"replies":[{"embeddable":true,"href":"https:\/\/orlengas.com\/de\/wp-json\/wp\/v2\/comments?post=410"}],"version-history":[{"count":12,"href":"https:\/\/orlengas.com\/de\/wp-json\/wp\/v2\/pages\/410\/revisions"}],"predecessor-version":[{"id":2903,"href":"https:\/\/orlengas.com\/de\/wp-json\/wp\/v2\/pages\/410\/revisions\/2903"}],"up":[{"embeddable":true,"href":"https:\/\/orlengas.com\/de\/wp-json\/wp\/v2\/pages\/408"}],"wp:attachment":[{"href":"https:\/\/orlengas.com\/de\/wp-json\/wp\/v2\/media?parent=410"}],"wp:term":[{"taxonomy":"category","embeddable":true,"href":"https:\/\/orlengas.com\/de\/wp-json\/wp\/v2\/categories?post=410"}],"curies":[{"name":"wp","href":"https:\/\/api.w.org\/{rel}","templated":true}]}}