{"id":411,"date":"2018-12-05T19:56:02","date_gmt":"2018-12-05T18:56:02","guid":{"rendered":"https:\/\/launch.pst-energie.com\/geschaftsfelder\/services\/ticketing-service\/"},"modified":"2023-10-12T12:48:14","modified_gmt":"2023-10-12T10:48:14","slug":"ticketing-services","status":"publish","type":"page","link":"https:\/\/orlengas.com\/de\/geschaftsfelder\/services\/ticketing-services\/","title":{"rendered":"Ticketing Service"},"content":{"rendered":"\n<h2 class=\"wp-block-heading\">F\u00fcr wen ist der Ticketing-Service gedacht?<\/h2>\n\n\n\n<p>Der Ticketing-Service richtet sich an Unternehmen, die im internationalen Handel mit Erdgas aktiv sind, sowie an Unternehmen, die Gas in das Hoheitsgebiet der Republik Polen einf\u00fchren, sowie solche, die solche Aktivit\u00e4ten planen.<br><\/p>\n\n\n\n<h2 class=\"wp-block-heading\">Was ist der Ticketing-Service?<br><\/h2>\n\n\n\n<p>Gem\u00e4\u00df dem Gesetz der Republik Polen vom 16. Februar 2007 \u00fcber Vorr\u00e4te an Erd\u00f6l, Erd\u00f6lprodukten und Erdgas sowie \u00fcber die Verfahren, die bei Gef\u00e4hrdung der nationalen Kraftstoffsicherheit oder St\u00f6rungen auf dem Erd\u00f6lmarkt anzuwenden sind (im Folgenden: \u201eBestandsgesetz\u201c) sind Energieunternehmen, die auf den Au\u00dfenhandel mit Erdgas spezialisiert sind, sowie Unternehmen, die Erdgas nach Polen importieren, verpflichtet, Notvorr\u00e4te an Erdgas vorzuhalten. Der von PST bereitgestellte Ticketing-Service ist eine alternative Form der Umsetzung der Vorratsverpflichtung f\u00fcr die individuelle Beschaffung von Speicherdienstleistungen. Das Gesetz sieht die M\u00f6glichkeit vor, diese Notvorr\u00e4te auch im Hoheitsgebiet eines anderen EU-Mitgliedstaats oder im Hoheitsgebiet eines Mitgliedstaats des Europ\u00e4ischen Freihandelsabkommens (EFTA) zu halten.<br><\/p>\n\n\n\n<h2 class=\"wp-block-heading\">Gesch\u00e4ftsbedingungen<br><\/h2>\n\n\n\n<p>In der ORLEN Gruppe wird der Ticketing-Service von ORLEN S.A. angeboten. Weitere Informationen sind hier erh\u00e4ltlich: <a href=\"https:\/\/en.pgnig.pl\/trade\/ticketing-service\/faq\">FAQ &#8211; Corporate Portal<\/a>.<br><\/p>\n\n\n\n<p>Der Ticketing-Service wird basierend auf dem Ticketing-Servicevertrag bereitgestellt. Bitte beachten Sie, dass die Ausf\u00fchrung des Vertrages der vorherigen Zustimmung des Pr\u00e4sidenten der Energieaufsichtsbeh\u00f6rde in Polen (Urz\u0105d Regulacji Energetyki, im folgenden \u201eURE\u201c) bedarf. Die Pflicht zur Einholung der Zustimmung des Pr\u00e4sidenten von URE ist im Bestandsgesetz geregelt.<br><\/p>\n","protected":false},"excerpt":{"rendered":"<p>F\u00fcr wen ist der Ticketing-Service gedacht? Der Ticketing-Service richtet sich an Unternehmen, die im internationalen Handel mit Erdgas aktiv sind, sowie an Unternehmen, die Gas in das Hoheitsgebiet der Republik Polen einf\u00fchren, sowie solche, die solche Aktivit\u00e4ten planen. Was ist der Ticketing-Service? Gem\u00e4\u00df dem Gesetz der Republik Polen vom 16. Februar 2007 \u00fcber Vorr\u00e4te an [&hellip;]<\/p>\n","protected":false},"author":1,"featured_media":0,"parent":408,"menu_order":0,"comment_status":"closed","ping_status":"closed","template":"","meta":{"_acf_changed":false,"footnotes":""},"categories":[],"class_list":["post-411","page","type-page","status-publish","hentry"],"acf":[],"yoast_head":"<!-- This site is optimized with the Yoast SEO plugin v27.3 - https:\/\/yoast.com\/product\/yoast-seo-wordpress\/ -->\n<title>Ticketing Service | ORLEN ENERGY TRADING GMBH<\/title>\n<meta name=\"robots\" content=\"index, follow, max-snippet:-1, max-image-preview:large, max-video-preview:-1\" \/>\n<link rel=\"canonical\" href=\"https:\/\/orlengas.com\/de\/geschaftsfelder\/services\/ticketing-services\/\" \/>\n<meta property=\"og:locale\" content=\"de_DE\" \/>\n<meta property=\"og:type\" content=\"article\" \/>\n<meta property=\"og:title\" content=\"Ticketing Service | ORLEN ENERGY TRADING GMBH\" \/>\n<meta property=\"og:description\" content=\"F\u00fcr wen ist der Ticketing-Service gedacht? Der Ticketing-Service richtet sich an Unternehmen, die im internationalen Handel mit Erdgas aktiv sind, sowie an Unternehmen, die Gas in das Hoheitsgebiet der Republik Polen einf\u00fchren, sowie solche, die solche Aktivit\u00e4ten planen. Was ist der Ticketing-Service? Gem\u00e4\u00df dem Gesetz der Republik Polen vom 16. Februar 2007 \u00fcber Vorr\u00e4te an [&hellip;]\" \/>\n<meta property=\"og:url\" content=\"https:\/\/orlengas.com\/de\/geschaftsfelder\/services\/ticketing-services\/\" \/>\n<meta property=\"og:site_name\" content=\"ORLEN ENERGY TRADING GMBH\" \/>\n<meta property=\"article:modified_time\" content=\"2023-10-12T10:48:14+00:00\" \/>\n<meta property=\"og:image\" content=\"https:\/\/orlengas.com\/wp-content\/uploads\/2019\/01\/about_us_de_claim.jpg\" \/>\n\t<meta property=\"og:image:width\" content=\"1200\" \/>\n\t<meta property=\"og:image:height\" content=\"1200\" \/>\n\t<meta property=\"og:image:type\" content=\"image\/jpeg\" \/>\n<meta name=\"twitter:card\" content=\"summary_large_image\" \/>\n<meta name=\"twitter:label1\" content=\"Gesch\u00e4tzte Lesezeit\" \/>\n\t<meta name=\"twitter:data1\" content=\"1\u00a0Minute\" \/>\n<script type=\"application\/ld+json\" class=\"yoast-schema-graph\">{\"@context\":\"https:\\\/\\\/schema.org\",\"@graph\":[{\"@type\":\"WebPage\",\"@id\":\"https:\\\/\\\/orlengas.com\\\/de\\\/geschaftsfelder\\\/services\\\/ticketing-services\\\/\",\"url\":\"https:\\\/\\\/orlengas.com\\\/de\\\/geschaftsfelder\\\/services\\\/ticketing-services\\\/\",\"name\":\"Ticketing Service | ORLEN ENERGY TRADING GMBH\",\"isPartOf\":{\"@id\":\"https:\\\/\\\/orlengas.com\\\/#website\"},\"datePublished\":\"2018-12-05T18:56:02+00:00\",\"dateModified\":\"2023-10-12T10:48:14+00:00\",\"breadcrumb\":{\"@id\":\"https:\\\/\\\/orlengas.com\\\/de\\\/geschaftsfelder\\\/services\\\/ticketing-services\\\/#breadcrumb\"},\"inLanguage\":\"de\",\"potentialAction\":[{\"@type\":\"ReadAction\",\"target\":[\"https:\\\/\\\/orlengas.com\\\/de\\\/geschaftsfelder\\\/services\\\/ticketing-services\\\/\"]}]},{\"@type\":\"BreadcrumbList\",\"@id\":\"https:\\\/\\\/orlengas.com\\\/de\\\/geschaftsfelder\\\/services\\\/ticketing-services\\\/#breadcrumb\",\"itemListElement\":[{\"@type\":\"ListItem\",\"position\":1,\"name\":\"Home\",\"item\":\"https:\\\/\\\/orlengas.com\\\/de\\\/\"},{\"@type\":\"ListItem\",\"position\":2,\"name\":\"Gesch\u00e4ftsfelder\",\"item\":\"https:\\\/\\\/orlengas.com\\\/de\\\/geschaftsfelder\\\/\"},{\"@type\":\"ListItem\",\"position\":3,\"name\":\"Services\",\"item\":\"https:\\\/\\\/orlengas.com\\\/de\\\/geschaftsfelder\\\/services\\\/\"},{\"@type\":\"ListItem\",\"position\":4,\"name\":\"Ticketing Service\"}]},{\"@type\":\"WebSite\",\"@id\":\"https:\\\/\\\/orlengas.com\\\/#website\",\"url\":\"https:\\\/\\\/orlengas.com\\\/\",\"name\":\"ORLEN ENERGY TRADING GMBH\",\"description\":\"ORLEN ENERGY TRADING GMBH\",\"publisher\":{\"@id\":\"https:\\\/\\\/orlengas.com\\\/#organization\"},\"potentialAction\":[{\"@type\":\"SearchAction\",\"target\":{\"@type\":\"EntryPoint\",\"urlTemplate\":\"https:\\\/\\\/orlengas.com\\\/?s={search_term_string}\"},\"query-input\":{\"@type\":\"PropertyValueSpecification\",\"valueRequired\":true,\"valueName\":\"search_term_string\"}}],\"inLanguage\":\"de\"},{\"@type\":\"Organization\",\"@id\":\"https:\\\/\\\/orlengas.com\\\/#organization\",\"name\":\"PGNiG Supply & Trading GmbH\",\"url\":\"https:\\\/\\\/orlengas.com\\\/\",\"logo\":{\"@type\":\"ImageObject\",\"inLanguage\":\"de\",\"@id\":\"https:\\\/\\\/orlengas.com\\\/#\\\/schema\\\/logo\\\/image\\\/\",\"url\":\"https:\\\/\\\/pst-energie.com\\\/wp-content\\\/uploads\\\/2019\\\/01\\\/PGNIG-Supply-Trading-GmbH-Logo.jpg\",\"contentUrl\":\"https:\\\/\\\/pst-energie.com\\\/wp-content\\\/uploads\\\/2019\\\/01\\\/PGNIG-Supply-Trading-GmbH-Logo.jpg\",\"width\":1425,\"height\":678,\"caption\":\"PGNiG Supply & Trading GmbH\"},\"image\":{\"@id\":\"https:\\\/\\\/orlengas.com\\\/#\\\/schema\\\/logo\\\/image\\\/\"}}]}<\/script>\n<!-- \/ Yoast SEO plugin. -->","yoast_head_json":{"title":"Ticketing Service | ORLEN ENERGY TRADING GMBH","robots":{"index":"index","follow":"follow","max-snippet":"max-snippet:-1","max-image-preview":"max-image-preview:large","max-video-preview":"max-video-preview:-1"},"canonical":"https:\/\/orlengas.com\/de\/geschaftsfelder\/services\/ticketing-services\/","og_locale":"de_DE","og_type":"article","og_title":"Ticketing Service | ORLEN ENERGY TRADING GMBH","og_description":"F\u00fcr wen ist der Ticketing-Service gedacht? Der Ticketing-Service richtet sich an Unternehmen, die im internationalen Handel mit Erdgas aktiv sind, sowie an Unternehmen, die Gas in das Hoheitsgebiet der Republik Polen einf\u00fchren, sowie solche, die solche Aktivit\u00e4ten planen. Was ist der Ticketing-Service? Gem\u00e4\u00df dem Gesetz der Republik Polen vom 16. Februar 2007 \u00fcber Vorr\u00e4te an [&hellip;]","og_url":"https:\/\/orlengas.com\/de\/geschaftsfelder\/services\/ticketing-services\/","og_site_name":"ORLEN ENERGY TRADING GMBH","article_modified_time":"2023-10-12T10:48:14+00:00","og_image":[{"width":1200,"height":1200,"url":"https:\/\/orlengas.com\/wp-content\/uploads\/2019\/01\/about_us_de_claim.jpg","type":"image\/jpeg"}],"twitter_card":"summary_large_image","twitter_misc":{"Gesch\u00e4tzte Lesezeit":"1\u00a0Minute"},"schema":{"@context":"https:\/\/schema.org","@graph":[{"@type":"WebPage","@id":"https:\/\/orlengas.com\/de\/geschaftsfelder\/services\/ticketing-services\/","url":"https:\/\/orlengas.com\/de\/geschaftsfelder\/services\/ticketing-services\/","name":"Ticketing Service | ORLEN ENERGY TRADING GMBH","isPartOf":{"@id":"https:\/\/orlengas.com\/#website"},"datePublished":"2018-12-05T18:56:02+00:00","dateModified":"2023-10-12T10:48:14+00:00","breadcrumb":{"@id":"https:\/\/orlengas.com\/de\/geschaftsfelder\/services\/ticketing-services\/#breadcrumb"},"inLanguage":"de","potentialAction":[{"@type":"ReadAction","target":["https:\/\/orlengas.com\/de\/geschaftsfelder\/services\/ticketing-services\/"]}]},{"@type":"BreadcrumbList","@id":"https:\/\/orlengas.com\/de\/geschaftsfelder\/services\/ticketing-services\/#breadcrumb","itemListElement":[{"@type":"ListItem","position":1,"name":"Home","item":"https:\/\/orlengas.com\/de\/"},{"@type":"ListItem","position":2,"name":"Gesch\u00e4ftsfelder","item":"https:\/\/orlengas.com\/de\/geschaftsfelder\/"},{"@type":"ListItem","position":3,"name":"Services","item":"https:\/\/orlengas.com\/de\/geschaftsfelder\/services\/"},{"@type":"ListItem","position":4,"name":"Ticketing Service"}]},{"@type":"WebSite","@id":"https:\/\/orlengas.com\/#website","url":"https:\/\/orlengas.com\/","name":"ORLEN ENERGY TRADING GMBH","description":"ORLEN ENERGY TRADING GMBH","publisher":{"@id":"https:\/\/orlengas.com\/#organization"},"potentialAction":[{"@type":"SearchAction","target":{"@type":"EntryPoint","urlTemplate":"https:\/\/orlengas.com\/?s={search_term_string}"},"query-input":{"@type":"PropertyValueSpecification","valueRequired":true,"valueName":"search_term_string"}}],"inLanguage":"de"},{"@type":"Organization","@id":"https:\/\/orlengas.com\/#organization","name":"PGNiG Supply & Trading GmbH","url":"https:\/\/orlengas.com\/","logo":{"@type":"ImageObject","inLanguage":"de","@id":"https:\/\/orlengas.com\/#\/schema\/logo\/image\/","url":"https:\/\/pst-energie.com\/wp-content\/uploads\/2019\/01\/PGNIG-Supply-Trading-GmbH-Logo.jpg","contentUrl":"https:\/\/pst-energie.com\/wp-content\/uploads\/2019\/01\/PGNIG-Supply-Trading-GmbH-Logo.jpg","width":1425,"height":678,"caption":"PGNiG Supply & Trading GmbH"},"image":{"@id":"https:\/\/orlengas.com\/#\/schema\/logo\/image\/"}}]}},"_links":{"self":[{"href":"https:\/\/orlengas.com\/de\/wp-json\/wp\/v2\/pages\/411","targetHints":{"allow":["GET"]}}],"collection":[{"href":"https:\/\/orlengas.com\/de\/wp-json\/wp\/v2\/pages"}],"about":[{"href":"https:\/\/orlengas.com\/de\/wp-json\/wp\/v2\/types\/page"}],"author":[{"embeddable":true,"href":"https:\/\/orlengas.com\/de\/wp-json\/wp\/v2\/users\/1"}],"replies":[{"embeddable":true,"href":"https:\/\/orlengas.com\/de\/wp-json\/wp\/v2\/comments?post=411"}],"version-history":[{"count":4,"href":"https:\/\/orlengas.com\/de\/wp-json\/wp\/v2\/pages\/411\/revisions"}],"predecessor-version":[{"id":2543,"href":"https:\/\/orlengas.com\/de\/wp-json\/wp\/v2\/pages\/411\/revisions\/2543"}],"up":[{"embeddable":true,"href":"https:\/\/orlengas.com\/de\/wp-json\/wp\/v2\/pages\/408"}],"wp:attachment":[{"href":"https:\/\/orlengas.com\/de\/wp-json\/wp\/v2\/media?parent=411"}],"wp:term":[{"taxonomy":"category","embeddable":true,"href":"https:\/\/orlengas.com\/de\/wp-json\/wp\/v2\/categories?post=411"}],"curies":[{"name":"wp","href":"https:\/\/api.w.org\/{rel}","templated":true}]}}