{"id":413,"date":"2018-12-05T19:59:38","date_gmt":"2018-12-05T18:59:38","guid":{"rendered":"https:\/\/launch.pst-energie.com\/geschaftsfelder\/supply\/industriekunden-stadtwerke\/"},"modified":"2026-02-13T05:15:31","modified_gmt":"2026-02-13T04:15:31","slug":"industriekunden-stadtwerke","status":"publish","type":"page","link":"https:\/\/orlengas.com\/de\/geschaftsfelder\/handel\/industriekunden-stadtwerke\/","title":{"rendered":"Umweltprodukte"},"content":{"rendered":"\n<p>Wir handeln Emissionsrechte unter dem EU ETS. Wegen seiner engen Verbindung mit den meisten anderen Energierohstoffen und dem daraus resultierenden Einfluss auf die europ\u00e4ische Energiewirtschaft ist dieser Markt besonders spannend f\u00fcr uns. Regulatorische Regelungen sorgen daf\u00fcr, dass die Bedeutung von Emissionsrechten f\u00fcr alle Marktteilnehmer der europ\u00e4ischen Rohstoffm\u00e4rkte weiter zunehmen wird.<br>Herkunftsnachweise dienen dazu, die Quelle erneuerbarer Stromprodukte anlagenscharf nachzuweisen und komplettieren unser Portfolio \u00f6kologischer Produkte. Sie spielen eine zentrale Rolle darin, Verbraucher durch Transparenz in die Lage zu versetzen, eine fundierte Entscheidung bei der Wahl Ihres Stromanbieters und \u2013tarifs zu treffen. So verk\u00f6rpern sie unsere Werte als fairer, transparenter H\u00e4ndler und Energieversorger. Z\u00f6gern Sie nicht, uns mit speziellen Anforderungen in Bezug auf Herkunftsland, Produktionszeitraum, \u2013technologie oder Anlagenalter zu kontaktieren.<\/p>\n\n\n\n<p>Profitieren Sie von unserer Expertise und sprechen Sie mit uns \u00fcber:<\/p>\n\n\n\n<ul class=\"wp-block-list\"><li>Emissionsrechte (EUA)<\/li><li>Herkunftsnachweise<\/li><\/ul>\n\n\n\n<p>Kontaktieren Sie uns: <a href=\"mailto:frontoffice@orlengas.com\">frontoffice@orlengas.com<\/a><\/p>\n","protected":false},"excerpt":{"rendered":"<p>Wir handeln Emissionsrechte unter dem EU ETS. Wegen seiner engen Verbindung mit den meisten anderen Energierohstoffen und dem daraus resultierenden Einfluss auf die europ\u00e4ische Energiewirtschaft ist dieser Markt besonders spannend f\u00fcr uns. Regulatorische Regelungen sorgen daf\u00fcr, dass die Bedeutung von Emissionsrechten f\u00fcr alle Marktteilnehmer der europ\u00e4ischen Rohstoffm\u00e4rkte weiter zunehmen wird.Herkunftsnachweise dienen dazu, die Quelle erneuerbarer [&hellip;]<\/p>\n","protected":false},"author":1,"featured_media":0,"parent":419,"menu_order":0,"comment_status":"closed","ping_status":"closed","template":"","meta":{"_acf_changed":false,"footnotes":""},"categories":[],"class_list":["post-413","page","type-page","status-publish","hentry"],"acf":[],"yoast_head":"<!-- This site is optimized with the Yoast SEO plugin v27.3 - https:\/\/yoast.com\/product\/yoast-seo-wordpress\/ -->\n<title>Umweltprodukte | ORLEN ENERGY TRADING GMBH<\/title>\n<meta name=\"robots\" content=\"index, follow, max-snippet:-1, max-image-preview:large, max-video-preview:-1\" \/>\n<link rel=\"canonical\" href=\"https:\/\/orlengas.com\/de\/geschaftsfelder\/handel\/industriekunden-stadtwerke\/\" \/>\n<meta property=\"og:locale\" content=\"de_DE\" \/>\n<meta property=\"og:type\" content=\"article\" \/>\n<meta property=\"og:title\" content=\"Umweltprodukte | ORLEN ENERGY TRADING GMBH\" \/>\n<meta property=\"og:description\" content=\"Wir handeln Emissionsrechte unter dem EU ETS. Wegen seiner engen Verbindung mit den meisten anderen Energierohstoffen und dem daraus resultierenden Einfluss auf die europ\u00e4ische Energiewirtschaft ist dieser Markt besonders spannend f\u00fcr uns. Regulatorische Regelungen sorgen daf\u00fcr, dass die Bedeutung von Emissionsrechten f\u00fcr alle Marktteilnehmer der europ\u00e4ischen Rohstoffm\u00e4rkte weiter zunehmen wird.Herkunftsnachweise dienen dazu, die Quelle erneuerbarer [&hellip;]\" \/>\n<meta property=\"og:url\" content=\"https:\/\/orlengas.com\/de\/geschaftsfelder\/handel\/industriekunden-stadtwerke\/\" \/>\n<meta property=\"og:site_name\" content=\"ORLEN ENERGY TRADING GMBH\" \/>\n<meta property=\"article:modified_time\" content=\"2026-02-13T04:15:31+00:00\" \/>\n<meta property=\"og:image\" content=\"https:\/\/orlengas.com\/wp-content\/uploads\/2019\/01\/about_us_de_claim.jpg\" \/>\n\t<meta property=\"og:image:width\" content=\"1200\" \/>\n\t<meta property=\"og:image:height\" content=\"1200\" \/>\n\t<meta property=\"og:image:type\" content=\"image\/jpeg\" \/>\n<meta name=\"twitter:card\" content=\"summary_large_image\" \/>\n<meta name=\"twitter:label1\" content=\"Gesch\u00e4tzte Lesezeit\" \/>\n\t<meta name=\"twitter:data1\" content=\"1\u00a0Minute\" \/>\n<script type=\"application\/ld+json\" class=\"yoast-schema-graph\">{\"@context\":\"https:\\\/\\\/schema.org\",\"@graph\":[{\"@type\":\"WebPage\",\"@id\":\"https:\\\/\\\/orlengas.com\\\/de\\\/geschaftsfelder\\\/handel\\\/industriekunden-stadtwerke\\\/\",\"url\":\"https:\\\/\\\/orlengas.com\\\/de\\\/geschaftsfelder\\\/handel\\\/industriekunden-stadtwerke\\\/\",\"name\":\"Umweltprodukte | ORLEN ENERGY TRADING GMBH\",\"isPartOf\":{\"@id\":\"https:\\\/\\\/orlengas.com\\\/#website\"},\"datePublished\":\"2018-12-05T18:59:38+00:00\",\"dateModified\":\"2026-02-13T04:15:31+00:00\",\"breadcrumb\":{\"@id\":\"https:\\\/\\\/orlengas.com\\\/de\\\/geschaftsfelder\\\/handel\\\/industriekunden-stadtwerke\\\/#breadcrumb\"},\"inLanguage\":\"de\",\"potentialAction\":[{\"@type\":\"ReadAction\",\"target\":[\"https:\\\/\\\/orlengas.com\\\/de\\\/geschaftsfelder\\\/handel\\\/industriekunden-stadtwerke\\\/\"]}]},{\"@type\":\"BreadcrumbList\",\"@id\":\"https:\\\/\\\/orlengas.com\\\/de\\\/geschaftsfelder\\\/handel\\\/industriekunden-stadtwerke\\\/#breadcrumb\",\"itemListElement\":[{\"@type\":\"ListItem\",\"position\":1,\"name\":\"Home\",\"item\":\"https:\\\/\\\/orlengas.com\\\/de\\\/\"},{\"@type\":\"ListItem\",\"position\":2,\"name\":\"Gesch\u00e4ftsfelder\",\"item\":\"https:\\\/\\\/orlengas.com\\\/de\\\/geschaftsfelder\\\/\"},{\"@type\":\"ListItem\",\"position\":3,\"name\":\"Handel\",\"item\":\"https:\\\/\\\/orlengas.com\\\/de\\\/geschaftsfelder\\\/handel\\\/\"},{\"@type\":\"ListItem\",\"position\":4,\"name\":\"Umweltprodukte\"}]},{\"@type\":\"WebSite\",\"@id\":\"https:\\\/\\\/orlengas.com\\\/#website\",\"url\":\"https:\\\/\\\/orlengas.com\\\/\",\"name\":\"ORLEN ENERGY TRADING GMBH\",\"description\":\"ORLEN ENERGY TRADING GMBH\",\"publisher\":{\"@id\":\"https:\\\/\\\/orlengas.com\\\/#organization\"},\"potentialAction\":[{\"@type\":\"SearchAction\",\"target\":{\"@type\":\"EntryPoint\",\"urlTemplate\":\"https:\\\/\\\/orlengas.com\\\/?s={search_term_string}\"},\"query-input\":{\"@type\":\"PropertyValueSpecification\",\"valueRequired\":true,\"valueName\":\"search_term_string\"}}],\"inLanguage\":\"de\"},{\"@type\":\"Organization\",\"@id\":\"https:\\\/\\\/orlengas.com\\\/#organization\",\"name\":\"PGNiG Supply & Trading GmbH\",\"url\":\"https:\\\/\\\/orlengas.com\\\/\",\"logo\":{\"@type\":\"ImageObject\",\"inLanguage\":\"de\",\"@id\":\"https:\\\/\\\/orlengas.com\\\/#\\\/schema\\\/logo\\\/image\\\/\",\"url\":\"https:\\\/\\\/pst-energie.com\\\/wp-content\\\/uploads\\\/2019\\\/01\\\/PGNIG-Supply-Trading-GmbH-Logo.jpg\",\"contentUrl\":\"https:\\\/\\\/pst-energie.com\\\/wp-content\\\/uploads\\\/2019\\\/01\\\/PGNIG-Supply-Trading-GmbH-Logo.jpg\",\"width\":1425,\"height\":678,\"caption\":\"PGNiG Supply & Trading GmbH\"},\"image\":{\"@id\":\"https:\\\/\\\/orlengas.com\\\/#\\\/schema\\\/logo\\\/image\\\/\"}}]}<\/script>\n<!-- \/ Yoast SEO plugin. -->","yoast_head_json":{"title":"Umweltprodukte | ORLEN ENERGY TRADING GMBH","robots":{"index":"index","follow":"follow","max-snippet":"max-snippet:-1","max-image-preview":"max-image-preview:large","max-video-preview":"max-video-preview:-1"},"canonical":"https:\/\/orlengas.com\/de\/geschaftsfelder\/handel\/industriekunden-stadtwerke\/","og_locale":"de_DE","og_type":"article","og_title":"Umweltprodukte | ORLEN ENERGY TRADING GMBH","og_description":"Wir handeln Emissionsrechte unter dem EU ETS. Wegen seiner engen Verbindung mit den meisten anderen Energierohstoffen und dem daraus resultierenden Einfluss auf die europ\u00e4ische Energiewirtschaft ist dieser Markt besonders spannend f\u00fcr uns. Regulatorische Regelungen sorgen daf\u00fcr, dass die Bedeutung von Emissionsrechten f\u00fcr alle Marktteilnehmer der europ\u00e4ischen Rohstoffm\u00e4rkte weiter zunehmen wird.Herkunftsnachweise dienen dazu, die Quelle erneuerbarer [&hellip;]","og_url":"https:\/\/orlengas.com\/de\/geschaftsfelder\/handel\/industriekunden-stadtwerke\/","og_site_name":"ORLEN ENERGY TRADING GMBH","article_modified_time":"2026-02-13T04:15:31+00:00","og_image":[{"width":1200,"height":1200,"url":"https:\/\/orlengas.com\/wp-content\/uploads\/2019\/01\/about_us_de_claim.jpg","type":"image\/jpeg"}],"twitter_card":"summary_large_image","twitter_misc":{"Gesch\u00e4tzte Lesezeit":"1\u00a0Minute"},"schema":{"@context":"https:\/\/schema.org","@graph":[{"@type":"WebPage","@id":"https:\/\/orlengas.com\/de\/geschaftsfelder\/handel\/industriekunden-stadtwerke\/","url":"https:\/\/orlengas.com\/de\/geschaftsfelder\/handel\/industriekunden-stadtwerke\/","name":"Umweltprodukte | ORLEN ENERGY TRADING GMBH","isPartOf":{"@id":"https:\/\/orlengas.com\/#website"},"datePublished":"2018-12-05T18:59:38+00:00","dateModified":"2026-02-13T04:15:31+00:00","breadcrumb":{"@id":"https:\/\/orlengas.com\/de\/geschaftsfelder\/handel\/industriekunden-stadtwerke\/#breadcrumb"},"inLanguage":"de","potentialAction":[{"@type":"ReadAction","target":["https:\/\/orlengas.com\/de\/geschaftsfelder\/handel\/industriekunden-stadtwerke\/"]}]},{"@type":"BreadcrumbList","@id":"https:\/\/orlengas.com\/de\/geschaftsfelder\/handel\/industriekunden-stadtwerke\/#breadcrumb","itemListElement":[{"@type":"ListItem","position":1,"name":"Home","item":"https:\/\/orlengas.com\/de\/"},{"@type":"ListItem","position":2,"name":"Gesch\u00e4ftsfelder","item":"https:\/\/orlengas.com\/de\/geschaftsfelder\/"},{"@type":"ListItem","position":3,"name":"Handel","item":"https:\/\/orlengas.com\/de\/geschaftsfelder\/handel\/"},{"@type":"ListItem","position":4,"name":"Umweltprodukte"}]},{"@type":"WebSite","@id":"https:\/\/orlengas.com\/#website","url":"https:\/\/orlengas.com\/","name":"ORLEN ENERGY TRADING GMBH","description":"ORLEN ENERGY TRADING GMBH","publisher":{"@id":"https:\/\/orlengas.com\/#organization"},"potentialAction":[{"@type":"SearchAction","target":{"@type":"EntryPoint","urlTemplate":"https:\/\/orlengas.com\/?s={search_term_string}"},"query-input":{"@type":"PropertyValueSpecification","valueRequired":true,"valueName":"search_term_string"}}],"inLanguage":"de"},{"@type":"Organization","@id":"https:\/\/orlengas.com\/#organization","name":"PGNiG Supply & Trading GmbH","url":"https:\/\/orlengas.com\/","logo":{"@type":"ImageObject","inLanguage":"de","@id":"https:\/\/orlengas.com\/#\/schema\/logo\/image\/","url":"https:\/\/pst-energie.com\/wp-content\/uploads\/2019\/01\/PGNIG-Supply-Trading-GmbH-Logo.jpg","contentUrl":"https:\/\/pst-energie.com\/wp-content\/uploads\/2019\/01\/PGNIG-Supply-Trading-GmbH-Logo.jpg","width":1425,"height":678,"caption":"PGNiG Supply & Trading GmbH"},"image":{"@id":"https:\/\/orlengas.com\/#\/schema\/logo\/image\/"}}]}},"_links":{"self":[{"href":"https:\/\/orlengas.com\/de\/wp-json\/wp\/v2\/pages\/413","targetHints":{"allow":["GET"]}}],"collection":[{"href":"https:\/\/orlengas.com\/de\/wp-json\/wp\/v2\/pages"}],"about":[{"href":"https:\/\/orlengas.com\/de\/wp-json\/wp\/v2\/types\/page"}],"author":[{"embeddable":true,"href":"https:\/\/orlengas.com\/de\/wp-json\/wp\/v2\/users\/1"}],"replies":[{"embeddable":true,"href":"https:\/\/orlengas.com\/de\/wp-json\/wp\/v2\/comments?post=413"}],"version-history":[{"count":3,"href":"https:\/\/orlengas.com\/de\/wp-json\/wp\/v2\/pages\/413\/revisions"}],"predecessor-version":[{"id":3118,"href":"https:\/\/orlengas.com\/de\/wp-json\/wp\/v2\/pages\/413\/revisions\/3118"}],"up":[{"embeddable":true,"href":"https:\/\/orlengas.com\/de\/wp-json\/wp\/v2\/pages\/419"}],"wp:attachment":[{"href":"https:\/\/orlengas.com\/de\/wp-json\/wp\/v2\/media?parent=413"}],"wp:term":[{"taxonomy":"category","embeddable":true,"href":"https:\/\/orlengas.com\/de\/wp-json\/wp\/v2\/categories?post=413"}],"curies":[{"name":"wp","href":"https:\/\/api.w.org\/{rel}","templated":true}]}}