{"id":414,"date":"2018-12-05T20:00:09","date_gmt":"2018-12-05T19:00:09","guid":{"rendered":"https:\/\/launch.pst-energie.com\/geschaftsfelder\/supply\/lng\/"},"modified":"2020-10-21T14:11:37","modified_gmt":"2020-10-21T12:11:37","slug":"lng","status":"publish","type":"page","link":"https:\/\/orlengas.com\/de\/geschaftsfelder\/handel\/lng\/","title":{"rendered":"LNG"},"content":{"rendered":"\n<p>LNG steht f\u00fcr Liquefied Natural Gas (verfl\u00fcssigtes Erdgas). Durch Herunterk\u00fchlen auf -162 Grad Celsius erreicht Erdgas seinen verfl\u00fcssigten Zustand. W\u00e4hrend des K\u00fchlungsprozesses werden dem Gas andere Bestandteile, wie Wasser, CO<sub>2<\/sub> und Nitrogen entzogen, sodass das Gas fast nur noch aus Methan besteht. Gleichzeitig verringert sich w\u00e4hrenddessen das Volumen des Gases, wodurch es einfacher zu speichern und zu transportieren ist. LNG ist farb- und geruchslos. Es f\u00fchrt nicht zur Korrosion und ist ungiftig. Aufgrund des niedrigen CO<sub>2<\/sub>-Aussto\u00dfes ist LNG umweltfreundlicher als jeder andere fossile Brennstoff.<\/p>\n\n\n\n<p>LNG wird typischerweise per Schiff transportiert. Nach Verfl\u00fcssigung des Erdgases im Verladehafen wird das LNG zum Entladehafen geliefert. Dort wird es regasifiziert, d.h. wieder in den gasf\u00f6rmigen Zustand umgewandelt und in das Erdgasnetz eingespeist, so dass das Gas dann die Endverbraucher erreichen kann. <a href=\"https:\/\/pst-energie.com\/de\/geschaftsfelder\/services\/lng-als-treibstoff\/\">Mehr zu LNG als Treibstoff z.B. f\u00fcr LKWs oder als Brennstoff.<\/a><\/p>\n\n\n\n<h2 class=\"wp-block-heading\">Portfolio:<\/h2>\n\n\n\n<p>Die Aktivit\u00e4ten der PST-Niederlassung in London sind auf die Diversifizierung der Importe am Polnischen LNG Terminal \u015awinouj\u015bcie fokussiert. Ein Meilenstein f\u00fcr das Unternehmen war die Realsierung der ersten LNG-Lieferung die aus den USA nach Nord-Europa erfolgte.<\/p>\n\n\n\n<p>\u201cThis is a historic moment for PGNiG. North America is becoming the next region for acquiring this strategic commodity after <g class=\"gr_ gr_8 gr-alert gr_gramm gr_inline_cards gr_run_anim Grammar only-ins replaceWithoutSep\" id=\"8\" data-gr-id=\"8\">Middle<\/g> East and Norway. We consistently fulfill our strategy of diversifying gas deliveries to Poland. We build a safe and competitive gas market for the Polish economy,\u201d <g class=\"gr_ gr_7 gr-alert gr_spell gr_inline_cards gr_run_anim ContextualSpelling\" id=\"7\" data-gr-id=\"7\">kommentierte<\/g> Piotr Wo\u017aniak, President des PGNiG Management Board. <\/p>\n\n\n\n<p>F\u00fcr die nahe Zukunft sind langfristige FOB-Vertr\u00e4ge zur Erweiterung des LNG-Portfolios der PGNiG angestrebt. Hiermit wird die PST-Niederlassung in London sich zunehmend globalen Destinationen f\u00fcr LNG-Lieferungen zuwenden.<\/p>\n","protected":false},"excerpt":{"rendered":"<p>LNG steht f\u00fcr Liquefied Natural Gas (verfl\u00fcssigtes Erdgas). Durch Herunterk\u00fchlen auf -162 Grad Celsius erreicht Erdgas seinen verfl\u00fcssigten Zustand. W\u00e4hrend des K\u00fchlungsprozesses werden dem Gas andere Bestandteile, wie Wasser, CO2 und Nitrogen entzogen, sodass das Gas fast nur noch aus Methan besteht. Gleichzeitig verringert sich w\u00e4hrenddessen das Volumen des Gases, wodurch es einfacher zu speichern [&hellip;]<\/p>\n","protected":false},"author":1,"featured_media":683,"parent":419,"menu_order":0,"comment_status":"closed","ping_status":"closed","template":"","meta":{"_acf_changed":false,"footnotes":""},"categories":[],"class_list":["post-414","page","type-page","status-publish","has-post-thumbnail","hentry"],"acf":[],"yoast_head":"<!-- This site is optimized with the Yoast SEO plugin v27.3 - https:\/\/yoast.com\/product\/yoast-seo-wordpress\/ -->\n<title>LNG | ORLEN ENERGY TRADING GMBH<\/title>\n<meta name=\"description\" content=\"PST&#039;s Tochterunternehmen in London fokussiert sich auf die Diversifikation von Lieferungen zum polnischen LNG Terminal \u015awinouj\u015bcie. LNG Trading Powered by PST.\" \/>\n<meta name=\"robots\" content=\"index, follow, max-snippet:-1, max-image-preview:large, max-video-preview:-1\" \/>\n<link rel=\"canonical\" href=\"https:\/\/orlengas.com\/de\/geschaftsfelder\/handel\/lng\/\" \/>\n<meta property=\"og:locale\" content=\"de_DE\" \/>\n<meta property=\"og:type\" content=\"article\" \/>\n<meta property=\"og:title\" content=\"LNG | ORLEN ENERGY TRADING GMBH\" \/>\n<meta property=\"og:description\" content=\"PST&#039;s Tochterunternehmen in London fokussiert sich auf die Diversifikation von Lieferungen zum polnischen LNG Terminal \u015awinouj\u015bcie. LNG Trading Powered by PST.\" \/>\n<meta property=\"og:url\" content=\"https:\/\/orlengas.com\/de\/geschaftsfelder\/handel\/lng\/\" \/>\n<meta property=\"og:site_name\" content=\"ORLEN ENERGY TRADING GMBH\" \/>\n<meta property=\"article:modified_time\" content=\"2020-10-21T12:11:37+00:00\" \/>\n<meta property=\"og:image\" content=\"https:\/\/orlengas.com\/wp-content\/uploads\/2018\/12\/c_Gazoport_139.jpg\" \/>\n\t<meta property=\"og:image:width\" content=\"1280\" \/>\n\t<meta property=\"og:image:height\" content=\"919\" \/>\n\t<meta property=\"og:image:type\" content=\"image\/jpeg\" \/>\n<meta name=\"twitter:card\" content=\"summary_large_image\" \/>\n<meta name=\"twitter:label1\" content=\"Gesch\u00e4tzte Lesezeit\" \/>\n\t<meta name=\"twitter:data1\" content=\"1\u00a0Minute\" \/>\n<script type=\"application\/ld+json\" class=\"yoast-schema-graph\">{\"@context\":\"https:\\\/\\\/schema.org\",\"@graph\":[{\"@type\":\"WebPage\",\"@id\":\"https:\\\/\\\/orlengas.com\\\/de\\\/geschaftsfelder\\\/handel\\\/lng\\\/\",\"url\":\"https:\\\/\\\/orlengas.com\\\/de\\\/geschaftsfelder\\\/handel\\\/lng\\\/\",\"name\":\"LNG | ORLEN ENERGY TRADING GMBH\",\"isPartOf\":{\"@id\":\"https:\\\/\\\/orlengas.com\\\/#website\"},\"primaryImageOfPage\":{\"@id\":\"https:\\\/\\\/orlengas.com\\\/de\\\/geschaftsfelder\\\/handel\\\/lng\\\/#primaryimage\"},\"image\":{\"@id\":\"https:\\\/\\\/orlengas.com\\\/de\\\/geschaftsfelder\\\/handel\\\/lng\\\/#primaryimage\"},\"thumbnailUrl\":\"https:\\\/\\\/orlengas.com\\\/wp-content\\\/uploads\\\/2018\\\/12\\\/c_Gazoport_139.jpg\",\"datePublished\":\"2018-12-05T19:00:09+00:00\",\"dateModified\":\"2020-10-21T12:11:37+00:00\",\"description\":\"PST's Tochterunternehmen in London fokussiert sich auf die Diversifikation von Lieferungen zum polnischen LNG Terminal \u015awinouj\u015bcie. LNG Trading Powered by PST.\",\"breadcrumb\":{\"@id\":\"https:\\\/\\\/orlengas.com\\\/de\\\/geschaftsfelder\\\/handel\\\/lng\\\/#breadcrumb\"},\"inLanguage\":\"de\",\"potentialAction\":[{\"@type\":\"ReadAction\",\"target\":[\"https:\\\/\\\/orlengas.com\\\/de\\\/geschaftsfelder\\\/handel\\\/lng\\\/\"]}]},{\"@type\":\"ImageObject\",\"inLanguage\":\"de\",\"@id\":\"https:\\\/\\\/orlengas.com\\\/de\\\/geschaftsfelder\\\/handel\\\/lng\\\/#primaryimage\",\"url\":\"https:\\\/\\\/orlengas.com\\\/wp-content\\\/uploads\\\/2018\\\/12\\\/c_Gazoport_139.jpg\",\"contentUrl\":\"https:\\\/\\\/orlengas.com\\\/wp-content\\\/uploads\\\/2018\\\/12\\\/c_Gazoport_139.jpg\",\"width\":1280,\"height\":919,\"caption\":\"LNG Gazoport 2\"},{\"@type\":\"BreadcrumbList\",\"@id\":\"https:\\\/\\\/orlengas.com\\\/de\\\/geschaftsfelder\\\/handel\\\/lng\\\/#breadcrumb\",\"itemListElement\":[{\"@type\":\"ListItem\",\"position\":1,\"name\":\"Home\",\"item\":\"https:\\\/\\\/orlengas.com\\\/de\\\/\"},{\"@type\":\"ListItem\",\"position\":2,\"name\":\"Gesch\u00e4ftsfelder\",\"item\":\"https:\\\/\\\/orlengas.com\\\/de\\\/geschaftsfelder\\\/\"},{\"@type\":\"ListItem\",\"position\":3,\"name\":\"Handel\",\"item\":\"https:\\\/\\\/orlengas.com\\\/de\\\/geschaftsfelder\\\/handel\\\/\"},{\"@type\":\"ListItem\",\"position\":4,\"name\":\"LNG\"}]},{\"@type\":\"WebSite\",\"@id\":\"https:\\\/\\\/orlengas.com\\\/#website\",\"url\":\"https:\\\/\\\/orlengas.com\\\/\",\"name\":\"ORLEN ENERGY TRADING GMBH\",\"description\":\"ORLEN ENERGY TRADING GMBH\",\"publisher\":{\"@id\":\"https:\\\/\\\/orlengas.com\\\/#organization\"},\"potentialAction\":[{\"@type\":\"SearchAction\",\"target\":{\"@type\":\"EntryPoint\",\"urlTemplate\":\"https:\\\/\\\/orlengas.com\\\/?s={search_term_string}\"},\"query-input\":{\"@type\":\"PropertyValueSpecification\",\"valueRequired\":true,\"valueName\":\"search_term_string\"}}],\"inLanguage\":\"de\"},{\"@type\":\"Organization\",\"@id\":\"https:\\\/\\\/orlengas.com\\\/#organization\",\"name\":\"PGNiG Supply & Trading GmbH\",\"url\":\"https:\\\/\\\/orlengas.com\\\/\",\"logo\":{\"@type\":\"ImageObject\",\"inLanguage\":\"de\",\"@id\":\"https:\\\/\\\/orlengas.com\\\/#\\\/schema\\\/logo\\\/image\\\/\",\"url\":\"https:\\\/\\\/pst-energie.com\\\/wp-content\\\/uploads\\\/2019\\\/01\\\/PGNIG-Supply-Trading-GmbH-Logo.jpg\",\"contentUrl\":\"https:\\\/\\\/pst-energie.com\\\/wp-content\\\/uploads\\\/2019\\\/01\\\/PGNIG-Supply-Trading-GmbH-Logo.jpg\",\"width\":1425,\"height\":678,\"caption\":\"PGNiG Supply & Trading GmbH\"},\"image\":{\"@id\":\"https:\\\/\\\/orlengas.com\\\/#\\\/schema\\\/logo\\\/image\\\/\"}}]}<\/script>\n<!-- \/ Yoast SEO plugin. -->","yoast_head_json":{"title":"LNG | ORLEN ENERGY TRADING GMBH","description":"PST's Tochterunternehmen in London fokussiert sich auf die Diversifikation von Lieferungen zum polnischen LNG Terminal \u015awinouj\u015bcie. LNG Trading Powered by PST.","robots":{"index":"index","follow":"follow","max-snippet":"max-snippet:-1","max-image-preview":"max-image-preview:large","max-video-preview":"max-video-preview:-1"},"canonical":"https:\/\/orlengas.com\/de\/geschaftsfelder\/handel\/lng\/","og_locale":"de_DE","og_type":"article","og_title":"LNG | ORLEN ENERGY TRADING GMBH","og_description":"PST's Tochterunternehmen in London fokussiert sich auf die Diversifikation von Lieferungen zum polnischen LNG Terminal \u015awinouj\u015bcie. LNG Trading Powered by PST.","og_url":"https:\/\/orlengas.com\/de\/geschaftsfelder\/handel\/lng\/","og_site_name":"ORLEN ENERGY TRADING GMBH","article_modified_time":"2020-10-21T12:11:37+00:00","og_image":[{"width":1280,"height":919,"url":"https:\/\/orlengas.com\/wp-content\/uploads\/2018\/12\/c_Gazoport_139.jpg","type":"image\/jpeg"}],"twitter_card":"summary_large_image","twitter_misc":{"Gesch\u00e4tzte Lesezeit":"1\u00a0Minute"},"schema":{"@context":"https:\/\/schema.org","@graph":[{"@type":"WebPage","@id":"https:\/\/orlengas.com\/de\/geschaftsfelder\/handel\/lng\/","url":"https:\/\/orlengas.com\/de\/geschaftsfelder\/handel\/lng\/","name":"LNG | ORLEN ENERGY TRADING GMBH","isPartOf":{"@id":"https:\/\/orlengas.com\/#website"},"primaryImageOfPage":{"@id":"https:\/\/orlengas.com\/de\/geschaftsfelder\/handel\/lng\/#primaryimage"},"image":{"@id":"https:\/\/orlengas.com\/de\/geschaftsfelder\/handel\/lng\/#primaryimage"},"thumbnailUrl":"https:\/\/orlengas.com\/wp-content\/uploads\/2018\/12\/c_Gazoport_139.jpg","datePublished":"2018-12-05T19:00:09+00:00","dateModified":"2020-10-21T12:11:37+00:00","description":"PST's Tochterunternehmen in London fokussiert sich auf die Diversifikation von Lieferungen zum polnischen LNG Terminal \u015awinouj\u015bcie. LNG Trading Powered by PST.","breadcrumb":{"@id":"https:\/\/orlengas.com\/de\/geschaftsfelder\/handel\/lng\/#breadcrumb"},"inLanguage":"de","potentialAction":[{"@type":"ReadAction","target":["https:\/\/orlengas.com\/de\/geschaftsfelder\/handel\/lng\/"]}]},{"@type":"ImageObject","inLanguage":"de","@id":"https:\/\/orlengas.com\/de\/geschaftsfelder\/handel\/lng\/#primaryimage","url":"https:\/\/orlengas.com\/wp-content\/uploads\/2018\/12\/c_Gazoport_139.jpg","contentUrl":"https:\/\/orlengas.com\/wp-content\/uploads\/2018\/12\/c_Gazoport_139.jpg","width":1280,"height":919,"caption":"LNG Gazoport 2"},{"@type":"BreadcrumbList","@id":"https:\/\/orlengas.com\/de\/geschaftsfelder\/handel\/lng\/#breadcrumb","itemListElement":[{"@type":"ListItem","position":1,"name":"Home","item":"https:\/\/orlengas.com\/de\/"},{"@type":"ListItem","position":2,"name":"Gesch\u00e4ftsfelder","item":"https:\/\/orlengas.com\/de\/geschaftsfelder\/"},{"@type":"ListItem","position":3,"name":"Handel","item":"https:\/\/orlengas.com\/de\/geschaftsfelder\/handel\/"},{"@type":"ListItem","position":4,"name":"LNG"}]},{"@type":"WebSite","@id":"https:\/\/orlengas.com\/#website","url":"https:\/\/orlengas.com\/","name":"ORLEN ENERGY TRADING GMBH","description":"ORLEN ENERGY TRADING GMBH","publisher":{"@id":"https:\/\/orlengas.com\/#organization"},"potentialAction":[{"@type":"SearchAction","target":{"@type":"EntryPoint","urlTemplate":"https:\/\/orlengas.com\/?s={search_term_string}"},"query-input":{"@type":"PropertyValueSpecification","valueRequired":true,"valueName":"search_term_string"}}],"inLanguage":"de"},{"@type":"Organization","@id":"https:\/\/orlengas.com\/#organization","name":"PGNiG Supply & Trading GmbH","url":"https:\/\/orlengas.com\/","logo":{"@type":"ImageObject","inLanguage":"de","@id":"https:\/\/orlengas.com\/#\/schema\/logo\/image\/","url":"https:\/\/pst-energie.com\/wp-content\/uploads\/2019\/01\/PGNIG-Supply-Trading-GmbH-Logo.jpg","contentUrl":"https:\/\/pst-energie.com\/wp-content\/uploads\/2019\/01\/PGNIG-Supply-Trading-GmbH-Logo.jpg","width":1425,"height":678,"caption":"PGNiG Supply & Trading GmbH"},"image":{"@id":"https:\/\/orlengas.com\/#\/schema\/logo\/image\/"}}]}},"_links":{"self":[{"href":"https:\/\/orlengas.com\/de\/wp-json\/wp\/v2\/pages\/414","targetHints":{"allow":["GET"]}}],"collection":[{"href":"https:\/\/orlengas.com\/de\/wp-json\/wp\/v2\/pages"}],"about":[{"href":"https:\/\/orlengas.com\/de\/wp-json\/wp\/v2\/types\/page"}],"author":[{"embeddable":true,"href":"https:\/\/orlengas.com\/de\/wp-json\/wp\/v2\/users\/1"}],"replies":[{"embeddable":true,"href":"https:\/\/orlengas.com\/de\/wp-json\/wp\/v2\/comments?post=414"}],"version-history":[{"count":2,"href":"https:\/\/orlengas.com\/de\/wp-json\/wp\/v2\/pages\/414\/revisions"}],"predecessor-version":[{"id":593,"href":"https:\/\/orlengas.com\/de\/wp-json\/wp\/v2\/pages\/414\/revisions\/593"}],"up":[{"embeddable":true,"href":"https:\/\/orlengas.com\/de\/wp-json\/wp\/v2\/pages\/419"}],"wp:featuredmedia":[{"embeddable":true,"href":"https:\/\/orlengas.com\/de\/wp-json\/wp\/v2\/media\/683"}],"wp:attachment":[{"href":"https:\/\/orlengas.com\/de\/wp-json\/wp\/v2\/media?parent=414"}],"wp:term":[{"taxonomy":"category","embeddable":true,"href":"https:\/\/orlengas.com\/de\/wp-json\/wp\/v2\/categories?post=414"}],"curies":[{"name":"wp","href":"https:\/\/api.w.org\/{rel}","templated":true}]}}