{"id":416,"date":"2018-12-05T20:05:04","date_gmt":"2018-12-05T19:05:04","guid":{"rendered":"https:\/\/launch.pst-energie.com\/geschaftsfelder\/supply\/gas\/"},"modified":"2026-02-13T05:13:05","modified_gmt":"2026-02-13T04:13:05","slug":"gas","status":"publish","type":"page","link":"https:\/\/orlengas.com\/de\/geschaftsfelder\/handel\/gas\/","title":{"rendered":"Gas"},"content":{"rendered":"\n<p>Im Erdgasgesch\u00e4ft reichen unsere Wurzeln bis in das 19. Jahrhundert. Unsere Zugeh\u00f6rigkeit zur ORLEN Gruppe erm\u00f6glicht uns Unabh\u00e4ngigkeit, da wir Gas direkt aus konzerneigenen Gasfeldern beziehen k\u00f6nnen. Der direkte Zugang zur Gasproduktion im norwegischen Kontinentalschelf durch unser Schwesterunternehmen PGNiG Upstream Norway AS macht uns zu einem zuverl\u00e4ssigen Handelspartner f\u00fcr Gas, da wir hierdurch nicht nur unseren Endkunden in Deutschland und Polen, sondern auch unseren Handelspartnern jederzeit Liefersicherheit zu fairen Konditionen bieten k\u00f6nnen. <\/p>\n\n\n\n<figure class=\"wp-block-image\"><img decoding=\"async\" src=\"https:\/\/pst-energie.com\/wp-content\/uploads\/2025\/03\/graph7-1_OST.png\" alt=\"\" class=\"wp-image-1277\"\/><\/figure>\n\n\n\n<p>Unser Eigenhandel bietet eine breite Marktabdeckung im mittel- und osteurop\u00e4ischen Raum. Unser Schwerpunkt liegt in den Marktgebieten Gaspool, NCG und TTF,  bauen unsere Pr\u00e4senz in ganz Europa aber kontinuierlich aus und decken zur Zeit 10 M\u00e4rkte ab. Ob Standard Base- und Peak-Produkte oder komplexe Profile, zu indexierten oder Fest-Preisen \u2013 wir machen Ihnen gern ein attraktives Angebot. Wir sind im Spot-, sowie im kurz- und mittelfristigen Terminmarkt aktiv.<\/p>\n\n\n\n<p>Profitieren Sie von unserer Expertise und sprechen Sie mit uns \u00fcber:<\/p>\n\n\n\n<ul class=\"wp-block-list\">\n<li>Standard &amp; Structured Trading<\/li>\n\n\n\n<li>Tranchen- und Indexierte Vertr\u00e4ge<\/li>\n\n\n\n<li>Grenz\u00fcberschreitenden Handel<\/li>\n\n\n\n<li>Transport- &amp; Speicherkapazit\u00e4ten<\/li>\n\n\n\n<li>Asset Portfolio Optimierung<\/li>\n<\/ul>\n\n\n\n<p>Kontaktieren Sie uns: <a href=\"mailto:frontoffice@orlengas.com\">frontoffice@orlengas.com<\/a><\/p>\n","protected":false},"excerpt":{"rendered":"<p>Im Erdgasgesch\u00e4ft reichen unsere Wurzeln bis in das 19. Jahrhundert. Unsere Zugeh\u00f6rigkeit zur ORLEN Gruppe erm\u00f6glicht uns Unabh\u00e4ngigkeit, da wir Gas direkt aus konzerneigenen Gasfeldern beziehen k\u00f6nnen. Der direkte Zugang zur Gasproduktion im norwegischen Kontinentalschelf durch unser Schwesterunternehmen PGNiG Upstream Norway AS macht uns zu einem zuverl\u00e4ssigen Handelspartner f\u00fcr Gas, da wir hierdurch nicht nur [&hellip;]<\/p>\n","protected":false},"author":1,"featured_media":0,"parent":419,"menu_order":0,"comment_status":"closed","ping_status":"closed","template":"","meta":{"_acf_changed":false,"footnotes":""},"categories":[],"class_list":["post-416","page","type-page","status-publish","hentry"],"acf":[],"yoast_head":"<!-- This site is optimized with the Yoast SEO plugin v27.3 - https:\/\/yoast.com\/product\/yoast-seo-wordpress\/ -->\n<title>Gas | ORLEN ENERGY TRADING GMBH<\/title>\n<meta name=\"robots\" content=\"index, follow, max-snippet:-1, max-image-preview:large, max-video-preview:-1\" \/>\n<link rel=\"canonical\" href=\"https:\/\/orlengas.com\/de\/geschaftsfelder\/handel\/gas\/\" \/>\n<meta property=\"og:locale\" content=\"de_DE\" \/>\n<meta property=\"og:type\" content=\"article\" \/>\n<meta property=\"og:title\" content=\"Gas | ORLEN ENERGY TRADING GMBH\" \/>\n<meta property=\"og:description\" content=\"Im Erdgasgesch\u00e4ft reichen unsere Wurzeln bis in das 19. Jahrhundert. Unsere Zugeh\u00f6rigkeit zur ORLEN Gruppe erm\u00f6glicht uns Unabh\u00e4ngigkeit, da wir Gas direkt aus konzerneigenen Gasfeldern beziehen k\u00f6nnen. Der direkte Zugang zur Gasproduktion im norwegischen Kontinentalschelf durch unser Schwesterunternehmen PGNiG Upstream Norway AS macht uns zu einem zuverl\u00e4ssigen Handelspartner f\u00fcr Gas, da wir hierdurch nicht nur [&hellip;]\" \/>\n<meta property=\"og:url\" content=\"https:\/\/orlengas.com\/de\/geschaftsfelder\/handel\/gas\/\" \/>\n<meta property=\"og:site_name\" content=\"ORLEN ENERGY TRADING GMBH\" \/>\n<meta property=\"article:modified_time\" content=\"2026-02-13T04:13:05+00:00\" \/>\n<meta property=\"og:image\" content=\"https:\/\/pst-energie.com\/wp-content\/uploads\/2025\/03\/graph7-1_OST.png\" \/>\n<meta name=\"twitter:card\" content=\"summary_large_image\" \/>\n<meta name=\"twitter:label1\" content=\"Gesch\u00e4tzte Lesezeit\" \/>\n\t<meta name=\"twitter:data1\" content=\"1\u00a0Minute\" \/>\n<script type=\"application\/ld+json\" class=\"yoast-schema-graph\">{\"@context\":\"https:\\\/\\\/schema.org\",\"@graph\":[{\"@type\":\"WebPage\",\"@id\":\"https:\\\/\\\/orlengas.com\\\/de\\\/geschaftsfelder\\\/handel\\\/gas\\\/\",\"url\":\"https:\\\/\\\/orlengas.com\\\/de\\\/geschaftsfelder\\\/handel\\\/gas\\\/\",\"name\":\"Gas | ORLEN ENERGY TRADING GMBH\",\"isPartOf\":{\"@id\":\"https:\\\/\\\/orlengas.com\\\/#website\"},\"primaryImageOfPage\":{\"@id\":\"https:\\\/\\\/orlengas.com\\\/de\\\/geschaftsfelder\\\/handel\\\/gas\\\/#primaryimage\"},\"image\":{\"@id\":\"https:\\\/\\\/orlengas.com\\\/de\\\/geschaftsfelder\\\/handel\\\/gas\\\/#primaryimage\"},\"thumbnailUrl\":\"https:\\\/\\\/pst-energie.com\\\/wp-content\\\/uploads\\\/2025\\\/03\\\/graph7-1_OST.png\",\"datePublished\":\"2018-12-05T19:05:04+00:00\",\"dateModified\":\"2026-02-13T04:13:05+00:00\",\"breadcrumb\":{\"@id\":\"https:\\\/\\\/orlengas.com\\\/de\\\/geschaftsfelder\\\/handel\\\/gas\\\/#breadcrumb\"},\"inLanguage\":\"de\",\"potentialAction\":[{\"@type\":\"ReadAction\",\"target\":[\"https:\\\/\\\/orlengas.com\\\/de\\\/geschaftsfelder\\\/handel\\\/gas\\\/\"]}]},{\"@type\":\"ImageObject\",\"inLanguage\":\"de\",\"@id\":\"https:\\\/\\\/orlengas.com\\\/de\\\/geschaftsfelder\\\/handel\\\/gas\\\/#primaryimage\",\"url\":\"https:\\\/\\\/pst-energie.com\\\/wp-content\\\/uploads\\\/2025\\\/03\\\/graph7-1_OST.png\",\"contentUrl\":\"https:\\\/\\\/pst-energie.com\\\/wp-content\\\/uploads\\\/2025\\\/03\\\/graph7-1_OST.png\"},{\"@type\":\"BreadcrumbList\",\"@id\":\"https:\\\/\\\/orlengas.com\\\/de\\\/geschaftsfelder\\\/handel\\\/gas\\\/#breadcrumb\",\"itemListElement\":[{\"@type\":\"ListItem\",\"position\":1,\"name\":\"Home\",\"item\":\"https:\\\/\\\/orlengas.com\\\/de\\\/\"},{\"@type\":\"ListItem\",\"position\":2,\"name\":\"Gesch\u00e4ftsfelder\",\"item\":\"https:\\\/\\\/orlengas.com\\\/de\\\/geschaftsfelder\\\/\"},{\"@type\":\"ListItem\",\"position\":3,\"name\":\"Handel\",\"item\":\"https:\\\/\\\/orlengas.com\\\/de\\\/geschaftsfelder\\\/handel\\\/\"},{\"@type\":\"ListItem\",\"position\":4,\"name\":\"Gas\"}]},{\"@type\":\"WebSite\",\"@id\":\"https:\\\/\\\/orlengas.com\\\/#website\",\"url\":\"https:\\\/\\\/orlengas.com\\\/\",\"name\":\"ORLEN ENERGY TRADING GMBH\",\"description\":\"ORLEN ENERGY TRADING GMBH\",\"publisher\":{\"@id\":\"https:\\\/\\\/orlengas.com\\\/#organization\"},\"potentialAction\":[{\"@type\":\"SearchAction\",\"target\":{\"@type\":\"EntryPoint\",\"urlTemplate\":\"https:\\\/\\\/orlengas.com\\\/?s={search_term_string}\"},\"query-input\":{\"@type\":\"PropertyValueSpecification\",\"valueRequired\":true,\"valueName\":\"search_term_string\"}}],\"inLanguage\":\"de\"},{\"@type\":\"Organization\",\"@id\":\"https:\\\/\\\/orlengas.com\\\/#organization\",\"name\":\"PGNiG Supply & Trading GmbH\",\"url\":\"https:\\\/\\\/orlengas.com\\\/\",\"logo\":{\"@type\":\"ImageObject\",\"inLanguage\":\"de\",\"@id\":\"https:\\\/\\\/orlengas.com\\\/#\\\/schema\\\/logo\\\/image\\\/\",\"url\":\"https:\\\/\\\/pst-energie.com\\\/wp-content\\\/uploads\\\/2019\\\/01\\\/PGNIG-Supply-Trading-GmbH-Logo.jpg\",\"contentUrl\":\"https:\\\/\\\/pst-energie.com\\\/wp-content\\\/uploads\\\/2019\\\/01\\\/PGNIG-Supply-Trading-GmbH-Logo.jpg\",\"width\":1425,\"height\":678,\"caption\":\"PGNiG Supply & Trading GmbH\"},\"image\":{\"@id\":\"https:\\\/\\\/orlengas.com\\\/#\\\/schema\\\/logo\\\/image\\\/\"}}]}<\/script>\n<!-- \/ Yoast SEO plugin. -->","yoast_head_json":{"title":"Gas | ORLEN ENERGY TRADING GMBH","robots":{"index":"index","follow":"follow","max-snippet":"max-snippet:-1","max-image-preview":"max-image-preview:large","max-video-preview":"max-video-preview:-1"},"canonical":"https:\/\/orlengas.com\/de\/geschaftsfelder\/handel\/gas\/","og_locale":"de_DE","og_type":"article","og_title":"Gas | ORLEN ENERGY TRADING GMBH","og_description":"Im Erdgasgesch\u00e4ft reichen unsere Wurzeln bis in das 19. Jahrhundert. Unsere Zugeh\u00f6rigkeit zur ORLEN Gruppe erm\u00f6glicht uns Unabh\u00e4ngigkeit, da wir Gas direkt aus konzerneigenen Gasfeldern beziehen k\u00f6nnen. Der direkte Zugang zur Gasproduktion im norwegischen Kontinentalschelf durch unser Schwesterunternehmen PGNiG Upstream Norway AS macht uns zu einem zuverl\u00e4ssigen Handelspartner f\u00fcr Gas, da wir hierdurch nicht nur [&hellip;]","og_url":"https:\/\/orlengas.com\/de\/geschaftsfelder\/handel\/gas\/","og_site_name":"ORLEN ENERGY TRADING GMBH","article_modified_time":"2026-02-13T04:13:05+00:00","og_image":[{"url":"https:\/\/pst-energie.com\/wp-content\/uploads\/2025\/03\/graph7-1_OST.png","type":"","width":"","height":""}],"twitter_card":"summary_large_image","twitter_misc":{"Gesch\u00e4tzte Lesezeit":"1\u00a0Minute"},"schema":{"@context":"https:\/\/schema.org","@graph":[{"@type":"WebPage","@id":"https:\/\/orlengas.com\/de\/geschaftsfelder\/handel\/gas\/","url":"https:\/\/orlengas.com\/de\/geschaftsfelder\/handel\/gas\/","name":"Gas | ORLEN ENERGY TRADING GMBH","isPartOf":{"@id":"https:\/\/orlengas.com\/#website"},"primaryImageOfPage":{"@id":"https:\/\/orlengas.com\/de\/geschaftsfelder\/handel\/gas\/#primaryimage"},"image":{"@id":"https:\/\/orlengas.com\/de\/geschaftsfelder\/handel\/gas\/#primaryimage"},"thumbnailUrl":"https:\/\/pst-energie.com\/wp-content\/uploads\/2025\/03\/graph7-1_OST.png","datePublished":"2018-12-05T19:05:04+00:00","dateModified":"2026-02-13T04:13:05+00:00","breadcrumb":{"@id":"https:\/\/orlengas.com\/de\/geschaftsfelder\/handel\/gas\/#breadcrumb"},"inLanguage":"de","potentialAction":[{"@type":"ReadAction","target":["https:\/\/orlengas.com\/de\/geschaftsfelder\/handel\/gas\/"]}]},{"@type":"ImageObject","inLanguage":"de","@id":"https:\/\/orlengas.com\/de\/geschaftsfelder\/handel\/gas\/#primaryimage","url":"https:\/\/pst-energie.com\/wp-content\/uploads\/2025\/03\/graph7-1_OST.png","contentUrl":"https:\/\/pst-energie.com\/wp-content\/uploads\/2025\/03\/graph7-1_OST.png"},{"@type":"BreadcrumbList","@id":"https:\/\/orlengas.com\/de\/geschaftsfelder\/handel\/gas\/#breadcrumb","itemListElement":[{"@type":"ListItem","position":1,"name":"Home","item":"https:\/\/orlengas.com\/de\/"},{"@type":"ListItem","position":2,"name":"Gesch\u00e4ftsfelder","item":"https:\/\/orlengas.com\/de\/geschaftsfelder\/"},{"@type":"ListItem","position":3,"name":"Handel","item":"https:\/\/orlengas.com\/de\/geschaftsfelder\/handel\/"},{"@type":"ListItem","position":4,"name":"Gas"}]},{"@type":"WebSite","@id":"https:\/\/orlengas.com\/#website","url":"https:\/\/orlengas.com\/","name":"ORLEN ENERGY TRADING GMBH","description":"ORLEN ENERGY TRADING GMBH","publisher":{"@id":"https:\/\/orlengas.com\/#organization"},"potentialAction":[{"@type":"SearchAction","target":{"@type":"EntryPoint","urlTemplate":"https:\/\/orlengas.com\/?s={search_term_string}"},"query-input":{"@type":"PropertyValueSpecification","valueRequired":true,"valueName":"search_term_string"}}],"inLanguage":"de"},{"@type":"Organization","@id":"https:\/\/orlengas.com\/#organization","name":"PGNiG Supply & Trading GmbH","url":"https:\/\/orlengas.com\/","logo":{"@type":"ImageObject","inLanguage":"de","@id":"https:\/\/orlengas.com\/#\/schema\/logo\/image\/","url":"https:\/\/pst-energie.com\/wp-content\/uploads\/2019\/01\/PGNIG-Supply-Trading-GmbH-Logo.jpg","contentUrl":"https:\/\/pst-energie.com\/wp-content\/uploads\/2019\/01\/PGNIG-Supply-Trading-GmbH-Logo.jpg","width":1425,"height":678,"caption":"PGNiG Supply & Trading GmbH"},"image":{"@id":"https:\/\/orlengas.com\/#\/schema\/logo\/image\/"}}]}},"_links":{"self":[{"href":"https:\/\/orlengas.com\/de\/wp-json\/wp\/v2\/pages\/416","targetHints":{"allow":["GET"]}}],"collection":[{"href":"https:\/\/orlengas.com\/de\/wp-json\/wp\/v2\/pages"}],"about":[{"href":"https:\/\/orlengas.com\/de\/wp-json\/wp\/v2\/types\/page"}],"author":[{"embeddable":true,"href":"https:\/\/orlengas.com\/de\/wp-json\/wp\/v2\/users\/1"}],"replies":[{"embeddable":true,"href":"https:\/\/orlengas.com\/de\/wp-json\/wp\/v2\/comments?post=416"}],"version-history":[{"count":8,"href":"https:\/\/orlengas.com\/de\/wp-json\/wp\/v2\/pages\/416\/revisions"}],"predecessor-version":[{"id":3114,"href":"https:\/\/orlengas.com\/de\/wp-json\/wp\/v2\/pages\/416\/revisions\/3114"}],"up":[{"embeddable":true,"href":"https:\/\/orlengas.com\/de\/wp-json\/wp\/v2\/pages\/419"}],"wp:attachment":[{"href":"https:\/\/orlengas.com\/de\/wp-json\/wp\/v2\/media?parent=416"}],"wp:term":[{"taxonomy":"category","embeddable":true,"href":"https:\/\/orlengas.com\/de\/wp-json\/wp\/v2\/categories?post=416"}],"curies":[{"name":"wp","href":"https:\/\/api.w.org\/{rel}","templated":true}]}}