{"id":418,"date":"2018-12-05T20:05:27","date_gmt":"2018-12-05T19:05:27","guid":{"rendered":"https:\/\/launch.pst-energie.com\/geschaftsfelder\/supply\/strom\/"},"modified":"2026-02-13T05:14:31","modified_gmt":"2026-02-13T04:14:31","slug":"strom","status":"publish","type":"page","link":"https:\/\/orlengas.com\/de\/geschaftsfelder\/handel\/strom\/","title":{"rendered":"Strom"},"content":{"rendered":"\n<p>Im Stromhandel fokussieren wir uns auf unsere Kernm\u00e4rkte in Deutschland und \u00d6sterreich. Regulatorische Neuerungen und Ver\u00e4nderungen der Witterungsverh\u00e4ltnisse stellen die Marktteilnehmer in Europa vor immer neue Herausforderungen, denen wir mit langj\u00e4hriger Expertise, tiefgehendem Verst\u00e4ndnis von Preistreibern und detaillierten quantitativen Analysen begegnen. Neben Eigenhandelsaktivit\u00e4ten bieten wir unseren Partnern flexible, auf deren Portfolio zugeschnittene Produktl\u00f6sungen. Ob Standard-Base- und Standard-Peak-Produkte oder komplexe Profile, zu indexierten oder fixen Preisen \u2013 wir machen Ihnen gern ein attraktives Angebot. Wir sind im Spot-, sowie im kurz- und mittelfristigen Terminmarkt aktiv.<\/p>\n\n\n\n<p>Profitieren Sie von unserer Expertise und sprechen Sie mit uns \u00fcber:<\/p>\n\n\n\n<ul class=\"wp-block-list\"><li>Standard &amp; Structured Trading<\/li><li><g class=\"gr_ gr_25 gr-alert gr_spell gr_inline_cards gr_run_anim ContextualSpelling ins-del multiReplace\" id=\"25\" data-gr-id=\"25\">Tranchen<\/g> und Indexierte Vertr\u00e4ge<\/li><li>Asset Portfolio Optimierung<\/li><\/ul>\n\n\n\n<p>Kontaktieren Sie uns: <a href=\"mailto:frontoffice@orlengas.com\">frontoffice@orlengas.com<\/a><\/p>\n","protected":false},"excerpt":{"rendered":"<p>Im Stromhandel fokussieren wir uns auf unsere Kernm\u00e4rkte in Deutschland und \u00d6sterreich. Regulatorische Neuerungen und Ver\u00e4nderungen der Witterungsverh\u00e4ltnisse stellen die Marktteilnehmer in Europa vor immer neue Herausforderungen, denen wir mit langj\u00e4hriger Expertise, tiefgehendem Verst\u00e4ndnis von Preistreibern und detaillierten quantitativen Analysen begegnen. Neben Eigenhandelsaktivit\u00e4ten bieten wir unseren Partnern flexible, auf deren Portfolio zugeschnittene Produktl\u00f6sungen. Ob Standard-Base- [&hellip;]<\/p>\n","protected":false},"author":1,"featured_media":0,"parent":419,"menu_order":0,"comment_status":"closed","ping_status":"closed","template":"","meta":{"_acf_changed":false,"footnotes":""},"categories":[],"class_list":["post-418","page","type-page","status-publish","hentry"],"acf":[],"yoast_head":"<!-- This site is optimized with the Yoast SEO plugin v27.3 - https:\/\/yoast.com\/product\/yoast-seo-wordpress\/ -->\n<title>Strom | ORLEN ENERGY TRADING GMBH<\/title>\n<meta name=\"robots\" content=\"index, follow, max-snippet:-1, max-image-preview:large, max-video-preview:-1\" \/>\n<link rel=\"canonical\" href=\"https:\/\/orlengas.com\/de\/geschaftsfelder\/handel\/strom\/\" \/>\n<meta property=\"og:locale\" content=\"de_DE\" \/>\n<meta property=\"og:type\" content=\"article\" \/>\n<meta property=\"og:title\" content=\"Strom | ORLEN ENERGY TRADING GMBH\" \/>\n<meta property=\"og:description\" content=\"Im Stromhandel fokussieren wir uns auf unsere Kernm\u00e4rkte in Deutschland und \u00d6sterreich. Regulatorische Neuerungen und Ver\u00e4nderungen der Witterungsverh\u00e4ltnisse stellen die Marktteilnehmer in Europa vor immer neue Herausforderungen, denen wir mit langj\u00e4hriger Expertise, tiefgehendem Verst\u00e4ndnis von Preistreibern und detaillierten quantitativen Analysen begegnen. Neben Eigenhandelsaktivit\u00e4ten bieten wir unseren Partnern flexible, auf deren Portfolio zugeschnittene Produktl\u00f6sungen. Ob Standard-Base- [&hellip;]\" \/>\n<meta property=\"og:url\" content=\"https:\/\/orlengas.com\/de\/geschaftsfelder\/handel\/strom\/\" \/>\n<meta property=\"og:site_name\" content=\"ORLEN ENERGY TRADING GMBH\" \/>\n<meta property=\"article:modified_time\" content=\"2026-02-13T04:14:31+00:00\" \/>\n<meta property=\"og:image\" content=\"https:\/\/orlengas.com\/wp-content\/uploads\/2019\/01\/about_us_de_claim.jpg\" \/>\n\t<meta property=\"og:image:width\" content=\"1200\" \/>\n\t<meta property=\"og:image:height\" content=\"1200\" \/>\n\t<meta property=\"og:image:type\" content=\"image\/jpeg\" \/>\n<meta name=\"twitter:card\" content=\"summary_large_image\" \/>\n<meta name=\"twitter:label1\" content=\"Gesch\u00e4tzte Lesezeit\" \/>\n\t<meta name=\"twitter:data1\" content=\"1\u00a0Minute\" \/>\n<script type=\"application\/ld+json\" class=\"yoast-schema-graph\">{\"@context\":\"https:\\\/\\\/schema.org\",\"@graph\":[{\"@type\":\"WebPage\",\"@id\":\"https:\\\/\\\/orlengas.com\\\/de\\\/geschaftsfelder\\\/handel\\\/strom\\\/\",\"url\":\"https:\\\/\\\/orlengas.com\\\/de\\\/geschaftsfelder\\\/handel\\\/strom\\\/\",\"name\":\"Strom | ORLEN ENERGY TRADING GMBH\",\"isPartOf\":{\"@id\":\"https:\\\/\\\/orlengas.com\\\/#website\"},\"datePublished\":\"2018-12-05T19:05:27+00:00\",\"dateModified\":\"2026-02-13T04:14:31+00:00\",\"breadcrumb\":{\"@id\":\"https:\\\/\\\/orlengas.com\\\/de\\\/geschaftsfelder\\\/handel\\\/strom\\\/#breadcrumb\"},\"inLanguage\":\"de\",\"potentialAction\":[{\"@type\":\"ReadAction\",\"target\":[\"https:\\\/\\\/orlengas.com\\\/de\\\/geschaftsfelder\\\/handel\\\/strom\\\/\"]}]},{\"@type\":\"BreadcrumbList\",\"@id\":\"https:\\\/\\\/orlengas.com\\\/de\\\/geschaftsfelder\\\/handel\\\/strom\\\/#breadcrumb\",\"itemListElement\":[{\"@type\":\"ListItem\",\"position\":1,\"name\":\"Home\",\"item\":\"https:\\\/\\\/orlengas.com\\\/de\\\/\"},{\"@type\":\"ListItem\",\"position\":2,\"name\":\"Gesch\u00e4ftsfelder\",\"item\":\"https:\\\/\\\/orlengas.com\\\/de\\\/geschaftsfelder\\\/\"},{\"@type\":\"ListItem\",\"position\":3,\"name\":\"Handel\",\"item\":\"https:\\\/\\\/orlengas.com\\\/de\\\/geschaftsfelder\\\/handel\\\/\"},{\"@type\":\"ListItem\",\"position\":4,\"name\":\"Strom\"}]},{\"@type\":\"WebSite\",\"@id\":\"https:\\\/\\\/orlengas.com\\\/#website\",\"url\":\"https:\\\/\\\/orlengas.com\\\/\",\"name\":\"ORLEN ENERGY TRADING GMBH\",\"description\":\"ORLEN ENERGY TRADING GMBH\",\"publisher\":{\"@id\":\"https:\\\/\\\/orlengas.com\\\/#organization\"},\"potentialAction\":[{\"@type\":\"SearchAction\",\"target\":{\"@type\":\"EntryPoint\",\"urlTemplate\":\"https:\\\/\\\/orlengas.com\\\/?s={search_term_string}\"},\"query-input\":{\"@type\":\"PropertyValueSpecification\",\"valueRequired\":true,\"valueName\":\"search_term_string\"}}],\"inLanguage\":\"de\"},{\"@type\":\"Organization\",\"@id\":\"https:\\\/\\\/orlengas.com\\\/#organization\",\"name\":\"PGNiG Supply & Trading GmbH\",\"url\":\"https:\\\/\\\/orlengas.com\\\/\",\"logo\":{\"@type\":\"ImageObject\",\"inLanguage\":\"de\",\"@id\":\"https:\\\/\\\/orlengas.com\\\/#\\\/schema\\\/logo\\\/image\\\/\",\"url\":\"https:\\\/\\\/pst-energie.com\\\/wp-content\\\/uploads\\\/2019\\\/01\\\/PGNIG-Supply-Trading-GmbH-Logo.jpg\",\"contentUrl\":\"https:\\\/\\\/pst-energie.com\\\/wp-content\\\/uploads\\\/2019\\\/01\\\/PGNIG-Supply-Trading-GmbH-Logo.jpg\",\"width\":1425,\"height\":678,\"caption\":\"PGNiG Supply & Trading GmbH\"},\"image\":{\"@id\":\"https:\\\/\\\/orlengas.com\\\/#\\\/schema\\\/logo\\\/image\\\/\"}}]}<\/script>\n<!-- \/ Yoast SEO plugin. -->","yoast_head_json":{"title":"Strom | ORLEN ENERGY TRADING GMBH","robots":{"index":"index","follow":"follow","max-snippet":"max-snippet:-1","max-image-preview":"max-image-preview:large","max-video-preview":"max-video-preview:-1"},"canonical":"https:\/\/orlengas.com\/de\/geschaftsfelder\/handel\/strom\/","og_locale":"de_DE","og_type":"article","og_title":"Strom | ORLEN ENERGY TRADING GMBH","og_description":"Im Stromhandel fokussieren wir uns auf unsere Kernm\u00e4rkte in Deutschland und \u00d6sterreich. Regulatorische Neuerungen und Ver\u00e4nderungen der Witterungsverh\u00e4ltnisse stellen die Marktteilnehmer in Europa vor immer neue Herausforderungen, denen wir mit langj\u00e4hriger Expertise, tiefgehendem Verst\u00e4ndnis von Preistreibern und detaillierten quantitativen Analysen begegnen. Neben Eigenhandelsaktivit\u00e4ten bieten wir unseren Partnern flexible, auf deren Portfolio zugeschnittene Produktl\u00f6sungen. Ob Standard-Base- [&hellip;]","og_url":"https:\/\/orlengas.com\/de\/geschaftsfelder\/handel\/strom\/","og_site_name":"ORLEN ENERGY TRADING GMBH","article_modified_time":"2026-02-13T04:14:31+00:00","og_image":[{"width":1200,"height":1200,"url":"https:\/\/orlengas.com\/wp-content\/uploads\/2019\/01\/about_us_de_claim.jpg","type":"image\/jpeg"}],"twitter_card":"summary_large_image","twitter_misc":{"Gesch\u00e4tzte Lesezeit":"1\u00a0Minute"},"schema":{"@context":"https:\/\/schema.org","@graph":[{"@type":"WebPage","@id":"https:\/\/orlengas.com\/de\/geschaftsfelder\/handel\/strom\/","url":"https:\/\/orlengas.com\/de\/geschaftsfelder\/handel\/strom\/","name":"Strom | ORLEN ENERGY TRADING GMBH","isPartOf":{"@id":"https:\/\/orlengas.com\/#website"},"datePublished":"2018-12-05T19:05:27+00:00","dateModified":"2026-02-13T04:14:31+00:00","breadcrumb":{"@id":"https:\/\/orlengas.com\/de\/geschaftsfelder\/handel\/strom\/#breadcrumb"},"inLanguage":"de","potentialAction":[{"@type":"ReadAction","target":["https:\/\/orlengas.com\/de\/geschaftsfelder\/handel\/strom\/"]}]},{"@type":"BreadcrumbList","@id":"https:\/\/orlengas.com\/de\/geschaftsfelder\/handel\/strom\/#breadcrumb","itemListElement":[{"@type":"ListItem","position":1,"name":"Home","item":"https:\/\/orlengas.com\/de\/"},{"@type":"ListItem","position":2,"name":"Gesch\u00e4ftsfelder","item":"https:\/\/orlengas.com\/de\/geschaftsfelder\/"},{"@type":"ListItem","position":3,"name":"Handel","item":"https:\/\/orlengas.com\/de\/geschaftsfelder\/handel\/"},{"@type":"ListItem","position":4,"name":"Strom"}]},{"@type":"WebSite","@id":"https:\/\/orlengas.com\/#website","url":"https:\/\/orlengas.com\/","name":"ORLEN ENERGY TRADING GMBH","description":"ORLEN ENERGY TRADING GMBH","publisher":{"@id":"https:\/\/orlengas.com\/#organization"},"potentialAction":[{"@type":"SearchAction","target":{"@type":"EntryPoint","urlTemplate":"https:\/\/orlengas.com\/?s={search_term_string}"},"query-input":{"@type":"PropertyValueSpecification","valueRequired":true,"valueName":"search_term_string"}}],"inLanguage":"de"},{"@type":"Organization","@id":"https:\/\/orlengas.com\/#organization","name":"PGNiG Supply & Trading GmbH","url":"https:\/\/orlengas.com\/","logo":{"@type":"ImageObject","inLanguage":"de","@id":"https:\/\/orlengas.com\/#\/schema\/logo\/image\/","url":"https:\/\/pst-energie.com\/wp-content\/uploads\/2019\/01\/PGNIG-Supply-Trading-GmbH-Logo.jpg","contentUrl":"https:\/\/pst-energie.com\/wp-content\/uploads\/2019\/01\/PGNIG-Supply-Trading-GmbH-Logo.jpg","width":1425,"height":678,"caption":"PGNiG Supply & Trading GmbH"},"image":{"@id":"https:\/\/orlengas.com\/#\/schema\/logo\/image\/"}}]}},"_links":{"self":[{"href":"https:\/\/orlengas.com\/de\/wp-json\/wp\/v2\/pages\/418","targetHints":{"allow":["GET"]}}],"collection":[{"href":"https:\/\/orlengas.com\/de\/wp-json\/wp\/v2\/pages"}],"about":[{"href":"https:\/\/orlengas.com\/de\/wp-json\/wp\/v2\/types\/page"}],"author":[{"embeddable":true,"href":"https:\/\/orlengas.com\/de\/wp-json\/wp\/v2\/users\/1"}],"replies":[{"embeddable":true,"href":"https:\/\/orlengas.com\/de\/wp-json\/wp\/v2\/comments?post=418"}],"version-history":[{"count":4,"href":"https:\/\/orlengas.com\/de\/wp-json\/wp\/v2\/pages\/418\/revisions"}],"predecessor-version":[{"id":3116,"href":"https:\/\/orlengas.com\/de\/wp-json\/wp\/v2\/pages\/418\/revisions\/3116"}],"up":[{"embeddable":true,"href":"https:\/\/orlengas.com\/de\/wp-json\/wp\/v2\/pages\/419"}],"wp:attachment":[{"href":"https:\/\/orlengas.com\/de\/wp-json\/wp\/v2\/media?parent=418"}],"wp:term":[{"taxonomy":"category","embeddable":true,"href":"https:\/\/orlengas.com\/de\/wp-json\/wp\/v2\/categories?post=418"}],"curies":[{"name":"wp","href":"https:\/\/api.w.org\/{rel}","templated":true}]}}