{"id":421,"date":"2018-12-05T20:05:57","date_gmt":"2018-12-05T19:05:57","guid":{"rendered":"https:\/\/launch.pst-energie.com\/geschaftsfelder\/handel\/industriekunden-stadtwerke\/"},"modified":"2025-03-15T01:09:58","modified_gmt":"2025-03-15T00:09:58","slug":"industriekunden-stadtwerke-2","status":"publish","type":"page","link":"https:\/\/orlengas.com\/de\/geschaftsfelder\/versorgung\/industriekunden-stadtwerke-2\/","title":{"rendered":"Stadtwerke und Industriekunden"},"content":{"rendered":"\n<p>Unsere Produkte f\u00fcr Industriekunden und Stadtwerke sind flexibel und transparent. Neben kurz- und mittelfristigen L\u00f6sungen bieten wir Ihnen auch langfristige Versorgungssicherheit. Mit unseren Experten finden wir die passende Beschaffungsstrategie f\u00fcr Ihr Unternehmen.<\/p>\n\n\n\n<p>Als <a href=\"https:\/\/pst-energie.com\/de\/ueber-uns\/\">unabh\u00e4ngiger Energielieferant<\/a> sind wir in der Lage, unseren Kunden ma\u00dfgeschneiderte L\u00f6sungen f\u00fcr ihr Energieportfolio zu bieten. Hierf\u00fcr nutzen wir die gro\u00dfe Palette physischer und finanzieller Produkte, die uns auf den internationalen Gas- und Stromm\u00e4rkten zur Verf\u00fcgung steht.<\/p>\n\n\n\n<p>Ihre Vorteile:<\/p>\n\n\n\n<p>Wir unterst\u00fctzen Sie in unserem hochqualifizierten Team<\/p>\n\n\n\n<ul class=\"wp-block-list\"><li>bei der Optimierung Ihrer Chancen und Risiken<\/li><li>im strukturierten Portfoliomanagement<\/li><\/ul>\n\n\n\n<p>Vollversorgung(VV) vs. Marktzugang<br><br><br><\/p>\n\n\n\n<figure class=\"wp-block-image is-resized\"><img decoding=\"async\" src=\"https:\/\/pst-energie.com\/wp-content\/uploads\/2025\/03\/graph3_OST.png\" alt=\"\" class=\"wp-image-1127\" width=\"640\"\/><\/figure>\n\n\n\n<p>Abh\u00e4ngig von Ihrer Risikofreude und Ressourcenverf\u00fcgbarkeit unterst\u00fctzen unsere Experten Sie dabei, die optimale Beschaffungsstrategie zu finden.  Lesen Sie einfach weiter und verschaffen Sie sich so einen ersten Eindruck. Gern k\u00f6nnen Sie uns direkt f\u00fcr ein pers\u00f6nliches Gespr\u00e4ch kontaktieren.<\/p>\n\n\n\n<p><a href=\"mailto:frontoffice@pst-energie.com\">frontoffice@pst-energie.com<\/a><\/p>\n\n\n\n<h2 class=\"wp-block-heading\">I. Vollversorgung \u2013 Faires Produkt,  niedriger Aufwand, geringe Risiken: Wir k\u00fcmmern uns um die Energie und Sie konzentrieren sich auf Ihr Kerngesch\u00e4ft<\/h2>\n\n\n\n<figure class=\"wp-block-image is-resized\"><img decoding=\"async\" src=\"https:\/\/pst-energie.com\/wp-content\/uploads\/2025\/03\/graph4_OST.png\" alt=\"\" class=\"wp-image-1129\" width=\"640\"\/><\/figure>\n\n\n\n<p>In einer Vollversorgung liefern wir das gesamte ben\u00f6tigte Volumen \u2013 zu einem fairen und transparenten Preis. Dabei tragen wir das Bilanzierungs- und Preisrisiko. Die Volumen werden in unserem Bilanzkreis abgewickelt, so dass auf Ihrer Seite kein zus\u00e4tzlicher Arbeitsaufwand entsteht. Sie k\u00f6nnen dadurch Ihre ganze Energie in das Wachstum ihres Unternehmens investieren.<\/p>\n\n\n\n<h2 class=\"wp-block-heading\">II. Vollversorgung mit Tranchen \u2013 Entscheiden Sie selbst \u00fcber Risiken und Chancen<\/h2>\n\n\n\n<figure class=\"wp-block-image is-resized\"><img decoding=\"async\" src=\"https:\/\/pst-energie.com\/wp-content\/uploads\/2025\/03\/graph5_OST.png\" alt=\"\" class=\"wp-image-1131\" width=\"640\"\/><\/figure>\n\n\n\n<p>Im Rahmen eines Tranchen-Modells decken Sie weiterhin Ihren vollst\u00e4ndigen Energiebedarf bei PST, \u00fcbernehmen dabei jedoch die Kontrolle \u00fcber Preisrisiken und Chancen. Jede Fixierung einer Teilmenge (Tranche) des Gesamtvolumens wird von Ihnen bestimmt (Tranchenfixierung). Bei jeder Tranchenfixierung wird der Preis f\u00fcr diese Teilmenge bestimmt und Sie k\u00f6nnen sich so gegen strukturelle Risiken wie beispielsweise eine \u00c4nderungen des Winter-Sommer-Spreads absichern. Es wird eine transparente Preisformel angewandt, so dass Sie Ihre Risiken steuern und Ihre Chancen aktiv nutzen k\u00f6nnen. Zum Zeitpunkt der ersten Lieferung ist der Vertragspreis f\u00fcr das Gesamtvolumen fixiert und sie haben einen klaren \u00dcberblick \u00fcber Ihre Energiekosten.<\/p>\n\n\n\n<h2 class=\"wp-block-heading\">III. Vollversorgung mit Marktzugang \u2013 Optimierung ohne Bilanzierungs-Risiko<\/h2>\n\n\n\n<figure class=\"wp-block-image is-resized\"><img decoding=\"async\" src=\"https:\/\/pst-energie.com\/wp-content\/uploads\/2025\/03\/graph6_OST.png\" alt=\"\" class=\"wp-image-1133\" width=\"640\"\/><\/figure>\n\n\n\n<p>Wenn Sie tiefer in die Optimierung Ihres Portfolios einsteigen wollen, k\u00f6nnen Sie uns als Ihren Marktzugang nutzen. Sie k\u00f6nnen so einen Gro\u00dfteil Ihres Energiebedarf \u00fcber Standardprodukte zu Settlement-Preisen oder zu den jeweils g\u00fcltigen Marktquotierungen von Brokern beschaffen. Die Energielieferungen werden weiterhin \u00fcber unseren Bilanzkreis abgewickelt, wodurch Sie vom Bilanzierungs-Risiko und dem damit verbundenen administrativen Aufwand befreit bleiben. Diese L\u00f6sung eignet sich gew\u00f6hnlich f\u00fcr Unternehmen mit einem hohen Energieverbrauch oder f\u00fcr Industriekunden bei denen Energiekosten einen substantiellen Anteil an den Produktionskosten haben.<\/p>\n\n\n\n<h2 class=\"wp-block-heading\">IV. Marktzugang <\/h2>\n\n\n\n<p>Verf\u00fcgen Sie \u00fcber eigene Strukturen f\u00fcr Portfoliomanagement und Beschaffung, ist PST Ihr verl\u00e4sslicher Marktpartner.  Ob Standard Base- und Peak-Produkte oder komplexe Profile, zu indexierten oder Fest-Preisen \u2013 kontaktieren Sie uns und wir finden gemeinsam die beste L\u00f6sung f\u00fcr Ihren Bedarf.<\/p>\n\n\n\n<h2 class=\"wp-block-heading\">V. L\u00f6sungen nach Ma\u00df<\/h2>\n\n\n\n<p>Wenn Ihr Portfolio spezifische Risiken beinhaltet \u2013 beispielsweise anf\u00e4llig f\u00fcr Wetterschwankungen ist  \u2013  und Sie hierf\u00fcr eine individuelle L\u00f6sung ben\u00f6tigen, sind wir f\u00fcr Sie da. Z\u00f6gern Sie nicht, unsere Experten zu kontaktieren, um potenzielle L\u00f6sungen auszuloten und ein auf Sie zugeschnittenes Konzept zum Energieeinkauf zu entwickeln.<\/p>\n","protected":false},"excerpt":{"rendered":"<p>Unsere Produkte f\u00fcr Industriekunden und Stadtwerke sind flexibel und transparent. Neben kurz- und mittelfristigen L\u00f6sungen bieten wir Ihnen auch langfristige Versorgungssicherheit. Mit unseren Experten finden wir die passende Beschaffungsstrategie f\u00fcr Ihr Unternehmen. Als unabh\u00e4ngiger Energielieferant sind wir in der Lage, unseren Kunden ma\u00dfgeschneiderte L\u00f6sungen f\u00fcr ihr Energieportfolio zu bieten. Hierf\u00fcr nutzen wir die gro\u00dfe Palette [&hellip;]<\/p>\n","protected":false},"author":1,"featured_media":0,"parent":412,"menu_order":0,"comment_status":"closed","ping_status":"closed","template":"","meta":{"_acf_changed":false,"footnotes":""},"categories":[],"class_list":["post-421","page","type-page","status-publish","hentry"],"acf":[],"yoast_head":"<!-- This site is optimized with the Yoast SEO plugin v27.3 - https:\/\/yoast.com\/product\/yoast-seo-wordpress\/ -->\n<title>Stadtwerke und Industriekunden | ORLEN ENERGY TRADING GMBH<\/title>\n<meta name=\"description\" content=\"PST Ist Ihr verl\u00e4sslicher Partner. Ob Portfolio-Services, Marktzugang mit strukturierten oder Standard-Produkten - Wir finden die optimale L\u00f6sung f\u00fcr Sie.\" \/>\n<meta name=\"robots\" content=\"index, follow, max-snippet:-1, max-image-preview:large, max-video-preview:-1\" \/>\n<link rel=\"canonical\" href=\"https:\/\/orlengas.com\/de\/geschaftsfelder\/versorgung\/industriekunden-stadtwerke-2\/\" \/>\n<meta property=\"og:locale\" content=\"de_DE\" \/>\n<meta property=\"og:type\" content=\"article\" \/>\n<meta property=\"og:title\" content=\"Stadtwerke und Industriekunden | ORLEN ENERGY TRADING GMBH\" \/>\n<meta property=\"og:description\" content=\"PST Ist Ihr verl\u00e4sslicher Partner. Ob Portfolio-Services, Marktzugang mit strukturierten oder Standard-Produkten - Wir finden die optimale L\u00f6sung f\u00fcr Sie.\" \/>\n<meta property=\"og:url\" content=\"https:\/\/orlengas.com\/de\/geschaftsfelder\/versorgung\/industriekunden-stadtwerke-2\/\" \/>\n<meta property=\"og:site_name\" content=\"ORLEN ENERGY TRADING GMBH\" \/>\n<meta property=\"article:modified_time\" content=\"2025-03-15T00:09:58+00:00\" \/>\n<meta property=\"og:image\" content=\"https:\/\/pst-energie.com\/wp-content\/uploads\/2025\/03\/graph3_OST.png\" \/>\n<meta name=\"twitter:card\" content=\"summary_large_image\" \/>\n<meta name=\"twitter:label1\" content=\"Gesch\u00e4tzte Lesezeit\" \/>\n\t<meta name=\"twitter:data1\" content=\"3\u00a0Minuten\" \/>\n<script type=\"application\/ld+json\" class=\"yoast-schema-graph\">{\"@context\":\"https:\\\/\\\/schema.org\",\"@graph\":[{\"@type\":\"WebPage\",\"@id\":\"https:\\\/\\\/orlengas.com\\\/de\\\/geschaftsfelder\\\/versorgung\\\/industriekunden-stadtwerke-2\\\/\",\"url\":\"https:\\\/\\\/orlengas.com\\\/de\\\/geschaftsfelder\\\/versorgung\\\/industriekunden-stadtwerke-2\\\/\",\"name\":\"Stadtwerke und Industriekunden | ORLEN ENERGY TRADING GMBH\",\"isPartOf\":{\"@id\":\"https:\\\/\\\/orlengas.com\\\/#website\"},\"primaryImageOfPage\":{\"@id\":\"https:\\\/\\\/orlengas.com\\\/de\\\/geschaftsfelder\\\/versorgung\\\/industriekunden-stadtwerke-2\\\/#primaryimage\"},\"image\":{\"@id\":\"https:\\\/\\\/orlengas.com\\\/de\\\/geschaftsfelder\\\/versorgung\\\/industriekunden-stadtwerke-2\\\/#primaryimage\"},\"thumbnailUrl\":\"https:\\\/\\\/pst-energie.com\\\/wp-content\\\/uploads\\\/2025\\\/03\\\/graph3_OST.png\",\"datePublished\":\"2018-12-05T19:05:57+00:00\",\"dateModified\":\"2025-03-15T00:09:58+00:00\",\"description\":\"PST Ist Ihr verl\u00e4sslicher Partner. Ob Portfolio-Services, Marktzugang mit strukturierten oder Standard-Produkten - Wir finden die optimale L\u00f6sung f\u00fcr Sie.\",\"breadcrumb\":{\"@id\":\"https:\\\/\\\/orlengas.com\\\/de\\\/geschaftsfelder\\\/versorgung\\\/industriekunden-stadtwerke-2\\\/#breadcrumb\"},\"inLanguage\":\"de\",\"potentialAction\":[{\"@type\":\"ReadAction\",\"target\":[\"https:\\\/\\\/orlengas.com\\\/de\\\/geschaftsfelder\\\/versorgung\\\/industriekunden-stadtwerke-2\\\/\"]}]},{\"@type\":\"ImageObject\",\"inLanguage\":\"de\",\"@id\":\"https:\\\/\\\/orlengas.com\\\/de\\\/geschaftsfelder\\\/versorgung\\\/industriekunden-stadtwerke-2\\\/#primaryimage\",\"url\":\"https:\\\/\\\/pst-energie.com\\\/wp-content\\\/uploads\\\/2025\\\/03\\\/graph3_OST.png\",\"contentUrl\":\"https:\\\/\\\/pst-energie.com\\\/wp-content\\\/uploads\\\/2025\\\/03\\\/graph3_OST.png\"},{\"@type\":\"BreadcrumbList\",\"@id\":\"https:\\\/\\\/orlengas.com\\\/de\\\/geschaftsfelder\\\/versorgung\\\/industriekunden-stadtwerke-2\\\/#breadcrumb\",\"itemListElement\":[{\"@type\":\"ListItem\",\"position\":1,\"name\":\"Home\",\"item\":\"https:\\\/\\\/orlengas.com\\\/de\\\/\"},{\"@type\":\"ListItem\",\"position\":2,\"name\":\"Gesch\u00e4ftsfelder\",\"item\":\"https:\\\/\\\/orlengas.com\\\/de\\\/geschaftsfelder\\\/\"},{\"@type\":\"ListItem\",\"position\":3,\"name\":\"Versorgung\",\"item\":\"https:\\\/\\\/orlengas.com\\\/de\\\/geschaftsfelder\\\/versorgung\\\/\"},{\"@type\":\"ListItem\",\"position\":4,\"name\":\"Stadtwerke und Industriekunden\"}]},{\"@type\":\"WebSite\",\"@id\":\"https:\\\/\\\/orlengas.com\\\/#website\",\"url\":\"https:\\\/\\\/orlengas.com\\\/\",\"name\":\"ORLEN ENERGY TRADING GMBH\",\"description\":\"ORLEN ENERGY TRADING GMBH\",\"publisher\":{\"@id\":\"https:\\\/\\\/orlengas.com\\\/#organization\"},\"potentialAction\":[{\"@type\":\"SearchAction\",\"target\":{\"@type\":\"EntryPoint\",\"urlTemplate\":\"https:\\\/\\\/orlengas.com\\\/?s={search_term_string}\"},\"query-input\":{\"@type\":\"PropertyValueSpecification\",\"valueRequired\":true,\"valueName\":\"search_term_string\"}}],\"inLanguage\":\"de\"},{\"@type\":\"Organization\",\"@id\":\"https:\\\/\\\/orlengas.com\\\/#organization\",\"name\":\"PGNiG Supply & Trading GmbH\",\"url\":\"https:\\\/\\\/orlengas.com\\\/\",\"logo\":{\"@type\":\"ImageObject\",\"inLanguage\":\"de\",\"@id\":\"https:\\\/\\\/orlengas.com\\\/#\\\/schema\\\/logo\\\/image\\\/\",\"url\":\"https:\\\/\\\/pst-energie.com\\\/wp-content\\\/uploads\\\/2019\\\/01\\\/PGNIG-Supply-Trading-GmbH-Logo.jpg\",\"contentUrl\":\"https:\\\/\\\/pst-energie.com\\\/wp-content\\\/uploads\\\/2019\\\/01\\\/PGNIG-Supply-Trading-GmbH-Logo.jpg\",\"width\":1425,\"height\":678,\"caption\":\"PGNiG Supply & Trading GmbH\"},\"image\":{\"@id\":\"https:\\\/\\\/orlengas.com\\\/#\\\/schema\\\/logo\\\/image\\\/\"}}]}<\/script>\n<!-- \/ Yoast SEO plugin. -->","yoast_head_json":{"title":"Stadtwerke und Industriekunden | ORLEN ENERGY TRADING GMBH","description":"PST Ist Ihr verl\u00e4sslicher Partner. Ob Portfolio-Services, Marktzugang mit strukturierten oder Standard-Produkten - Wir finden die optimale L\u00f6sung f\u00fcr Sie.","robots":{"index":"index","follow":"follow","max-snippet":"max-snippet:-1","max-image-preview":"max-image-preview:large","max-video-preview":"max-video-preview:-1"},"canonical":"https:\/\/orlengas.com\/de\/geschaftsfelder\/versorgung\/industriekunden-stadtwerke-2\/","og_locale":"de_DE","og_type":"article","og_title":"Stadtwerke und Industriekunden | ORLEN ENERGY TRADING GMBH","og_description":"PST Ist Ihr verl\u00e4sslicher Partner. Ob Portfolio-Services, Marktzugang mit strukturierten oder Standard-Produkten - Wir finden die optimale L\u00f6sung f\u00fcr Sie.","og_url":"https:\/\/orlengas.com\/de\/geschaftsfelder\/versorgung\/industriekunden-stadtwerke-2\/","og_site_name":"ORLEN ENERGY TRADING GMBH","article_modified_time":"2025-03-15T00:09:58+00:00","og_image":[{"url":"https:\/\/pst-energie.com\/wp-content\/uploads\/2025\/03\/graph3_OST.png","type":"","width":"","height":""}],"twitter_card":"summary_large_image","twitter_misc":{"Gesch\u00e4tzte Lesezeit":"3\u00a0Minuten"},"schema":{"@context":"https:\/\/schema.org","@graph":[{"@type":"WebPage","@id":"https:\/\/orlengas.com\/de\/geschaftsfelder\/versorgung\/industriekunden-stadtwerke-2\/","url":"https:\/\/orlengas.com\/de\/geschaftsfelder\/versorgung\/industriekunden-stadtwerke-2\/","name":"Stadtwerke und Industriekunden | ORLEN ENERGY TRADING GMBH","isPartOf":{"@id":"https:\/\/orlengas.com\/#website"},"primaryImageOfPage":{"@id":"https:\/\/orlengas.com\/de\/geschaftsfelder\/versorgung\/industriekunden-stadtwerke-2\/#primaryimage"},"image":{"@id":"https:\/\/orlengas.com\/de\/geschaftsfelder\/versorgung\/industriekunden-stadtwerke-2\/#primaryimage"},"thumbnailUrl":"https:\/\/pst-energie.com\/wp-content\/uploads\/2025\/03\/graph3_OST.png","datePublished":"2018-12-05T19:05:57+00:00","dateModified":"2025-03-15T00:09:58+00:00","description":"PST Ist Ihr verl\u00e4sslicher Partner. Ob Portfolio-Services, Marktzugang mit strukturierten oder Standard-Produkten - Wir finden die optimale L\u00f6sung f\u00fcr Sie.","breadcrumb":{"@id":"https:\/\/orlengas.com\/de\/geschaftsfelder\/versorgung\/industriekunden-stadtwerke-2\/#breadcrumb"},"inLanguage":"de","potentialAction":[{"@type":"ReadAction","target":["https:\/\/orlengas.com\/de\/geschaftsfelder\/versorgung\/industriekunden-stadtwerke-2\/"]}]},{"@type":"ImageObject","inLanguage":"de","@id":"https:\/\/orlengas.com\/de\/geschaftsfelder\/versorgung\/industriekunden-stadtwerke-2\/#primaryimage","url":"https:\/\/pst-energie.com\/wp-content\/uploads\/2025\/03\/graph3_OST.png","contentUrl":"https:\/\/pst-energie.com\/wp-content\/uploads\/2025\/03\/graph3_OST.png"},{"@type":"BreadcrumbList","@id":"https:\/\/orlengas.com\/de\/geschaftsfelder\/versorgung\/industriekunden-stadtwerke-2\/#breadcrumb","itemListElement":[{"@type":"ListItem","position":1,"name":"Home","item":"https:\/\/orlengas.com\/de\/"},{"@type":"ListItem","position":2,"name":"Gesch\u00e4ftsfelder","item":"https:\/\/orlengas.com\/de\/geschaftsfelder\/"},{"@type":"ListItem","position":3,"name":"Versorgung","item":"https:\/\/orlengas.com\/de\/geschaftsfelder\/versorgung\/"},{"@type":"ListItem","position":4,"name":"Stadtwerke und Industriekunden"}]},{"@type":"WebSite","@id":"https:\/\/orlengas.com\/#website","url":"https:\/\/orlengas.com\/","name":"ORLEN ENERGY TRADING GMBH","description":"ORLEN ENERGY TRADING GMBH","publisher":{"@id":"https:\/\/orlengas.com\/#organization"},"potentialAction":[{"@type":"SearchAction","target":{"@type":"EntryPoint","urlTemplate":"https:\/\/orlengas.com\/?s={search_term_string}"},"query-input":{"@type":"PropertyValueSpecification","valueRequired":true,"valueName":"search_term_string"}}],"inLanguage":"de"},{"@type":"Organization","@id":"https:\/\/orlengas.com\/#organization","name":"PGNiG Supply & Trading GmbH","url":"https:\/\/orlengas.com\/","logo":{"@type":"ImageObject","inLanguage":"de","@id":"https:\/\/orlengas.com\/#\/schema\/logo\/image\/","url":"https:\/\/pst-energie.com\/wp-content\/uploads\/2019\/01\/PGNIG-Supply-Trading-GmbH-Logo.jpg","contentUrl":"https:\/\/pst-energie.com\/wp-content\/uploads\/2019\/01\/PGNIG-Supply-Trading-GmbH-Logo.jpg","width":1425,"height":678,"caption":"PGNiG Supply & Trading GmbH"},"image":{"@id":"https:\/\/orlengas.com\/#\/schema\/logo\/image\/"}}]}},"_links":{"self":[{"href":"https:\/\/orlengas.com\/de\/wp-json\/wp\/v2\/pages\/421","targetHints":{"allow":["GET"]}}],"collection":[{"href":"https:\/\/orlengas.com\/de\/wp-json\/wp\/v2\/pages"}],"about":[{"href":"https:\/\/orlengas.com\/de\/wp-json\/wp\/v2\/types\/page"}],"author":[{"embeddable":true,"href":"https:\/\/orlengas.com\/de\/wp-json\/wp\/v2\/users\/1"}],"replies":[{"embeddable":true,"href":"https:\/\/orlengas.com\/de\/wp-json\/wp\/v2\/comments?post=421"}],"version-history":[{"count":7,"href":"https:\/\/orlengas.com\/de\/wp-json\/wp\/v2\/pages\/421\/revisions"}],"predecessor-version":[{"id":2897,"href":"https:\/\/orlengas.com\/de\/wp-json\/wp\/v2\/pages\/421\/revisions\/2897"}],"up":[{"embeddable":true,"href":"https:\/\/orlengas.com\/de\/wp-json\/wp\/v2\/pages\/412"}],"wp:attachment":[{"href":"https:\/\/orlengas.com\/de\/wp-json\/wp\/v2\/media?parent=421"}],"wp:term":[{"taxonomy":"category","embeddable":true,"href":"https:\/\/orlengas.com\/de\/wp-json\/wp\/v2\/categories?post=421"}],"curies":[{"name":"wp","href":"https:\/\/api.w.org\/{rel}","templated":true}]}}