{"id":847,"date":"2019-01-02T23:02:01","date_gmt":"2019-01-02T22:02:01","guid":{"rendered":"https:\/\/launch.pst-energie.com\/impressum\/"},"modified":"2026-01-19T09:43:27","modified_gmt":"2026-01-19T08:43:27","slug":"impressum","status":"publish","type":"page","link":"https:\/\/orlengas.com\/de\/impressum\/","title":{"rendered":"Impressum"},"content":{"rendered":"\n<h2 class=\"wp-block-heading\"><strong>ORLEN Energy Trading GmbH<\/strong><\/h2>\n\n\n\n<p>Erika-Mann-Str.23<br>80636 M\u00fcnchen<br>Tel.: +49 (0) 89 159259-0<br>E-Mail:&nbsp;<a href=\"mailto:info@pst-energie.com\">info@pst-energie.com<\/a><\/p>\n\n\n\n<h2 class=\"wp-block-heading\"><strong>Gesch\u00e4ftsf\u00fchrer:<\/strong><\/h2>\n\n\n\n<p>Pawe\u0142 Pe\u0142ka<\/p>\n\n\n\n<p>Grzegorz Bujnowski<\/p>\n\n\n\n<p>Amtsgericht M\u00fcnchen: HRB 190424<br>Umsatzsteueridentifikationsnummer: DE275882757<\/p>\n\n\n\n<h2 class=\"wp-block-heading\"><strong>Rechtliche Hinweise:<\/strong>&nbsp;<\/h2>\n\n\n\n<p>Alle Informationen in unseren Internetseiten werden sorgf\u00e4ltig recherchiert und gepr\u00fcft. Dennoch k\u00f6nnen wir keine rechtliche Garantie f\u00fcr die Richtigkeit geben. Wir \u00fcbernehmen keinerlei Gew\u00e4hr f\u00fcr die Aktualit\u00e4t, Korrektheit, Vollst\u00e4ndigkeit oder Qualit\u00e4t der bereitgestellten Informationen. Bei externen Links \u00fcbernehmen wir keine Verantwortung f\u00fcr die Richtigkeit der Angaben auf diesen Seiten. Haftungsanspr\u00fcche gegen die PGNiG Sales &amp; Trading GmbH, die sich auf Sch\u00e4den materieller oder ideeller Art beziehen, welche durch die Nutzung oder Nichtnutzung der dargebotenen Informationen bzw. durch die Nutzung fehlerhafter und unvollst\u00e4ndiger Informationen verursacht wurden, sind ausgeschlossen.<\/p>\n\n\n\n<p>Da wir keinerlei Einfluss auf die Gestaltung und die Inhalte der verlinkten Seiten haben, distanzieren wir uns hiermit ausdr\u00fccklich von den Inhalten aller verlinkten Seiten. Links auf eigene Internetseiten der PGNiG Sales &amp; Trading GmbH, sind davon ausgenommen.<\/p>\n\n\n\n<p>Alle Texte, Bilder, graphische Animationen und anderes Material auf diesen Seiten sind urheberrechtlich gesch\u00fctzt von PGNiG Sales &amp; Trading GmbH. Alle Inhalte sind nur zur pers\u00f6nlichen Information bestimmt. Jede weitergehende kommerzielle Verwendung, insbesondere die Speicherung in Datenbanken, Ver\u00f6ffentlichung, Vervielf\u00e4ltigung und jede Form von gewerblicher Nutzung sowie die Weitergabe an Dritte &#8211; auch in Teilen oder in \u00fcberarbeiteter Form &#8211; ist ohne die Zustimmung der Rechteinhaber untersagt.<\/p>\n\n\n\n<p>Ausgenommen hiervon sind die Seiten des Bereichs Presse- und \u00d6ffentlichkeitsarbeit. Das hier angebotene Text- und Bildmaterial steht zur redaktionellen Verwendung im Rahmen der gesetzlichen Bestimmung zur freien Verf\u00fcgung.<\/p>\n\n\n\n<h2 class=\"wp-block-heading\"><strong>Gew\u00e4hrungsausschluss bei Preisangaben:<\/strong><\/h2>\n\n\n\n<p>Die Angaben stellen eine unverbindliche Information dar, bei Vertragsabschluss gelten ausschlie\u00dflich die schriftlich vorgelegten Preisinformationen.<\/p>\n\n\n\n<h2 class=\"wp-block-heading\"><strong>Datenschutz:<\/strong><\/h2>\n\n\n\n<p>Bei jeglichen Fragen zum Thema Datenschutz stehen wir Ihnen gerne zur Verf\u00fcgung:<\/p>\n\n\n\n<p>PROLIANCE GmbH<\/p>\n\n\n\n<p><a href=\"http:\/\/www.datenschutzexperte.de\">www.datenschutzexperte.de<\/a><\/p>\n\n\n\n<p>Leopoldstr. 21<\/p>\n\n\n\n<p>80802 M\u00fcnchen<\/p>\n\n\n\n<p><a href=\"datenschutzbeauftragter@datenschutzexperte.de\">datenschutzbeauftragter@datenschutzexperte.de<\/a><\/p>\n\n\n\n<h2 class=\"wp-block-heading\">Bildquellen:<\/h2>\n\n\n\n<ul class=\"wp-block-list\">\n<li> ultrakreativ &#8211; Fotolia.com<\/li>\n\n\n\n<li> Eigenes Bildarchiv<\/li>\n\n\n\n<li> everythingpossible \u2013 istockphoto.com<\/li>\n\n\n\n<li> 1715d1db_3 &#8211; istockphoto.com<\/li>\n\n\n\n<li> Nikada &#8211; istockphoto.com<\/li>\n\n\n\n<li> alexsl &#8211; istockphoto.com<\/li>\n<\/ul>\n","protected":false},"excerpt":{"rendered":"<p>ORLEN Energy Trading GmbH Erika-Mann-Str.2380636 M\u00fcnchenTel.: +49 (0) 89 159259-0E-Mail:&nbsp;info@pst-energie.com Gesch\u00e4ftsf\u00fchrer: Pawe\u0142 Pe\u0142ka Grzegorz Bujnowski Amtsgericht M\u00fcnchen: HRB 190424Umsatzsteueridentifikationsnummer: DE275882757 Rechtliche Hinweise:&nbsp; Alle Informationen in unseren Internetseiten werden sorgf\u00e4ltig recherchiert und gepr\u00fcft. Dennoch k\u00f6nnen wir keine rechtliche Garantie f\u00fcr die Richtigkeit geben. Wir \u00fcbernehmen keinerlei Gew\u00e4hr f\u00fcr die Aktualit\u00e4t, Korrektheit, Vollst\u00e4ndigkeit oder Qualit\u00e4t der bereitgestellten [&hellip;]<\/p>\n","protected":false},"author":1,"featured_media":0,"parent":0,"menu_order":0,"comment_status":"closed","ping_status":"closed","template":"","meta":{"_acf_changed":false,"footnotes":""},"categories":[],"class_list":["post-847","page","type-page","status-publish","hentry"],"acf":[],"yoast_head":"<!-- This site is optimized with the Yoast SEO plugin v27.3 - https:\/\/yoast.com\/product\/yoast-seo-wordpress\/ -->\n<title>Impressum | ORLEN ENERGY TRADING GMBH | PST<\/title>\n<meta name=\"robots\" content=\"index, follow, max-snippet:-1, max-image-preview:large, max-video-preview:-1\" \/>\n<link rel=\"canonical\" href=\"https:\/\/orlengas.com\/de\/impressum\/\" \/>\n<meta property=\"og:locale\" content=\"de_DE\" \/>\n<meta property=\"og:type\" content=\"article\" \/>\n<meta property=\"og:title\" content=\"Impressum | ORLEN ENERGY TRADING GMBH | PST\" \/>\n<meta property=\"og:description\" content=\"ORLEN Energy Trading GmbH Erika-Mann-Str.2380636 M\u00fcnchenTel.: +49 (0) 89 159259-0E-Mail:&nbsp;info@pst-energie.com Gesch\u00e4ftsf\u00fchrer: Pawe\u0142 Pe\u0142ka Grzegorz Bujnowski Amtsgericht M\u00fcnchen: HRB 190424Umsatzsteueridentifikationsnummer: DE275882757 Rechtliche Hinweise:&nbsp; Alle Informationen in unseren Internetseiten werden sorgf\u00e4ltig recherchiert und gepr\u00fcft. Dennoch k\u00f6nnen wir keine rechtliche Garantie f\u00fcr die Richtigkeit geben. Wir \u00fcbernehmen keinerlei Gew\u00e4hr f\u00fcr die Aktualit\u00e4t, Korrektheit, Vollst\u00e4ndigkeit oder Qualit\u00e4t der bereitgestellten [&hellip;]\" \/>\n<meta property=\"og:url\" content=\"https:\/\/orlengas.com\/de\/impressum\/\" \/>\n<meta property=\"og:site_name\" content=\"ORLEN ENERGY TRADING GMBH\" \/>\n<meta property=\"article:modified_time\" content=\"2026-01-19T08:43:27+00:00\" \/>\n<meta property=\"og:image\" content=\"https:\/\/orlengas.com\/wp-content\/uploads\/2019\/01\/about_us_de_claim.jpg\" \/>\n\t<meta property=\"og:image:width\" content=\"1200\" \/>\n\t<meta property=\"og:image:height\" content=\"1200\" \/>\n\t<meta property=\"og:image:type\" content=\"image\/jpeg\" \/>\n<meta name=\"twitter:card\" content=\"summary_large_image\" \/>\n<meta name=\"twitter:label1\" content=\"Gesch\u00e4tzte Lesezeit\" \/>\n\t<meta name=\"twitter:data1\" content=\"2\u00a0Minuten\" \/>\n<script type=\"application\/ld+json\" class=\"yoast-schema-graph\">{\"@context\":\"https:\\\/\\\/schema.org\",\"@graph\":[{\"@type\":\"WebPage\",\"@id\":\"https:\\\/\\\/orlengas.com\\\/de\\\/impressum\\\/\",\"url\":\"https:\\\/\\\/orlengas.com\\\/de\\\/impressum\\\/\",\"name\":\"Impressum | ORLEN ENERGY TRADING GMBH | PST\",\"isPartOf\":{\"@id\":\"https:\\\/\\\/orlengas.com\\\/#website\"},\"datePublished\":\"2019-01-02T22:02:01+00:00\",\"dateModified\":\"2026-01-19T08:43:27+00:00\",\"breadcrumb\":{\"@id\":\"https:\\\/\\\/orlengas.com\\\/de\\\/impressum\\\/#breadcrumb\"},\"inLanguage\":\"de\",\"potentialAction\":[{\"@type\":\"ReadAction\",\"target\":[\"https:\\\/\\\/orlengas.com\\\/de\\\/impressum\\\/\"]}]},{\"@type\":\"BreadcrumbList\",\"@id\":\"https:\\\/\\\/orlengas.com\\\/de\\\/impressum\\\/#breadcrumb\",\"itemListElement\":[{\"@type\":\"ListItem\",\"position\":1,\"name\":\"Home\",\"item\":\"https:\\\/\\\/orlengas.com\\\/de\\\/\"},{\"@type\":\"ListItem\",\"position\":2,\"name\":\"Impressum\"}]},{\"@type\":\"WebSite\",\"@id\":\"https:\\\/\\\/orlengas.com\\\/#website\",\"url\":\"https:\\\/\\\/orlengas.com\\\/\",\"name\":\"ORLEN ENERGY TRADING GMBH\",\"description\":\"ORLEN ENERGY TRADING GMBH\",\"publisher\":{\"@id\":\"https:\\\/\\\/orlengas.com\\\/#organization\"},\"potentialAction\":[{\"@type\":\"SearchAction\",\"target\":{\"@type\":\"EntryPoint\",\"urlTemplate\":\"https:\\\/\\\/orlengas.com\\\/?s={search_term_string}\"},\"query-input\":{\"@type\":\"PropertyValueSpecification\",\"valueRequired\":true,\"valueName\":\"search_term_string\"}}],\"inLanguage\":\"de\"},{\"@type\":\"Organization\",\"@id\":\"https:\\\/\\\/orlengas.com\\\/#organization\",\"name\":\"PGNiG Supply & Trading GmbH\",\"url\":\"https:\\\/\\\/orlengas.com\\\/\",\"logo\":{\"@type\":\"ImageObject\",\"inLanguage\":\"de\",\"@id\":\"https:\\\/\\\/orlengas.com\\\/#\\\/schema\\\/logo\\\/image\\\/\",\"url\":\"https:\\\/\\\/pst-energie.com\\\/wp-content\\\/uploads\\\/2019\\\/01\\\/PGNIG-Supply-Trading-GmbH-Logo.jpg\",\"contentUrl\":\"https:\\\/\\\/pst-energie.com\\\/wp-content\\\/uploads\\\/2019\\\/01\\\/PGNIG-Supply-Trading-GmbH-Logo.jpg\",\"width\":1425,\"height\":678,\"caption\":\"PGNiG Supply & Trading GmbH\"},\"image\":{\"@id\":\"https:\\\/\\\/orlengas.com\\\/#\\\/schema\\\/logo\\\/image\\\/\"}}]}<\/script>\n<!-- \/ Yoast SEO plugin. -->","yoast_head_json":{"title":"Impressum | ORLEN ENERGY TRADING GMBH | PST","robots":{"index":"index","follow":"follow","max-snippet":"max-snippet:-1","max-image-preview":"max-image-preview:large","max-video-preview":"max-video-preview:-1"},"canonical":"https:\/\/orlengas.com\/de\/impressum\/","og_locale":"de_DE","og_type":"article","og_title":"Impressum | ORLEN ENERGY TRADING GMBH | PST","og_description":"ORLEN Energy Trading GmbH Erika-Mann-Str.2380636 M\u00fcnchenTel.: +49 (0) 89 159259-0E-Mail:&nbsp;info@pst-energie.com Gesch\u00e4ftsf\u00fchrer: Pawe\u0142 Pe\u0142ka Grzegorz Bujnowski Amtsgericht M\u00fcnchen: HRB 190424Umsatzsteueridentifikationsnummer: DE275882757 Rechtliche Hinweise:&nbsp; Alle Informationen in unseren Internetseiten werden sorgf\u00e4ltig recherchiert und gepr\u00fcft. Dennoch k\u00f6nnen wir keine rechtliche Garantie f\u00fcr die Richtigkeit geben. Wir \u00fcbernehmen keinerlei Gew\u00e4hr f\u00fcr die Aktualit\u00e4t, Korrektheit, Vollst\u00e4ndigkeit oder Qualit\u00e4t der bereitgestellten [&hellip;]","og_url":"https:\/\/orlengas.com\/de\/impressum\/","og_site_name":"ORLEN ENERGY TRADING GMBH","article_modified_time":"2026-01-19T08:43:27+00:00","og_image":[{"width":1200,"height":1200,"url":"https:\/\/orlengas.com\/wp-content\/uploads\/2019\/01\/about_us_de_claim.jpg","type":"image\/jpeg"}],"twitter_card":"summary_large_image","twitter_misc":{"Gesch\u00e4tzte Lesezeit":"2\u00a0Minuten"},"schema":{"@context":"https:\/\/schema.org","@graph":[{"@type":"WebPage","@id":"https:\/\/orlengas.com\/de\/impressum\/","url":"https:\/\/orlengas.com\/de\/impressum\/","name":"Impressum | ORLEN ENERGY TRADING GMBH | PST","isPartOf":{"@id":"https:\/\/orlengas.com\/#website"},"datePublished":"2019-01-02T22:02:01+00:00","dateModified":"2026-01-19T08:43:27+00:00","breadcrumb":{"@id":"https:\/\/orlengas.com\/de\/impressum\/#breadcrumb"},"inLanguage":"de","potentialAction":[{"@type":"ReadAction","target":["https:\/\/orlengas.com\/de\/impressum\/"]}]},{"@type":"BreadcrumbList","@id":"https:\/\/orlengas.com\/de\/impressum\/#breadcrumb","itemListElement":[{"@type":"ListItem","position":1,"name":"Home","item":"https:\/\/orlengas.com\/de\/"},{"@type":"ListItem","position":2,"name":"Impressum"}]},{"@type":"WebSite","@id":"https:\/\/orlengas.com\/#website","url":"https:\/\/orlengas.com\/","name":"ORLEN ENERGY TRADING GMBH","description":"ORLEN ENERGY TRADING GMBH","publisher":{"@id":"https:\/\/orlengas.com\/#organization"},"potentialAction":[{"@type":"SearchAction","target":{"@type":"EntryPoint","urlTemplate":"https:\/\/orlengas.com\/?s={search_term_string}"},"query-input":{"@type":"PropertyValueSpecification","valueRequired":true,"valueName":"search_term_string"}}],"inLanguage":"de"},{"@type":"Organization","@id":"https:\/\/orlengas.com\/#organization","name":"PGNiG Supply & Trading GmbH","url":"https:\/\/orlengas.com\/","logo":{"@type":"ImageObject","inLanguage":"de","@id":"https:\/\/orlengas.com\/#\/schema\/logo\/image\/","url":"https:\/\/pst-energie.com\/wp-content\/uploads\/2019\/01\/PGNIG-Supply-Trading-GmbH-Logo.jpg","contentUrl":"https:\/\/pst-energie.com\/wp-content\/uploads\/2019\/01\/PGNIG-Supply-Trading-GmbH-Logo.jpg","width":1425,"height":678,"caption":"PGNiG Supply & Trading GmbH"},"image":{"@id":"https:\/\/orlengas.com\/#\/schema\/logo\/image\/"}}]}},"_links":{"self":[{"href":"https:\/\/orlengas.com\/de\/wp-json\/wp\/v2\/pages\/847","targetHints":{"allow":["GET"]}}],"collection":[{"href":"https:\/\/orlengas.com\/de\/wp-json\/wp\/v2\/pages"}],"about":[{"href":"https:\/\/orlengas.com\/de\/wp-json\/wp\/v2\/types\/page"}],"author":[{"embeddable":true,"href":"https:\/\/orlengas.com\/de\/wp-json\/wp\/v2\/users\/1"}],"replies":[{"embeddable":true,"href":"https:\/\/orlengas.com\/de\/wp-json\/wp\/v2\/comments?post=847"}],"version-history":[{"count":11,"href":"https:\/\/orlengas.com\/de\/wp-json\/wp\/v2\/pages\/847\/revisions"}],"predecessor-version":[{"id":3084,"href":"https:\/\/orlengas.com\/de\/wp-json\/wp\/v2\/pages\/847\/revisions\/3084"}],"wp:attachment":[{"href":"https:\/\/orlengas.com\/de\/wp-json\/wp\/v2\/media?parent=847"}],"wp:term":[{"taxonomy":"category","embeddable":true,"href":"https:\/\/orlengas.com\/de\/wp-json\/wp\/v2\/categories?post=847"}],"curies":[{"name":"wp","href":"https:\/\/api.w.org\/{rel}","templated":true}]}}